{"id":607,"date":"2025-12-28T10:13:44","date_gmt":"2025-12-28T09:13:44","guid":{"rendered":"https:\/\/ozzidesign.eu\/datenschutzerklaerung\/"},"modified":"2026-03-14T13:15:07","modified_gmt":"2026-03-14T12:15:07","slug":"datenschutzerklaerung","status":"publish","type":"page","link":"https:\/\/ozzidesign.eu\/de\/datenschutzerklaerung\/","title":{"rendered":"Datenschutzerkl\u00e4rung"},"content":{"rendered":"\t\t<div data-elementor-type=\"wp-page\" data-elementor-id=\"607\" class=\"elementor elementor-607 elementor-3\" data-elementor-post-type=\"page\">\n\t\t\t\t<div class=\"elementor-element elementor-element-3b8aa65 e-flex e-con-boxed e-con e-parent\" data-id=\"3b8aa65\" data-element_type=\"container\">\n\t\t\t\t\t<div class=\"e-con-inner\">\n\t\t\t\t<div class=\"elementor-element elementor-element-b2f3b83 elementor-widget elementor-widget-heading\" data-id=\"b2f3b83\" data-element_type=\"widget\" data-settings=\"{&quot;_animation&quot;:&quot;none&quot;}\" data-widget_type=\"heading.default\">\n\t\t\t\t\t<h1 class=\"elementor-heading-title elementor-size-default\">Datenschutzerkl\u00e4rung<\/h1>\t\t\t\t<\/div>\n\t\t\t\t\t<\/div>\n\t\t\t\t<\/div>\n\t\t<div class=\"elementor-element elementor-element-2372df7 policy e-flex e-con-boxed e-con e-parent\" data-id=\"2372df7\" data-element_type=\"container\">\n\t\t\t\t\t<div class=\"e-con-inner\">\n\t\t\t\t<div class=\"elementor-element elementor-element-4407b10 elementor-widget elementor-widget-text-editor\" data-id=\"4407b10\" data-element_type=\"widget\" data-widget_type=\"text-editor.default\">\n\t\t\t\t\t\t\t\t\t<p>Shop-Adresse: https:\/\/ozzidesign.eu<\/p>\t\t\t\t\t\t\t\t<\/div>\n\t\t\t\t<div class=\"elementor-element elementor-element-9d4850c elementor-widget elementor-widget-heading\" data-id=\"9d4850c\" data-element_type=\"widget\" data-widget_type=\"heading.default\">\n\t\t\t\t\t<h2 class=\"elementor-heading-title elementor-size-default\">Verantwortlicher:<\/h2>\t\t\t\t<\/div>\n\t\t\t\t<div class=\"elementor-element elementor-element-7b0161f elementor-widget elementor-widget-text-editor\" data-id=\"7b0161f\" data-element_type=\"widget\" data-widget_type=\"text-editor.default\">\n\t\t\t\t\t\t\t\t\t<p>OZZI DESIGNE Dominik Ozga,<br>ul. \u015awi\u0119toja\u0144ska 101, 35-304 Rzesz\u00f3w, Polen,<br>USt-IdNr.: PL8133870856,<br>E-Mail: shop@ozzidesign.eu,<br>Tel.:<br> +48 667 634 678 (PL)<br> +48 721 506 234 (EN) <\/p>\t\t\t\t\t\t\t\t<\/div>\n\t\t\t\t<div class=\"elementor-element elementor-element-771e3d3 elementor-widget elementor-widget-heading\" data-id=\"771e3d3\" data-element_type=\"widget\" data-widget_type=\"heading.default\">\n\t\t\t\t\t<h2 class=\"elementor-heading-title elementor-size-default\">1) Umfang des Dokuments und Zusammenh\u00e4nge<\/h2>\t\t\t\t<\/div>\n\t\t\t\t<div class=\"elementor-element elementor-element-efbafbd elementor-widget elementor-widget-text-editor\" data-id=\"efbafbd\" data-element_type=\"widget\" data-widget_type=\"text-editor.default\">\n\t\t\t\t\t\t\t\t\t<p><span style=\"font-weight: 400;\">Dieses Dokument beschreibt die Verarbeitung personenbezogener Daten im Shop sowie in Kontaktkan\u00e4len (Formulare, E-Mail, Telefon, Newsletter, Kundenkonto). Die Cookie-Regeln werden in einer separaten Cookie-Richtlinie beschrieben. <\/span><\/p>\t\t\t\t\t\t\t\t<\/div>\n\t\t\t\t<div class=\"elementor-element elementor-element-aa59a65 elementor-widget elementor-widget-heading\" data-id=\"aa59a65\" data-element_type=\"widget\" data-widget_type=\"heading.default\">\n\t\t\t\t\t<h2 class=\"elementor-heading-title elementor-size-default\">2) Kategorien der Daten<\/h2>\t\t\t\t<\/div>\n\t\t\t\t<div class=\"elementor-element elementor-element-06d66da elementor-widget elementor-widget-text-editor\" data-id=\"06d66da\" data-element_type=\"widget\" data-widget_type=\"text-editor.default\">\n\t\t\t\t\t\t\t\t\t<ol type=\"a\">\n \t<li><span style=\"font-weight: 400;\">Identifikationsdaten;<\/span><\/li>\n \t<li><span style=\"font-weight: 400;\"> Kontaktdaten; Bestelldaten;<\/span><\/li>\n \t<li><span style=\"font-weight: 400;\"> Kontodaten; Marketingdaten (mit Einwilligung); <\/span><\/li>\n \t<li><span style=\"font-weight: 400;\">technische Daten (Logs, Ger\u00e4tekennungen \u2013 Details in der Cookie-Richtlinie).<\/span><\/li>\n<\/ol>\t\t\t\t\t\t\t\t<\/div>\n\t\t\t\t<div class=\"elementor-element elementor-element-41b4ca4 elementor-widget elementor-widget-heading\" data-id=\"41b4ca4\" data-element_type=\"widget\" data-widget_type=\"heading.default\">\n\t\t\t\t\t<h2 class=\"elementor-heading-title elementor-size-default\">3) Zwecke und Rechtsgrundlagen<\/h2>\t\t\t\t<\/div>\n\t\t\t\t<div class=\"elementor-element elementor-element-0a04b76 elementor-widget elementor-widget-text-editor\" data-id=\"0a04b76\" data-element_type=\"widget\" data-widget_type=\"text-editor.default\">\n\t\t\t\t\t\t\t\t\t<ol type=\"a\">\n \t<li style=\"font-weight: 400;\" aria-level=\"1\"><span style=\"font-weight: 400;\">Bestellabwicklung und Vertragserf\u00fcllung \u2013 Art. 6 Abs. 1 lit. b DSGVO.  <\/span><\/li>\n \t<li style=\"font-weight: 400;\" aria-level=\"1\"><span style=\"font-weight: 400;\">Verwaltung des Kundenkontos \u2013 Art. 6 Abs. 1 lit. b DSGVO.  <\/span><\/li>\n \t<li style=\"font-weight: 400;\" aria-level=\"1\"><span style=\"font-weight: 400;\">Kontakt und Bearbeitung von Anfragen \u2013 Art. 6 Abs. 1 lit. b\/f DSGVO.  <\/span><\/li>\n \t<li style=\"font-weight: 400;\" aria-level=\"1\"><span style=\"font-weight: 400;\">Newsletter\/Marketing \u2013 Art. 6 Abs. 1 lit. a DSGVO (Einwilligung) und\/oder Art. 6 Abs. 1 lit. f DSGVO (berechtigtes Interesse) unter Beachtung der Vorschriften zur elektronischen Kommunikation.    <\/span><\/li>\n \t<li style=\"font-weight: 400;\" aria-level=\"1\"><span style=\"font-weight: 400;\">Analyse und Statistik \u2013 Art. 6 Abs. 1 lit. f DSGVO (Analyse-\/Marketingtools, die erst nach Zustimmung im Cookie-Banner aktiviert werden).  <\/span><\/li>\n \t<li style=\"font-weight: 400;\" aria-level=\"1\"><span style=\"font-weight: 400;\">Geltendmachung von Anspr\u00fcchen und Archivierung \u2013 Art. 6 Abs. 1 lit. f DSGVO.  <\/span><\/li>\n \t<li style=\"font-weight: 400;\" aria-level=\"1\"><span style=\"font-weight: 400;\">Gesetzliche Verpflichtungen (Buchhaltung, Steuern) \u2013 Art. 6 Abs. 1 lit. c DSGVO.  <\/span><\/li>\n<\/ol>\t\t\t\t\t\t\t\t<\/div>\n\t\t\t\t<div class=\"elementor-element elementor-element-64f2cec elementor-widget elementor-widget-heading\" data-id=\"64f2cec\" data-element_type=\"widget\" data-widget_type=\"heading.default\">\n\t\t\t\t\t<h2 class=\"elementor-heading-title elementor-size-default\">4) Empf\u00e4nger der Daten<\/h2>\t\t\t\t<\/div>\n\t\t\t\t<div class=\"elementor-element elementor-element-cacfd52 elementor-widget elementor-widget-text-editor\" data-id=\"cacfd52\" data-element_type=\"widget\" data-widget_type=\"text-editor.default\">\n\t\t\t\t\t\t\t\t\t<ol type=\"a\">\n \t<li style=\"font-weight: 400;\" aria-level=\"1\"><span style=\"font-weight: 400;\">Zahlungsanbieter und Banken; <\/span><\/li>\n \t<li style=\"font-weight: 400;\" aria-level=\"1\"><span style=\"font-weight: 400;\">Kurier-\/Transportunternehmen; IT-\/Hosting-Anbieter und Anbieter von Mailing-Tools;<\/span><\/li>\n \t<li style=\"font-weight: 400;\" aria-level=\"1\"><span style=\"font-weight: 400;\">Buchhaltungsb\u00fcro; <\/span><\/li>\n \t<li style=\"font-weight: 400;\" aria-level=\"1\"><span style=\"font-weight: 400;\">Anbieter von Analyse-\/Marketing-Tools (nach Zustimmung im Cookie-Banner); Servicepartner.<\/span><\/li>\n<\/ol>\t\t\t\t\t\t\t\t<\/div>\n\t\t\t\t<div class=\"elementor-element elementor-element-681dd55 elementor-widget elementor-widget-heading\" data-id=\"681dd55\" data-element_type=\"widget\" data-widget_type=\"heading.default\">\n\t\t\t\t\t<h2 class=\"elementor-heading-title elementor-size-default\">5) \u00dcbermittlung von Daten au\u00dferhalb des EWR (internationale \u00dcbermittlungen)<\/h2>\t\t\t\t<\/div>\n\t\t\t\t<div class=\"elementor-element elementor-element-56e258d elementor-widget elementor-widget-text-editor\" data-id=\"56e258d\" data-element_type=\"widget\" data-widget_type=\"text-editor.default\">\n\t\t\t\t\t\t\t\t\t<span style=\"font-weight: 400;\">Wir k\u00f6nnen Ihre personenbezogenen Daten in Drittstaaten (au\u00dferhalb des Europ\u00e4ischen Wirtschaftsraums) \u00fcbermitteln, wenn dies zur Erbringung unserer Dienstleistungen erforderlich ist (z. B. Cloud-Anbieter, Mailing-Systeme, Analytik). In solchen F\u00e4llen wenden wir geeignete Schutzma\u00dfnahmen gem\u00e4\u00df DSGVO an, insbesondere: <\/span>\n<ol type=\"a\">\n \t<li style=\"font-weight: 400;\" aria-level=\"1\"><span style=\"font-weight: 400;\">Angemessenheitsbeschl\u00fcsse der Europ\u00e4ischen Kommission (Art. 45 DSGVO), sofern sie f\u00fcr das jeweilige Land\/den Empf\u00e4nger gelten;<\/span><\/li>\n \t<li style=\"font-weight: 400;\" aria-level=\"1\"><span style=\"font-weight: 400;\"> Standardvertragsklauseln der Europ\u00e4ischen Kommission (Art. 46 DSGVO) sowie \u2013 falls erforderlich \u2013 zus\u00e4tzliche technische und organisatorische Ma\u00dfnahmen;<\/span><\/li>\n \t<li style=\"font-weight: 400;\" aria-level=\"1\"><span style=\"font-weight: 400;\"> usnahmsweise \u2013 wenn die Sicherheiten nach Art. 46 nicht angewendet werden k\u00f6nnen \u2013 eine der Ausnahmen nach Art. 49 DSGVO (z. B. Erforderlichkeit zur Vertragserf\u00fcllung oder Ihre ausdr\u00fcckliche Einwilligung, \u00fcber die Sie vor der \u00dcbermittlung informiert werden).  <\/span><\/li>\n<\/ol>\n<span style=\"font-weight: 400;\">Beispielhafte Kategorien von Empf\u00e4ngern au\u00dferhalb des EWR (k\u00f6nnen sich \u00e4ndern):<\/span>\n<ol type=\"a\">\n \t<li style=\"font-weight: 400;\" aria-level=\"1\"><span style=\"font-weight: 400;\">Anbieter von Cloud-\/Hosting-L\u00f6sungen und CDN;<\/span><\/li>\n \t<li style=\"font-weight: 400;\" aria-level=\"1\"><span style=\"font-weight: 400;\">Anbieter von E-Mail- und Newsletter-Tools;<\/span><\/li>\n \t<li style=\"font-weight: 400;\" aria-level=\"1\"><span style=\"font-weight: 400;\">Anbieter von Analyse-\/Marketing-Tools (werden erst nach Ihrer Zustimmung im Cookie-Banner aktiviert).<\/span><\/li>\n<\/ol>\n<span style=\"font-weight: 400;\">Sie k\u00f6nnen jederzeit eine Kopie der angewendeten Schutzma\u00dfnahmen (z. B. Standardvertragsklauseln) erhalten \u2013 schreiben Sie uns an shop@ozzidesign.eu. Informationen \u00fcber konkrete Empf\u00e4nger sind auf Anfrage oder in unserer Cookie-Richtlinie verf\u00fcgbar (wenn es um Online-Tools geht). <\/span>\t\t\t\t\t\t\t\t<\/div>\n\t\t\t\t<div class=\"elementor-element elementor-element-afd7edc elementor-widget elementor-widget-heading\" data-id=\"afd7edc\" data-element_type=\"widget\" data-widget_type=\"heading.default\">\n\t\t\t\t\t<h2 class=\"elementor-heading-title elementor-size-default\">6) Speicherdauer<\/h2>\t\t\t\t<\/div>\n\t\t\t\t<div class=\"elementor-element elementor-element-4d6a29f elementor-widget elementor-widget-text-editor\" data-id=\"4d6a29f\" data-element_type=\"widget\" data-widget_type=\"text-editor.default\">\n\t\t\t\t\t\t\t\t\t<ol type=\"a\">\n \t<li style=\"font-weight: 400;\" aria-level=\"1\"><span style=\"font-weight: 400;\">Transaktionsdaten \u2013 f\u00fcr die Dauer des Vertrags sowie f\u00fcr die Verj\u00e4hrungsfrist von Anspr\u00fcchen und den gesetzlich vorgeschriebenen Zeitraum nach steuer- und buchhalterischen Vorschriften;<\/span><\/li>\n \t<li style=\"font-weight: 400;\" aria-level=\"1\"><span style=\"font-weight: 400;\">Kundenkonto \u2013 bis zur L\u00f6schung des Kontos;<\/span><\/li>\n \t<li style=\"font-weight: 400;\" aria-level=\"1\"><span style=\"font-weight: 400;\">Newsletter\/Marketing \u2013 bis zum Widerruf der Einwilligung\/des Widerspruchs;<\/span><\/li>\n \t<li style=\"font-weight: 400;\" aria-level=\"1\"><span style=\"font-weight: 400;\">Korrespondenz \u2013 bis zur Beendigung der Angelegenheit und f\u00fcr den erforderlichen Archivierungszeitraum;<\/span><\/li>\n \t<li style=\"font-weight: 400;\" aria-level=\"1\"><span style=\"font-weight: 400;\">Cookies \u2013 gem\u00e4\u00df den in der Cookie-Richtlinie angegebenen Zeitr\u00e4umen.<\/span><\/li>\n<\/ol>\t\t\t\t\t\t\t\t<\/div>\n\t\t\t\t<div class=\"elementor-element elementor-element-57402e8 elementor-widget elementor-widget-heading\" data-id=\"57402e8\" data-element_type=\"widget\" data-widget_type=\"heading.default\">\n\t\t\t\t\t<h2 class=\"elementor-heading-title elementor-size-default\">7) Rechte der betroffenen Personen<\/h2>\t\t\t\t<\/div>\n\t\t\t\t<div class=\"elementor-element elementor-element-5c930a9 elementor-widget elementor-widget-text-editor\" data-id=\"5c930a9\" data-element_type=\"widget\" data-widget_type=\"text-editor.default\">\n\t\t\t\t\t\t\t\t\t<ol type=\"a\">\n \t<li style=\"font-weight: 400;\" aria-level=\"1\"><span style=\"font-weight: 400;\">Recht auf Auskunft \u00fcber die Daten;<\/span><\/li>\n \t<li style=\"font-weight: 400;\" aria-level=\"1\"><span style=\"font-weight: 400;\">Recht auf Berichtigung der Daten; <\/span><\/li>\n \t<li style=\"font-weight: 400;\" aria-level=\"1\"><span style=\"font-weight: 400;\">Recht auf L\u00f6schung der Daten;<\/span><\/li>\n \t<li style=\"font-weight: 400;\" aria-level=\"1\"><span style=\"font-weight: 400;\">Recht auf Einschr\u00e4nkung der Verarbeitung;<\/span><\/li>\n \t<li style=\"font-weight: 400;\" aria-level=\"1\"><span style=\"font-weight: 400;\">Recht auf Daten\u00fcbertragbarkeit;<\/span><\/li>\n \t<li style=\"font-weight: 400;\" aria-level=\"1\"><span style=\"font-weight: 400;\">Recht auf Widerspruch (einschlie\u00dflich gegen Marketing), <\/span><\/li>\n \t<li style=\"font-weight: 400;\" aria-level=\"1\"><span style=\"font-weight: 400;\">Recht auf jederzeitigen Widerruf der Einwilligung;<\/span><\/li>\n \t<li style=\"font-weight: 400;\" aria-level=\"1\"><span style=\"font-weight: 400;\">Recht auf Beschwerde bei der zust\u00e4ndigen Datenschutzaufsichtsbeh\u00f6rde.<\/span><\/li>\n<\/ol>\n<b>Wie k\u00f6nnen Sie Ihre Rechte aus\u00fcben?<\/b><span style=\"font-weight: 400;\"> <\/span>\n\n<span style=\"font-weight: 400;\">Kontaktieren Sie uns unter shop@ozzidesign.eu oder per Post an die Adresse des Verantwortlichen. Wir antworten ohne unn\u00f6tige Verz\u00f6gerung \u2013 sp\u00e4testens innerhalb von 1 Monat (mit der M\u00f6glichkeit einer Verl\u00e4ngerung bei komplexen F\u00e4llen). <\/span>\t\t\t\t\t\t\t\t<\/div>\n\t\t\t\t<div class=\"elementor-element elementor-element-05675b0 elementor-widget elementor-widget-heading\" data-id=\"05675b0\" data-element_type=\"widget\" data-widget_type=\"heading.default\">\n\t\t\t\t\t<h2 class=\"elementor-heading-title elementor-size-default\">8) Pflicht zur Bereitstellung von Daten<\/h2>\t\t\t\t<\/div>\n\t\t\t\t<div class=\"elementor-element elementor-element-a0278fb elementor-widget elementor-widget-text-editor\" data-id=\"a0278fb\" data-element_type=\"widget\" data-widget_type=\"text-editor.default\">\n\t\t\t\t\t\t\t\t\t<p><span style=\"font-weight: 400;\">Die Angabe der Daten ist freiwillig, aber f\u00fcr den Abschluss und die Durchf\u00fchrung des Vertrags erforderlich. Daten f\u00fcr Marketing-\/Newsletterzwecke sind freiwillig und Sie k\u00f6nnen Ihre Einwilligung jederzeit widerrufen. <\/span><\/p>\t\t\t\t\t\t\t\t<\/div>\n\t\t\t\t<div class=\"elementor-element elementor-element-b269b33 elementor-widget elementor-widget-heading\" data-id=\"b269b33\" data-element_type=\"widget\" data-widget_type=\"heading.default\">\n\t\t\t\t\t<h2 class=\"elementor-heading-title elementor-size-default\">9) Automatisierte Entscheidungen und Profiling<\/h2>\t\t\t\t<\/div>\n\t\t\t\t<div class=\"elementor-element elementor-element-81194be elementor-widget elementor-widget-text-editor\" data-id=\"81194be\" data-element_type=\"widget\" data-widget_type=\"text-editor.default\">\n\t\t\t\t\t\t\t\t\t<p><span style=\"font-weight: 400;\">Wir treffen keine Entscheidungen mit rechtlicher Wirkung ausschlie\u00dflich auf Grundlage automatisierter Verarbeitung. Marketing-Profiling kann nur mit Ihrer Einwilligung erfolgen \u2013 mit der M\u00f6glichkeit, diese zu widerrufen. <\/span><\/p>\t\t\t\t\t\t\t\t<\/div>\n\t\t\t\t<div class=\"elementor-element elementor-element-f75eec6 elementor-widget elementor-widget-heading\" data-id=\"f75eec6\" data-element_type=\"widget\" data-widget_type=\"heading.default\">\n\t\t\t\t\t<h2 class=\"elementor-heading-title elementor-size-default\">10) Kommerzielle Informationen<\/h2>\t\t\t\t<\/div>\n\t\t\t\t<div class=\"elementor-element elementor-element-f54c467 elementor-widget elementor-widget-text-editor\" data-id=\"f54c467\" data-element_type=\"widget\" data-widget_type=\"text-editor.default\">\n\t\t\t\t\t\t\t\t\t<p><span style=\"font-weight: 400;\">Der Versand von Newslettern und Marketingnachrichten erfordert Ihre Einwilligung und wir bieten eine einfache M\u00f6glichkeit zur Abmeldung (Link in der Fu\u00dfzeile oder STOP f\u00fcr SMS).<\/span><\/p>\t\t\t\t\t\t\t\t<\/div>\n\t\t\t\t<div class=\"elementor-element elementor-element-8f81505 elementor-widget elementor-widget-heading\" data-id=\"8f81505\" data-element_type=\"widget\" data-widget_type=\"heading.default\">\n\t\t\t\t\t<h2 class=\"elementor-heading-title elementor-size-default\">11) \u00c4nderungen der Richtlinie<\/h2>\t\t\t\t<\/div>\n\t\t\t\t<div class=\"elementor-element elementor-element-a32cef0 elementor-widget elementor-widget-text-editor\" data-id=\"a32cef0\" data-element_type=\"widget\" data-widget_type=\"text-editor.default\">\n\t\t\t\t\t\t\t\t\t<p><span style=\"font-weight: 400;\">Wir k\u00f6nnen diese Richtlinie aktualisieren, insbesondere aufgrund von \u00c4nderungen der Rechtsvorschriften, Tools und Prozesse. \u00c4nderungen werden auf der Website bekannt gegeben. <\/span><\/p>\t\t\t\t\t\t\t\t<\/div>\n\t\t\t\t\t<\/div>\n\t\t\t\t<\/div>\n\t\t\t\t<\/div>\n\t\t","protected":false},"excerpt":{"rendered":"<p>Datenschutzerkl\u00e4rung Shop-Adresse: https:\/\/ozzidesign.eu Verantwortlicher: OZZI DESIGNE Dominik Ozga,ul. \u015awi\u0119toja\u0144ska 101, 35-304 Rzesz\u00f3w, Polen,USt-IdNr.: PL8133870856,E-Mail: shop@ozzidesign.eu,Tel.: +48 667 634 678 (PL) +48 721 506 234 (EN) 1) Umfang des Dokuments und Zusammenh\u00e4nge Dieses Dokument beschreibt die Verarbeitung personenbezogener Daten im Shop sowie in Kontaktkan\u00e4len (Formulare, E-Mail, Telefon, Newsletter, Kundenkonto). Die Cookie-Regeln werden in einer separaten Cookie-Richtlinie [&hellip;]<\/p>\n","protected":false},"author":1,"featured_media":0,"parent":0,"menu_order":0,"comment_status":"closed","ping_status":"open","template":"","meta":{"_acf_changed":false,"footnotes":""},"class_list":["post-607","page","type-page","status-publish","hentry"],"acf":[],"yoast_head":"<!-- This site is optimized with the Yoast SEO plugin v27.5 - https:\/\/yoast.com\/product\/yoast-seo-wordpress\/ -->\n<title>Datenschutzerkl\u00e4rung | Ozzi Design<\/title>\n<meta name=\"robots\" content=\"noindex, nofollow\" \/>\n<meta property=\"og:locale\" content=\"de_DE\" \/>\n<meta property=\"og:type\" content=\"article\" \/>\n<meta property=\"og:title\" content=\"Datenschutzerkl\u00e4rung | Ozzi Design\" \/>\n<meta property=\"og:description\" content=\"Datenschutzerkl\u00e4rung Shop-Adresse: https:\/\/ozzidesign.eu Verantwortlicher: OZZI DESIGNE Dominik Ozga,ul. \u015awi\u0119toja\u0144ska 101, 35-304 Rzesz\u00f3w, Polen,USt-IdNr.: PL8133870856,E-Mail: shop@ozzidesign.eu,Tel.: +48 667 634 678 (PL) +48 721 506 234 (EN) 1) Umfang des Dokuments und Zusammenh\u00e4nge Dieses Dokument beschreibt die Verarbeitung personenbezogener Daten im Shop sowie in Kontaktkan\u00e4len (Formulare, E-Mail, Telefon, Newsletter, Kundenkonto). Die Cookie-Regeln werden in einer separaten Cookie-Richtlinie [&hellip;]\" \/>\n<meta property=\"og:url\" content=\"https:\/\/ozzidesign.eu\/de\/datenschutzerklaerung\/\" \/>\n<meta property=\"og:site_name\" content=\"Ozzi Design\" \/>\n<meta property=\"article:publisher\" content=\"https:\/\/www.facebook.com\/OzziDesignn\/\" \/>\n<meta property=\"article:modified_time\" content=\"2026-03-14T12:15:07+00:00\" \/>\n<meta property=\"og:image\" content=\"https:\/\/ozzidesign.eu\/wp-content\/uploads\/2026\/01\/O-nas.jpeg\" \/>\n\t<meta property=\"og:image:width\" content=\"1536\" \/>\n\t<meta property=\"og:image:height\" content=\"1024\" \/>\n\t<meta property=\"og:image:type\" content=\"image\/jpeg\" \/>\n<meta name=\"twitter:card\" content=\"summary_large_image\" \/>\n<meta name=\"twitter:label1\" content=\"Gesch\u00e4tzte Lesezeit\" \/>\n\t<meta name=\"twitter:data1\" content=\"3\u00a0Minuten\" \/>\n<script type=\"application\/ld+json\" class=\"yoast-schema-graph\">{\"@context\":\"https:\\\/\\\/schema.org\",\"@graph\":[{\"@type\":\"WebPage\",\"@id\":\"https:\\\/\\\/ozzidesign.eu\\\/de\\\/datenschutzerklaerung\\\/\",\"url\":\"https:\\\/\\\/ozzidesign.eu\\\/de\\\/datenschutzerklaerung\\\/\",\"name\":\"Datenschutzerkl\u00e4rung | Ozzi Design\",\"isPartOf\":{\"@id\":\"https:\\\/\\\/ozzidesign.eu\\\/de\\\/#website\"},\"datePublished\":\"2025-12-28T09:13:44+00:00\",\"dateModified\":\"2026-03-14T12:15:07+00:00\",\"breadcrumb\":{\"@id\":\"https:\\\/\\\/ozzidesign.eu\\\/de\\\/datenschutzerklaerung\\\/#breadcrumb\"},\"inLanguage\":\"de\",\"potentialAction\":[{\"@type\":\"ReadAction\",\"target\":[\"https:\\\/\\\/ozzidesign.eu\\\/de\\\/datenschutzerklaerung\\\/\"]}]},{\"@type\":\"BreadcrumbList\",\"@id\":\"https:\\\/\\\/ozzidesign.eu\\\/de\\\/datenschutzerklaerung\\\/#breadcrumb\",\"itemListElement\":[{\"@type\":\"ListItem\",\"position\":1,\"name\":\"Strona g\u0142\u00f3wna\",\"item\":\"https:\\\/\\\/ozzidesign.eu\\\/de\\\/startseite\\\/\"},{\"@type\":\"ListItem\",\"position\":2,\"name\":\"Datenschutzerkl\u00e4rung\"}]},{\"@type\":\"WebSite\",\"@id\":\"https:\\\/\\\/ozzidesign.eu\\\/de\\\/#website\",\"url\":\"https:\\\/\\\/ozzidesign.eu\\\/de\\\/\",\"name\":\"Ozzi Design\",\"description\":\"Hersteller von Polsterm\u00f6beln\",\"publisher\":{\"@id\":\"https:\\\/\\\/ozzidesign.eu\\\/de\\\/#organization\"},\"alternateName\":\"Ozzi Design\",\"potentialAction\":[{\"@type\":\"SearchAction\",\"target\":{\"@type\":\"EntryPoint\",\"urlTemplate\":\"https:\\\/\\\/ozzidesign.eu\\\/de\\\/?s={search_term_string}\"},\"query-input\":{\"@type\":\"PropertyValueSpecification\",\"valueRequired\":true,\"valueName\":\"search_term_string\"}}],\"inLanguage\":\"de\"},{\"@type\":\"Organization\",\"@id\":\"https:\\\/\\\/ozzidesign.eu\\\/de\\\/#organization\",\"name\":\"Ozzi Design\",\"alternateName\":\"Ozzi Design\",\"url\":\"https:\\\/\\\/ozzidesign.eu\\\/de\\\/\",\"logo\":{\"@type\":\"ImageObject\",\"inLanguage\":\"de\",\"@id\":\"https:\\\/\\\/ozzidesign.eu\\\/de\\\/#\\\/schema\\\/logo\\\/image\\\/\",\"url\":\"https:\\\/\\\/ozzidesign.eu\\\/wp-content\\\/uploads\\\/2025\\\/12\\\/logo-favicon.jpg\",\"contentUrl\":\"https:\\\/\\\/ozzidesign.eu\\\/wp-content\\\/uploads\\\/2025\\\/12\\\/logo-favicon.jpg\",\"width\":500,\"height\":500,\"caption\":\"Ozzi Design\"},\"image\":{\"@id\":\"https:\\\/\\\/ozzidesign.eu\\\/de\\\/#\\\/schema\\\/logo\\\/image\\\/\"},\"sameAs\":[\"https:\\\/\\\/www.facebook.com\\\/OzziDesignn\\\/\",\"https:\\\/\\\/www.instagram.com\\\/ozzidesign_furniture\\\/\",\"https:\\\/\\\/www.youtube.com\\\/@Ozzidesign\\\/videos\",\"https:\\\/\\\/www.etsy.com\\\/pl\\\/shop\\\/OzziDesign\",\"https:\\\/\\\/pl.pinterest.com\\\/OzziDesigne\"]}]}<\/script>\n<!-- \/ Yoast SEO plugin. -->","yoast_head_json":{"title":"Datenschutzerkl\u00e4rung | Ozzi Design","robots":{"index":"noindex","follow":"nofollow"},"og_locale":"de_DE","og_type":"article","og_title":"Datenschutzerkl\u00e4rung | Ozzi Design","og_description":"Datenschutzerkl\u00e4rung Shop-Adresse: https:\/\/ozzidesign.eu Verantwortlicher: OZZI DESIGNE Dominik Ozga,ul. \u015awi\u0119toja\u0144ska 101, 35-304 Rzesz\u00f3w, Polen,USt-IdNr.: PL8133870856,E-Mail: shop@ozzidesign.eu,Tel.: +48 667 634 678 (PL) +48 721 506 234 (EN) 1) Umfang des Dokuments und Zusammenh\u00e4nge Dieses Dokument beschreibt die Verarbeitung personenbezogener Daten im Shop sowie in Kontaktkan\u00e4len (Formulare, E-Mail, Telefon, Newsletter, Kundenkonto). Die Cookie-Regeln werden in einer separaten Cookie-Richtlinie [&hellip;]","og_url":"https:\/\/ozzidesign.eu\/de\/datenschutzerklaerung\/","og_site_name":"Ozzi Design","article_publisher":"https:\/\/www.facebook.com\/OzziDesignn\/","article_modified_time":"2026-03-14T12:15:07+00:00","og_image":[{"width":1536,"height":1024,"url":"https:\/\/ozzidesign.eu\/wp-content\/uploads\/2026\/01\/O-nas.jpeg","type":"image\/jpeg"}],"twitter_card":"summary_large_image","twitter_misc":{"Gesch\u00e4tzte Lesezeit":"3\u00a0Minuten"},"schema":{"@context":"https:\/\/schema.org","@graph":[{"@type":"WebPage","@id":"https:\/\/ozzidesign.eu\/de\/datenschutzerklaerung\/","url":"https:\/\/ozzidesign.eu\/de\/datenschutzerklaerung\/","name":"Datenschutzerkl\u00e4rung | Ozzi Design","isPartOf":{"@id":"https:\/\/ozzidesign.eu\/de\/#website"},"datePublished":"2025-12-28T09:13:44+00:00","dateModified":"2026-03-14T12:15:07+00:00","breadcrumb":{"@id":"https:\/\/ozzidesign.eu\/de\/datenschutzerklaerung\/#breadcrumb"},"inLanguage":"de","potentialAction":[{"@type":"ReadAction","target":["https:\/\/ozzidesign.eu\/de\/datenschutzerklaerung\/"]}]},{"@type":"BreadcrumbList","@id":"https:\/\/ozzidesign.eu\/de\/datenschutzerklaerung\/#breadcrumb","itemListElement":[{"@type":"ListItem","position":1,"name":"Strona g\u0142\u00f3wna","item":"https:\/\/ozzidesign.eu\/de\/startseite\/"},{"@type":"ListItem","position":2,"name":"Datenschutzerkl\u00e4rung"}]},{"@type":"WebSite","@id":"https:\/\/ozzidesign.eu\/de\/#website","url":"https:\/\/ozzidesign.eu\/de\/","name":"Ozzi Design","description":"Hersteller von Polsterm\u00f6beln","publisher":{"@id":"https:\/\/ozzidesign.eu\/de\/#organization"},"alternateName":"Ozzi Design","potentialAction":[{"@type":"SearchAction","target":{"@type":"EntryPoint","urlTemplate":"https:\/\/ozzidesign.eu\/de\/?s={search_term_string}"},"query-input":{"@type":"PropertyValueSpecification","valueRequired":true,"valueName":"search_term_string"}}],"inLanguage":"de"},{"@type":"Organization","@id":"https:\/\/ozzidesign.eu\/de\/#organization","name":"Ozzi Design","alternateName":"Ozzi Design","url":"https:\/\/ozzidesign.eu\/de\/","logo":{"@type":"ImageObject","inLanguage":"de","@id":"https:\/\/ozzidesign.eu\/de\/#\/schema\/logo\/image\/","url":"https:\/\/ozzidesign.eu\/wp-content\/uploads\/2025\/12\/logo-favicon.jpg","contentUrl":"https:\/\/ozzidesign.eu\/wp-content\/uploads\/2025\/12\/logo-favicon.jpg","width":500,"height":500,"caption":"Ozzi Design"},"image":{"@id":"https:\/\/ozzidesign.eu\/de\/#\/schema\/logo\/image\/"},"sameAs":["https:\/\/www.facebook.com\/OzziDesignn\/","https:\/\/www.instagram.com\/ozzidesign_furniture\/","https:\/\/www.youtube.com\/@Ozzidesign\/videos","https:\/\/www.etsy.com\/pl\/shop\/OzziDesign","https:\/\/pl.pinterest.com\/OzziDesigne"]}]}},"_links":{"self":[{"href":"https:\/\/ozzidesign.eu\/de\/wp-json\/wp\/v2\/pages\/607","targetHints":{"allow":["GET"]}}],"collection":[{"href":"https:\/\/ozzidesign.eu\/de\/wp-json\/wp\/v2\/pages"}],"about":[{"href":"https:\/\/ozzidesign.eu\/de\/wp-json\/wp\/v2\/types\/page"}],"author":[{"embeddable":true,"href":"https:\/\/ozzidesign.eu\/de\/wp-json\/wp\/v2\/users\/1"}],"replies":[{"embeddable":true,"href":"https:\/\/ozzidesign.eu\/de\/wp-json\/wp\/v2\/comments?post=607"}],"version-history":[{"count":4,"href":"https:\/\/ozzidesign.eu\/de\/wp-json\/wp\/v2\/pages\/607\/revisions"}],"predecessor-version":[{"id":7473,"href":"https:\/\/ozzidesign.eu\/de\/wp-json\/wp\/v2\/pages\/607\/revisions\/7473"}],"wp:attachment":[{"href":"https:\/\/ozzidesign.eu\/de\/wp-json\/wp\/v2\/media?parent=607"}],"curies":[{"name":"wp","href":"https:\/\/api.w.org\/{rel}","templated":true}]}}