{"id":611,"date":"2026-01-05T13:31:13","date_gmt":"2026-01-05T12:31:13","guid":{"rendered":"https:\/\/ozzidesign.eu\/garantie-und-rueckgabe\/"},"modified":"2026-02-13T13:36:56","modified_gmt":"2026-02-13T12:36:56","slug":"garantie-und-rueckgabe","status":"publish","type":"page","link":"https:\/\/ozzidesign.eu\/de\/garantie-und-rueckgabe\/","title":{"rendered":"Garantie &amp; R\u00fcckgabe"},"content":{"rendered":"\t\t<div data-elementor-type=\"wp-page\" data-elementor-id=\"611\" class=\"elementor elementor-611 elementor-15\" data-elementor-post-type=\"page\">\n\t\t\t\t<div class=\"elementor-element elementor-element-4a45b48 e-flex e-con-boxed e-con e-parent\" data-id=\"4a45b48\" data-element_type=\"container\">\n\t\t\t\t\t<div class=\"e-con-inner\">\n\t\t\t\t<div class=\"elementor-element elementor-element-5d017f4 elementor-widget elementor-widget-heading\" data-id=\"5d017f4\" data-element_type=\"widget\" data-settings=\"{&quot;_animation&quot;:&quot;none&quot;}\" data-widget_type=\"heading.default\">\n\t\t\t\t\t<h1 class=\"elementor-heading-title elementor-size-default\">Garantie<\/h1>\t\t\t\t<\/div>\n\t\t\t\t\t<\/div>\n\t\t\t\t<\/div>\n\t\t<div class=\"elementor-element elementor-element-9a3ab36 e-flex e-con-boxed e-con e-parent\" data-id=\"9a3ab36\" data-element_type=\"container\">\n\t\t\t\t\t<div class=\"e-con-inner\">\n\t\t\t\t<div class=\"elementor-element elementor-element-3dcb377 elementor-widget elementor-widget-heading\" data-id=\"3dcb377\" data-element_type=\"widget\" data-widget_type=\"heading.default\">\n\t\t\t\t\t<h2 class=\"elementor-heading-title elementor-size-default\">Garantiezeit<\/h2>\t\t\t\t<\/div>\n\t\t\t\t<div class=\"elementor-element elementor-element-9e25578 elementor-widget elementor-widget-text-editor\" data-id=\"9e25578\" data-element_type=\"widget\" data-widget_type=\"text-editor.default\">\n\t\t\t\t\t\t\t\t\t<p>F\u00fcr alle angebotenen M\u00f6bel gew\u00e4hren wir eine <strong>24-monatige Garantie<\/strong>, gerechnet ab demTag der \u00dcbergabe des M\u00f6belst\u00fccks an den K\u00e4ufer.<\/p>\t\t\t\t\t\t\t\t<\/div>\n\t\t\t\t<div class=\"elementor-element elementor-element-0e6e6f0 elementor-widget elementor-widget-heading\" data-id=\"0e6e6f0\" data-element_type=\"widget\" data-widget_type=\"heading.default\">\n\t\t\t\t\t<h2 class=\"elementor-heading-title elementor-size-default\">Was umfasst die Garantie?<\/h2>\t\t\t\t<\/div>\n\t\t\t\t<div class=\"elementor-element elementor-element-2b2d599 elementor-widget elementor-widget-text-editor\" data-id=\"2b2d599\" data-element_type=\"widget\" data-widget_type=\"text-editor.default\">\n\t\t\t\t\t\t\t\t\t<p>Die Garantie umfasst ausschlie\u00dflich Sachm\u00e4ngel, die auf Ursachen zur\u00fcckzuf\u00fchren sind, die<br>im verkauften Produkt selbst liegen.<\/p>\t\t\t\t\t\t\t\t<\/div>\n\t\t\t\t<div class=\"elementor-element elementor-element-a42efbe elementor-widget elementor-widget-heading\" data-id=\"a42efbe\" data-element_type=\"widget\" data-widget_type=\"heading.default\">\n\t\t\t\t\t<h2 class=\"elementor-heading-title elementor-size-default\">Was ist von der Garantie ausgeschlossen?<\/h2>\t\t\t\t<\/div>\n\t\t\t\t<div class=\"elementor-element elementor-element-8d66c6f elementor-widget elementor-widget-text-editor\" data-id=\"8d66c6f\" data-element_type=\"widget\" data-widget_type=\"text-editor.default\">\n\t\t\t\t\t\t\t\t\t<p>Die Garantie umfasst keine M\u00e4ngel oder Sch\u00e4den, die entstanden sind durch:<\/p><ul><li>unsachgem\u00e4\u00dfe oder nicht bestimmungsgem\u00e4\u00dfe Nutzung,<\/li><li>fehlende oder unsachgem\u00e4\u00dfe Pflege und Wartung,<\/li><li>nat\u00fcrlichen Verschlei\u00df der Materialien,<\/li><li>mechanische Besch\u00e4digungen,<\/li><li>eigenst\u00e4ndige \u00c4nderungen oder Reparaturen durch den Kunden,<\/li><li>\u00e4u\u00dfere Einfl\u00fcsse (Feuchtigkeit, \u00dcberschwemmung, Feuer, wechselnde Umweltbedingungen),<\/li><li>Verschulden des Kunden oder Verbrauchers.<\/li><\/ul>\t\t\t\t\t\t\t\t<\/div>\n\t\t\t\t<div class=\"elementor-element elementor-element-570770d elementor-widget elementor-widget-heading\" data-id=\"570770d\" data-element_type=\"widget\" data-widget_type=\"heading.default\">\n\t\t\t\t\t<h2 class=\"elementor-heading-title elementor-size-default\">R\u00fcckgabe der Ware<\/h2>\t\t\t\t<\/div>\n\t\t\t\t<div class=\"elementor-element elementor-element-12d5015 elementor-widget elementor-widget-text-editor\" data-id=\"12d5015\" data-element_type=\"widget\" data-widget_type=\"text-editor.default\">\n\t\t\t\t\t\t\t\t\t<p>Das Produkt wird <strong>nach individueller Bestellung des Kunden<\/strong> gefertigt. Der Kunde bestimmt unter anderem Ma\u00dfe, Material und Farbe, wodurch das Produkt speziell zur Erf\u00fcllung seiner individuellen Bed\u00fcrfnisse hergestellt wird. Aus diesem Grund ist eine <strong>R\u00fcckgabe der Ware ausgeschlossen<\/strong>.   <\/p>\t\t\t\t\t\t\t\t<\/div>\n\t\t\t\t<div class=\"elementor-element elementor-element-d3f19f9 elementor-widget elementor-widget-heading\" data-id=\"d3f19f9\" data-element_type=\"widget\" data-widget_type=\"heading.default\">\n\t\t\t\t\t<h2 class=\"elementor-heading-title elementor-size-default\">Stornierung der Bestellung<\/h2>\t\t\t\t<\/div>\n\t\t\t\t<div class=\"elementor-element elementor-element-8b5559b elementor-widget elementor-widget-text-editor\" data-id=\"8b5559b\" data-element_type=\"widget\" data-widget_type=\"text-editor.default\">\n\t\t\t\t\t\t\t\t\t<p>Eine Stornierung der Bestellung ist<strong> nach Zahlungseingang (einschlie\u00dflich der Zahlung einer Anzahlung) nicht m\u00f6glich<\/strong>. \u00c4nderungen an der Bestellung sind nur nach vorheriger Kontaktaufnahme mit dem Verk\u00e4ufer m\u00f6glich und h\u00e4ngen vom jeweiligen Bearbeitungsstand der Bestellung ab. <\/p>\t\t\t\t\t\t\t\t<\/div>\n\t\t\t\t\t<\/div>\n\t\t\t\t<\/div>\n\t\t<div class=\"elementor-element elementor-element-39b8924 e-flex e-con-boxed e-con e-parent\" data-id=\"39b8924\" data-element_type=\"container\">\n\t\t\t\t\t<div class=\"e-con-inner\">\n\t\t\t\t<div class=\"elementor-element elementor-element-6014573 elementor-widget elementor-widget-image\" data-id=\"6014573\" data-element_type=\"widget\" data-widget_type=\"image.default\">\n\t\t\t\t\t\t\t\t\t\t\t\t\t\t\t<img fetchpriority=\"high\" decoding=\"async\" width=\"1536\" height=\"752\" src=\"https:\/\/ozzidesign.eu\/wp-content\/uploads\/2026\/01\/O-nas_wp_long.jpeg\" class=\"attachment-full size-full wp-image-2446\" alt=\"\" srcset=\"https:\/\/ozzidesign.eu\/wp-content\/uploads\/2026\/01\/O-nas_wp_long.jpeg 1536w, https:\/\/ozzidesign.eu\/wp-content\/uploads\/2026\/01\/O-nas_wp_long-300x147.jpeg 300w, https:\/\/ozzidesign.eu\/wp-content\/uploads\/2026\/01\/O-nas_wp_long-1024x501.jpeg 1024w, https:\/\/ozzidesign.eu\/wp-content\/uploads\/2026\/01\/O-nas_wp_long-768x376.jpeg 768w, https:\/\/ozzidesign.eu\/wp-content\/uploads\/2026\/01\/O-nas_wp_long-600x294.jpeg 600w\" sizes=\"(max-width: 1536px) 100vw, 1536px\" \/>\t\t\t\t\t\t\t\t\t\t\t\t\t\t\t<\/div>\n\t\t\t\t\t<\/div>\n\t\t\t\t<\/div>\n\t\t\t\t<\/div>\n\t\t","protected":false},"excerpt":{"rendered":"<p>Garantie Garantiezeit F\u00fcr alle angebotenen M\u00f6bel gew\u00e4hren wir eine 24-monatige Garantie, gerechnet ab demTag der \u00dcbergabe des M\u00f6belst\u00fccks an den K\u00e4ufer. Was umfasst die Garantie? Die Garantie umfasst ausschlie\u00dflich Sachm\u00e4ngel, die auf Ursachen zur\u00fcckzuf\u00fchren sind, dieim verkauften Produkt selbst liegen. Was ist von der Garantie ausgeschlossen? Die Garantie umfasst keine M\u00e4ngel oder Sch\u00e4den, die entstanden [&hellip;]<\/p>\n","protected":false},"author":1,"featured_media":0,"parent":0,"menu_order":0,"comment_status":"closed","ping_status":"closed","template":"","meta":{"_acf_changed":false,"footnotes":""},"class_list":["post-611","page","type-page","status-publish","hentry"],"acf":[],"yoast_head":"<!-- This site is optimized with the Yoast SEO plugin v27.5 - https:\/\/yoast.com\/product\/yoast-seo-wordpress\/ -->\n<title>Garantie &amp; R\u00fcckgabe | Ozzi Design \u2013 Hersteller von Polsterm\u00f6beln<\/title>\n<meta name=\"description\" content=\"24 Monate Garantie auf Polsterm\u00f6bel von Ozzi Design. Erfahren Sie, was die Garantie umfasst und worauf Sie beim Kauf von M\u00f6beln nach Ma\u00df achten sollten.\" \/>\n<meta name=\"robots\" content=\"index, follow, max-snippet:-1, max-image-preview:large, max-video-preview:-1\" \/>\n<link rel=\"canonical\" href=\"https:\/\/ozzidesign.eu\/de\/garantie-und-rueckgabe\/\" \/>\n<meta property=\"og:locale\" content=\"de_DE\" \/>\n<meta property=\"og:type\" content=\"article\" \/>\n<meta property=\"og:title\" content=\"Garantie &amp; R\u00fcckgabe | Ozzi Design \u2013 Hersteller von Polsterm\u00f6beln\" \/>\n<meta property=\"og:description\" content=\"24 Monate Garantie auf Polsterm\u00f6bel von Ozzi Design. Erfahren Sie, was die Garantie umfasst und worauf Sie beim Kauf von M\u00f6beln nach Ma\u00df achten sollten.\" \/>\n<meta property=\"og:url\" content=\"https:\/\/ozzidesign.eu\/de\/garantie-und-rueckgabe\/\" \/>\n<meta property=\"og:site_name\" content=\"Ozzi Design\" \/>\n<meta property=\"article:publisher\" content=\"https:\/\/www.facebook.com\/OzziDesignn\/\" \/>\n<meta property=\"article:modified_time\" content=\"2026-02-13T12:36:56+00:00\" \/>\n<meta property=\"og:image\" content=\"https:\/\/ozzidesign.eu\/wp-content\/uploads\/2026\/01\/O-nas_wp_long.jpeg\" \/>\n\t<meta property=\"og:image:width\" content=\"1536\" \/>\n\t<meta property=\"og:image:height\" content=\"752\" \/>\n\t<meta property=\"og:image:type\" content=\"image\/jpeg\" \/>\n<meta name=\"twitter:card\" content=\"summary_large_image\" \/>\n<meta name=\"twitter:label1\" content=\"Gesch\u00e4tzte Lesezeit\" \/>\n\t<meta name=\"twitter:data1\" content=\"1\u00a0Minute\" \/>\n<script type=\"application\/ld+json\" class=\"yoast-schema-graph\">{\"@context\":\"https:\\\/\\\/schema.org\",\"@graph\":[{\"@type\":\"WebPage\",\"@id\":\"https:\\\/\\\/ozzidesign.eu\\\/de\\\/garantie-und-rueckgabe\\\/\",\"url\":\"https:\\\/\\\/ozzidesign.eu\\\/de\\\/garantie-und-rueckgabe\\\/\",\"name\":\"Garantie &amp; R\u00fcckgabe | Ozzi Design \u2013 Hersteller von Polsterm\u00f6beln\",\"isPartOf\":{\"@id\":\"https:\\\/\\\/ozzidesign.eu\\\/de\\\/#website\"},\"primaryImageOfPage\":{\"@id\":\"https:\\\/\\\/ozzidesign.eu\\\/de\\\/garantie-und-rueckgabe\\\/#primaryimage\"},\"image\":{\"@id\":\"https:\\\/\\\/ozzidesign.eu\\\/de\\\/garantie-und-rueckgabe\\\/#primaryimage\"},\"thumbnailUrl\":\"https:\\\/\\\/ozzidesign.eu\\\/wp-content\\\/uploads\\\/2026\\\/01\\\/O-nas_wp_long.jpeg\",\"datePublished\":\"2026-01-05T12:31:13+00:00\",\"dateModified\":\"2026-02-13T12:36:56+00:00\",\"description\":\"24 Monate Garantie auf Polsterm\u00f6bel von Ozzi Design. Erfahren Sie, was die Garantie umfasst und worauf Sie beim Kauf von M\u00f6beln nach Ma\u00df achten sollten.\",\"breadcrumb\":{\"@id\":\"https:\\\/\\\/ozzidesign.eu\\\/de\\\/garantie-und-rueckgabe\\\/#breadcrumb\"},\"inLanguage\":\"de\",\"potentialAction\":[{\"@type\":\"ReadAction\",\"target\":[\"https:\\\/\\\/ozzidesign.eu\\\/de\\\/garantie-und-rueckgabe\\\/\"]}]},{\"@type\":\"ImageObject\",\"inLanguage\":\"de\",\"@id\":\"https:\\\/\\\/ozzidesign.eu\\\/de\\\/garantie-und-rueckgabe\\\/#primaryimage\",\"url\":\"https:\\\/\\\/ozzidesign.eu\\\/wp-content\\\/uploads\\\/2026\\\/01\\\/O-nas_wp_long.jpeg\",\"contentUrl\":\"https:\\\/\\\/ozzidesign.eu\\\/wp-content\\\/uploads\\\/2026\\\/01\\\/O-nas_wp_long.jpeg\"},{\"@type\":\"BreadcrumbList\",\"@id\":\"https:\\\/\\\/ozzidesign.eu\\\/de\\\/garantie-und-rueckgabe\\\/#breadcrumb\",\"itemListElement\":[{\"@type\":\"ListItem\",\"position\":1,\"name\":\"Strona g\u0142\u00f3wna\",\"item\":\"https:\\\/\\\/ozzidesign.eu\\\/de\\\/startseite\\\/\"},{\"@type\":\"ListItem\",\"position\":2,\"name\":\"Garantie &amp; R\u00fcckgabe\"}]},{\"@type\":\"WebSite\",\"@id\":\"https:\\\/\\\/ozzidesign.eu\\\/de\\\/#website\",\"url\":\"https:\\\/\\\/ozzidesign.eu\\\/de\\\/\",\"name\":\"Ozzi Design\",\"description\":\"Hersteller von Polsterm\u00f6beln\",\"publisher\":{\"@id\":\"https:\\\/\\\/ozzidesign.eu\\\/de\\\/#organization\"},\"alternateName\":\"Ozzi Design\",\"potentialAction\":[{\"@type\":\"SearchAction\",\"target\":{\"@type\":\"EntryPoint\",\"urlTemplate\":\"https:\\\/\\\/ozzidesign.eu\\\/de\\\/?s={search_term_string}\"},\"query-input\":{\"@type\":\"PropertyValueSpecification\",\"valueRequired\":true,\"valueName\":\"search_term_string\"}}],\"inLanguage\":\"de\"},{\"@type\":\"Organization\",\"@id\":\"https:\\\/\\\/ozzidesign.eu\\\/de\\\/#organization\",\"name\":\"Ozzi Design\",\"alternateName\":\"Ozzi Design\",\"url\":\"https:\\\/\\\/ozzidesign.eu\\\/de\\\/\",\"logo\":{\"@type\":\"ImageObject\",\"inLanguage\":\"de\",\"@id\":\"https:\\\/\\\/ozzidesign.eu\\\/de\\\/#\\\/schema\\\/logo\\\/image\\\/\",\"url\":\"https:\\\/\\\/ozzidesign.eu\\\/wp-content\\\/uploads\\\/2025\\\/12\\\/logo-favicon.jpg\",\"contentUrl\":\"https:\\\/\\\/ozzidesign.eu\\\/wp-content\\\/uploads\\\/2025\\\/12\\\/logo-favicon.jpg\",\"width\":500,\"height\":500,\"caption\":\"Ozzi Design\"},\"image\":{\"@id\":\"https:\\\/\\\/ozzidesign.eu\\\/de\\\/#\\\/schema\\\/logo\\\/image\\\/\"},\"sameAs\":[\"https:\\\/\\\/www.facebook.com\\\/OzziDesignn\\\/\",\"https:\\\/\\\/www.instagram.com\\\/ozzidesign_furniture\\\/\",\"https:\\\/\\\/www.youtube.com\\\/@Ozzidesign\\\/videos\",\"https:\\\/\\\/www.etsy.com\\\/pl\\\/shop\\\/OzziDesign\",\"https:\\\/\\\/pl.pinterest.com\\\/OzziDesigne\"]}]}<\/script>\n<!-- \/ Yoast SEO plugin. -->","yoast_head_json":{"title":"Garantie &amp; R\u00fcckgabe | Ozzi Design \u2013 Hersteller von Polsterm\u00f6beln","description":"24 Monate Garantie auf Polsterm\u00f6bel von Ozzi Design. Erfahren Sie, was die Garantie umfasst und worauf Sie beim Kauf von M\u00f6beln nach Ma\u00df achten sollten.","robots":{"index":"index","follow":"follow","max-snippet":"max-snippet:-1","max-image-preview":"max-image-preview:large","max-video-preview":"max-video-preview:-1"},"canonical":"https:\/\/ozzidesign.eu\/de\/garantie-und-rueckgabe\/","og_locale":"de_DE","og_type":"article","og_title":"Garantie &amp; R\u00fcckgabe | Ozzi Design \u2013 Hersteller von Polsterm\u00f6beln","og_description":"24 Monate Garantie auf Polsterm\u00f6bel von Ozzi Design. Erfahren Sie, was die Garantie umfasst und worauf Sie beim Kauf von M\u00f6beln nach Ma\u00df achten sollten.","og_url":"https:\/\/ozzidesign.eu\/de\/garantie-und-rueckgabe\/","og_site_name":"Ozzi Design","article_publisher":"https:\/\/www.facebook.com\/OzziDesignn\/","article_modified_time":"2026-02-13T12:36:56+00:00","og_image":[{"width":1536,"height":752,"url":"https:\/\/ozzidesign.eu\/wp-content\/uploads\/2026\/01\/O-nas_wp_long.jpeg","type":"image\/jpeg"}],"twitter_card":"summary_large_image","twitter_misc":{"Gesch\u00e4tzte Lesezeit":"1\u00a0Minute"},"schema":{"@context":"https:\/\/schema.org","@graph":[{"@type":"WebPage","@id":"https:\/\/ozzidesign.eu\/de\/garantie-und-rueckgabe\/","url":"https:\/\/ozzidesign.eu\/de\/garantie-und-rueckgabe\/","name":"Garantie &amp; R\u00fcckgabe | Ozzi Design \u2013 Hersteller von Polsterm\u00f6beln","isPartOf":{"@id":"https:\/\/ozzidesign.eu\/de\/#website"},"primaryImageOfPage":{"@id":"https:\/\/ozzidesign.eu\/de\/garantie-und-rueckgabe\/#primaryimage"},"image":{"@id":"https:\/\/ozzidesign.eu\/de\/garantie-und-rueckgabe\/#primaryimage"},"thumbnailUrl":"https:\/\/ozzidesign.eu\/wp-content\/uploads\/2026\/01\/O-nas_wp_long.jpeg","datePublished":"2026-01-05T12:31:13+00:00","dateModified":"2026-02-13T12:36:56+00:00","description":"24 Monate Garantie auf Polsterm\u00f6bel von Ozzi Design. Erfahren Sie, was die Garantie umfasst und worauf Sie beim Kauf von M\u00f6beln nach Ma\u00df achten sollten.","breadcrumb":{"@id":"https:\/\/ozzidesign.eu\/de\/garantie-und-rueckgabe\/#breadcrumb"},"inLanguage":"de","potentialAction":[{"@type":"ReadAction","target":["https:\/\/ozzidesign.eu\/de\/garantie-und-rueckgabe\/"]}]},{"@type":"ImageObject","inLanguage":"de","@id":"https:\/\/ozzidesign.eu\/de\/garantie-und-rueckgabe\/#primaryimage","url":"https:\/\/ozzidesign.eu\/wp-content\/uploads\/2026\/01\/O-nas_wp_long.jpeg","contentUrl":"https:\/\/ozzidesign.eu\/wp-content\/uploads\/2026\/01\/O-nas_wp_long.jpeg"},{"@type":"BreadcrumbList","@id":"https:\/\/ozzidesign.eu\/de\/garantie-und-rueckgabe\/#breadcrumb","itemListElement":[{"@type":"ListItem","position":1,"name":"Strona g\u0142\u00f3wna","item":"https:\/\/ozzidesign.eu\/de\/startseite\/"},{"@type":"ListItem","position":2,"name":"Garantie &amp; R\u00fcckgabe"}]},{"@type":"WebSite","@id":"https:\/\/ozzidesign.eu\/de\/#website","url":"https:\/\/ozzidesign.eu\/de\/","name":"Ozzi Design","description":"Hersteller von Polsterm\u00f6beln","publisher":{"@id":"https:\/\/ozzidesign.eu\/de\/#organization"},"alternateName":"Ozzi Design","potentialAction":[{"@type":"SearchAction","target":{"@type":"EntryPoint","urlTemplate":"https:\/\/ozzidesign.eu\/de\/?s={search_term_string}"},"query-input":{"@type":"PropertyValueSpecification","valueRequired":true,"valueName":"search_term_string"}}],"inLanguage":"de"},{"@type":"Organization","@id":"https:\/\/ozzidesign.eu\/de\/#organization","name":"Ozzi Design","alternateName":"Ozzi Design","url":"https:\/\/ozzidesign.eu\/de\/","logo":{"@type":"ImageObject","inLanguage":"de","@id":"https:\/\/ozzidesign.eu\/de\/#\/schema\/logo\/image\/","url":"https:\/\/ozzidesign.eu\/wp-content\/uploads\/2025\/12\/logo-favicon.jpg","contentUrl":"https:\/\/ozzidesign.eu\/wp-content\/uploads\/2025\/12\/logo-favicon.jpg","width":500,"height":500,"caption":"Ozzi Design"},"image":{"@id":"https:\/\/ozzidesign.eu\/de\/#\/schema\/logo\/image\/"},"sameAs":["https:\/\/www.facebook.com\/OzziDesignn\/","https:\/\/www.instagram.com\/ozzidesign_furniture\/","https:\/\/www.youtube.com\/@Ozzidesign\/videos","https:\/\/www.etsy.com\/pl\/shop\/OzziDesign","https:\/\/pl.pinterest.com\/OzziDesigne"]}]}},"_links":{"self":[{"href":"https:\/\/ozzidesign.eu\/de\/wp-json\/wp\/v2\/pages\/611","targetHints":{"allow":["GET"]}}],"collection":[{"href":"https:\/\/ozzidesign.eu\/de\/wp-json\/wp\/v2\/pages"}],"about":[{"href":"https:\/\/ozzidesign.eu\/de\/wp-json\/wp\/v2\/types\/page"}],"author":[{"embeddable":true,"href":"https:\/\/ozzidesign.eu\/de\/wp-json\/wp\/v2\/users\/1"}],"replies":[{"embeddable":true,"href":"https:\/\/ozzidesign.eu\/de\/wp-json\/wp\/v2\/comments?post=611"}],"version-history":[{"count":4,"href":"https:\/\/ozzidesign.eu\/de\/wp-json\/wp\/v2\/pages\/611\/revisions"}],"predecessor-version":[{"id":2449,"href":"https:\/\/ozzidesign.eu\/de\/wp-json\/wp\/v2\/pages\/611\/revisions\/2449"}],"wp:attachment":[{"href":"https:\/\/ozzidesign.eu\/de\/wp-json\/wp\/v2\/media?parent=611"}],"curies":[{"name":"wp","href":"https:\/\/api.w.org\/{rel}","templated":true}]}}