{"id":631,"date":"2026-01-05T13:39:35","date_gmt":"2026-01-05T12:39:35","guid":{"rendered":"https:\/\/ozzidesign.eu\/reinigung-von-stoffen\/"},"modified":"2026-02-14T12:18:56","modified_gmt":"2026-02-14T11:18:56","slug":"reinigung-von-stoffen","status":"publish","type":"page","link":"https:\/\/ozzidesign.eu\/de\/reinigung-von-stoffen\/","title":{"rendered":"Reinigung von Stoffen"},"content":{"rendered":"\t\t<div data-elementor-type=\"wp-page\" data-elementor-id=\"631\" class=\"elementor elementor-631 elementor-628\" data-elementor-post-type=\"page\">\n\t\t\t\t<div class=\"elementor-element elementor-element-d3936fc e-flex e-con-boxed e-con e-parent\" data-id=\"d3936fc\" data-element_type=\"container\">\n\t\t\t\t\t<div class=\"e-con-inner\">\n\t\t\t\t<div class=\"elementor-element elementor-element-69dbe73 elementor-widget elementor-widget-heading\" data-id=\"69dbe73\" data-element_type=\"widget\" data-settings=\"{&quot;_animation&quot;:&quot;none&quot;}\" data-widget_type=\"heading.default\">\n\t\t\t\t\t<h1 class=\"elementor-heading-title elementor-size-default\">Pflegehinweise f\u00fcr Stoffe<\/h1>\t\t\t\t<\/div>\n\t\t\t\t\t<\/div>\n\t\t\t\t<\/div>\n\t\t<div class=\"elementor-element elementor-element-89d4f1d e-flex e-con-boxed e-con e-parent\" data-id=\"89d4f1d\" data-element_type=\"container\">\n\t\t\t\t\t<div class=\"e-con-inner\">\n\t\t\t\t<div class=\"elementor-element elementor-element-ae1d4e5 elementor-widget elementor-widget-heading\" data-id=\"ae1d4e5\" data-element_type=\"widget\" data-widget_type=\"heading.default\">\n\t\t\t\t\t<h2 class=\"elementor-heading-title elementor-size-default\">1. Reinigung von Standardstoffen<\/h2>\t\t\t\t<\/div>\n\t\t\t\t<div class=\"elementor-element elementor-element-5f034cf elementor-widget elementor-widget-text-editor\" data-id=\"5f034cf\" data-element_type=\"widget\" data-widget_type=\"text-editor.default\">\n\t\t\t\t\t\t\t\t\t<p>Die meisten Stoffe lassen sich am besten mit einem weichen Baumwolltuch reinigen, das leicht mit milder Seife oder einem sanften Reinigungsmittel angefeuchtet ist.<\/p>\t\t\t\t\t\t\t\t<\/div>\n\t\t\t\t<div class=\"elementor-element elementor-element-76bd76d elementor-widget elementor-widget-heading\" data-id=\"76bd76d\" data-element_type=\"widget\" data-widget_type=\"heading.default\">\n\t\t\t\t\t<h3 class=\"elementor-heading-title elementor-size-default\">Reinigungsschritte<\/h3>\t\t\t\t<\/div>\n\t\t\t\t<div class=\"elementor-element elementor-element-cacba46 elementor-widget elementor-widget-text-editor\" data-id=\"cacba46\" data-element_type=\"widget\" data-widget_type=\"text-editor.default\">\n\t\t\t\t\t\t\t\t\t<ol>\n<li>Eine kleine Menge Schaum auf die verschmutzte Stelle auftragen.<\/li>\n<li>Die Oberfl\u00e4che vorsichtig mit dem Tuch abwischen, ohne zu reiben oder zu schrubben.<\/li>\n<li>R\u00fcckst\u00e4nde des Reinigungsmittels mit klarem Wasser absp\u00fclen und die Fl\u00e4che trocknen.<\/li>\n<\/ol>\t\t\t\t\t\t\t\t<\/div>\n\t\t\t\t<div class=\"elementor-element elementor-element-edf379b elementor-widget elementor-widget-text-editor\" data-id=\"edf379b\" data-element_type=\"widget\" data-widget_type=\"text-editor.default\">\n\t\t\t\t\t\t\t\t\t<p>Verwenden Sie keine aggressiven Chemikalien oder L\u00f6sungsmittel. Flecken sollten sofort nach ihrer Entstehung entfernt werden. Die Stoffe sollten vor direkter Sonneneinstrahlung gesch\u00fctzt werden.<\/p>\t\t\t\t\t\t\t\t<\/div>\n\t\t\t\t\t<\/div>\n\t\t\t\t<\/div>\n\t\t<div class=\"elementor-element elementor-element-5b543b2 e-flex e-con-boxed e-con e-parent\" data-id=\"5b543b2\" data-element_type=\"container\">\n\t\t\t\t\t<div class=\"e-con-inner\">\n\t\t\t\t<div class=\"elementor-element elementor-element-1729845 elementor-widget elementor-widget-heading\" data-id=\"1729845\" data-element_type=\"widget\" data-widget_type=\"heading.default\">\n\t\t\t\t\t<h2 class=\"elementor-heading-title elementor-size-default\">2. Cleanaboo-Stoffe<\/h2>\t\t\t\t<\/div>\n\t\t\t\t<div class=\"elementor-element elementor-element-90e4079 elementor-widget elementor-widget-heading\" data-id=\"90e4079\" data-element_type=\"widget\" data-widget_type=\"heading.default\">\n\t\t\t\t\t<h3 class=\"elementor-heading-title elementor-size-default\">Funktionsweise<\/h3>\t\t\t\t<\/div>\n\t\t\t\t<div class=\"elementor-element elementor-element-236c7d4 elementor-widget elementor-widget-text-editor\" data-id=\"236c7d4\" data-element_type=\"widget\" data-widget_type=\"text-editor.default\">\n\t\t\t\t\t\t\t\t\t<p>Der Stoff st\u00f6\u00dft Wasser und Schmutz ab, sodass Fl\u00fcssigkeiten und Flecken nicht tief in die Fasern eindringen.<\/p>\t\t\t\t\t\t\t\t<\/div>\n\t\t\t\t<div class=\"elementor-element elementor-element-5202733 elementor-widget elementor-widget-heading\" data-id=\"5202733\" data-element_type=\"widget\" data-widget_type=\"heading.default\">\n\t\t\t\t\t<h3 class=\"elementor-heading-title elementor-size-default\">T\u00e4gliche Reinigung<\/h3>\t\t\t\t<\/div>\n\t\t\t\t<div class=\"elementor-element elementor-element-b6ee3e9 elementor-widget elementor-widget-text-editor\" data-id=\"b6ee3e9\" data-element_type=\"widget\" data-widget_type=\"text-editor.default\">\n\t\t\t\t\t\t\t\t\t<ul><li>Versch\u00fcttete Fl\u00fcssigkeiten schnell mit <strong>einem Papiertuch oder einem weichen<\/strong><br>Tuch abtupfen.<\/li><li><strong>Flecken nicht einreiben<\/strong>, sondern vorsichtig von der Oberfl\u00e4che aufnehmen.<\/li><\/ul>\t\t\t\t\t\t\t\t<\/div>\n\t\t\t\t<div class=\"elementor-element elementor-element-a736236 elementor-widget elementor-widget-heading\" data-id=\"a736236\" data-element_type=\"widget\" data-widget_type=\"heading.default\">\n\t\t\t\t\t<h3 class=\"elementor-heading-title elementor-size-default\">Fleckenreinigung<\/h3>\t\t\t\t<\/div>\n\t\t\t\t<div class=\"elementor-element elementor-element-ad25b96 elementor-widget elementor-widget-text-editor\" data-id=\"ad25b96\" data-element_type=\"widget\" data-widget_type=\"text-editor.default\">\n\t\t\t\t\t\t\t\t\t<ul><li>Verwenden Sie eine milde Seifenl\u00f6sung oder Polsterreiniger.<\/li><li>Die Oberfl\u00e4che vorsichtig mit einem Schwamm oder weichen Tuch abwischen.<\/li><li>Anschlie\u00dfend mit klarem Wasser absp\u00fclen, um Reste des Reinigungsmittels zu entfernen.<\/li><\/ul>\t\t\t\t\t\t\t\t<\/div>\n\t\t\t\t<div class=\"elementor-element elementor-element-a2972f6 elementor-widget elementor-widget-heading\" data-id=\"a2972f6\" data-element_type=\"widget\" data-widget_type=\"heading.default\">\n\t\t\t\t\t<h3 class=\"elementor-heading-title elementor-size-default\">Zu vermeiden<\/h3>\t\t\t\t<\/div>\n\t\t\t\t<div class=\"elementor-element elementor-element-70f9af8 elementor-widget elementor-widget-text-editor\" data-id=\"70f9af8\" data-element_type=\"widget\" data-widget_type=\"text-editor.default\">\n\t\t\t\t\t\t\t\t\t<p>Starke Chemikalien, Bleichmittel oder B\u00fcrsten, da dies die hydrophobe Beschichtung besch\u00e4digen kann.<\/p>\t\t\t\t\t\t\t\t<\/div>\n\t\t\t\t\t<\/div>\n\t\t\t\t<\/div>\n\t\t<div class=\"elementor-element elementor-element-03ebb56 e-flex e-con-boxed e-con e-parent\" data-id=\"03ebb56\" data-element_type=\"container\">\n\t\t\t\t\t<div class=\"e-con-inner\">\n\t\t\t\t<div class=\"elementor-element elementor-element-c54a19f elementor-widget elementor-widget-heading\" data-id=\"c54a19f\" data-element_type=\"widget\" data-widget_type=\"heading.default\">\n\t\t\t\t\t<h2 class=\"elementor-heading-title elementor-size-default\">3 . Magic Home-Stoffe<\/h2>\t\t\t\t<\/div>\n\t\t\t\t<div class=\"elementor-element elementor-element-93674f8 elementor-widget elementor-widget-heading\" data-id=\"93674f8\" data-element_type=\"widget\" data-widget_type=\"heading.default\">\n\t\t\t\t\t<h3 class=\"elementor-heading-title elementor-size-default\">Funktionsweise<\/h3>\t\t\t\t<\/div>\n\t\t\t\t<div class=\"elementor-element elementor-element-6627686 elementor-widget elementor-widget-text-editor\" data-id=\"6627686\" data-element_type=\"widget\" data-widget_type=\"text-editor.default\">\n\t\t\t\t\t\t\t\t\t<p>Der Stoff besitzt eine Beschichtung, die die Fl\u00fcssigkeitsaufnahme reduziert und die Widerstandsf\u00e4higkeit gegen Ziehf\u00e4den erh\u00f6ht.<\/p>\t\t\t\t\t\t\t\t<\/div>\n\t\t\t\t<div class=\"elementor-element elementor-element-f7a8ae0 elementor-widget elementor-widget-heading\" data-id=\"f7a8ae0\" data-element_type=\"widget\" data-widget_type=\"heading.default\">\n\t\t\t\t\t<h3 class=\"elementor-heading-title elementor-size-default\">T\u00e4gliche Reinigung<\/h3>\t\t\t\t<\/div>\n\t\t\t\t<div class=\"elementor-element elementor-element-fef15ad elementor-widget elementor-widget-text-editor\" data-id=\"fef15ad\" data-element_type=\"widget\" data-widget_type=\"text-editor.default\">\n\t\t\t\t\t\t\t\t\t<ul><li>Versch\u00fcttete Fl\u00fcssigkeiten mit <strong>einem Papiertuch oder Tuch abtupfen<\/strong>.<\/li><\/ul>\t\t\t\t\t\t\t\t<\/div>\n\t\t\t\t<div class=\"elementor-element elementor-element-077fee1 elementor-widget elementor-widget-heading\" data-id=\"077fee1\" data-element_type=\"widget\" data-widget_type=\"heading.default\">\n\t\t\t\t\t<h3 class=\"elementor-heading-title elementor-size-default\">Fleckenreinigung<\/h3>\t\t\t\t<\/div>\n\t\t\t\t<div class=\"elementor-element elementor-element-919a3ed elementor-widget elementor-widget-text-editor\" data-id=\"919a3ed\" data-element_type=\"widget\" data-widget_type=\"text-editor.default\">\n\t\t\t\t\t\t\t\t\t<ul><li>Bei leichten Verschmutzungen: <strong>klares Wasser und ein weicher<br>Schwamm\/Tuch.<\/strong><\/li><li>Bei hartn\u00e4ckigen Flecken: <strong>milder Reiniger oder Seifenl\u00f6sung, abwischen<\/strong> und<br>mit klarem Wasser nachsp\u00fclen.<\/li><\/ul>\t\t\t\t\t\t\t\t<\/div>\n\t\t\t\t<div class=\"elementor-element elementor-element-af51d27 elementor-widget elementor-widget-heading\" data-id=\"af51d27\" data-element_type=\"widget\" data-widget_type=\"heading.default\">\n\t\t\t\t\t<h3 class=\"elementor-heading-title elementor-size-default\">Zu vermeiden<\/h3>\t\t\t\t<\/div>\n\t\t\t\t<div class=\"elementor-element elementor-element-dc164dc elementor-widget elementor-widget-text-editor\" data-id=\"dc164dc\" data-element_type=\"widget\" data-widget_type=\"text-editor.default\">\n\t\t\t\t\t\t\t\t\t<p>starkes Reiben, Bleichmittel, hei\u00dfes Wasser oder chemische Fleckenentferner, da die Magic Home-Eigenschaften beeintr\u00e4chtigt werden k\u00f6nnen.<\/p>\t\t\t\t\t\t\t\t<\/div>\n\t\t\t\t\t<\/div>\n\t\t\t\t<\/div>\n\t\t<div class=\"elementor-element elementor-element-af8b6cb e-flex e-con-boxed e-con e-parent\" data-id=\"af8b6cb\" data-element_type=\"container\">\n\t\t\t\t\t<div class=\"e-con-inner\">\n\t\t\t\t<div class=\"elementor-element elementor-element-187b4fd elementor-widget elementor-widget-image\" data-id=\"187b4fd\" data-element_type=\"widget\" data-widget_type=\"image.default\">\n\t\t\t\t\t\t\t\t\t\t\t\t\t\t\t<img fetchpriority=\"high\" decoding=\"async\" width=\"2000\" height=\"923\" src=\"https:\/\/ozzidesign.eu\/wp-content\/uploads\/2026\/01\/Jak-czyscic-tkaniny.webp\" class=\"attachment-full size-full wp-image-3017\" alt=\"Wie man Stoffe reinigt\" srcset=\"https:\/\/ozzidesign.eu\/wp-content\/uploads\/2026\/01\/Jak-czyscic-tkaniny.webp 2000w, https:\/\/ozzidesign.eu\/wp-content\/uploads\/2026\/01\/Jak-czyscic-tkaniny-300x138.webp 300w, https:\/\/ozzidesign.eu\/wp-content\/uploads\/2026\/01\/Jak-czyscic-tkaniny-1024x473.webp 1024w, https:\/\/ozzidesign.eu\/wp-content\/uploads\/2026\/01\/Jak-czyscic-tkaniny-768x354.webp 768w, https:\/\/ozzidesign.eu\/wp-content\/uploads\/2026\/01\/Jak-czyscic-tkaniny-1536x709.webp 1536w, https:\/\/ozzidesign.eu\/wp-content\/uploads\/2026\/01\/Jak-czyscic-tkaniny-600x277.webp 600w\" sizes=\"(max-width: 2000px) 100vw, 2000px\" \/>\t\t\t\t\t\t\t\t\t\t\t\t\t\t\t<\/div>\n\t\t\t\t\t<\/div>\n\t\t\t\t<\/div>\n\t\t\t\t<\/div>\n\t\t","protected":false},"excerpt":{"rendered":"<p>Pflegehinweise f\u00fcr Stoffe 1. Reinigung von Standardstoffen Die meisten Stoffe lassen sich am besten mit einem weichen Baumwolltuch reinigen, das leicht mit milder Seife oder einem sanften Reinigungsmittel angefeuchtet ist. Reinigungsschritte Eine kleine Menge Schaum auf die verschmutzte Stelle auftragen. Die Oberfl\u00e4che vorsichtig mit dem Tuch abwischen, ohne zu reiben oder zu schrubben. R\u00fcckst\u00e4nde des [&hellip;]<\/p>\n","protected":false},"author":1,"featured_media":0,"parent":0,"menu_order":0,"comment_status":"closed","ping_status":"closed","template":"","meta":{"_acf_changed":false,"footnotes":""},"class_list":["post-631","page","type-page","status-publish","hentry"],"acf":[],"yoast_head":"<!-- This site is optimized with the Yoast SEO plugin v27.5 - https:\/\/yoast.com\/product\/yoast-seo-wordpress\/ -->\n<title>Reinigung von Stoffen | Ozzi Design \u2013 Hersteller von ma\u00dfgefertigten Polsterm\u00f6beln<\/title>\n<meta name=\"description\" content=\"Wie reinigt man Velours? Informieren Sie sich \u00fcber sichere Methoden zur Pflege und Fleckenentfernung von Velours und Polsterstoffen, ohne diese zu besch\u00e4digen.\" \/>\n<meta name=\"robots\" content=\"index, follow, max-snippet:-1, max-image-preview:large, max-video-preview:-1\" \/>\n<link rel=\"canonical\" href=\"https:\/\/ozzidesign.eu\/de\/reinigung-von-stoffen\/\" \/>\n<meta property=\"og:locale\" content=\"de_DE\" \/>\n<meta property=\"og:type\" content=\"article\" \/>\n<meta property=\"og:title\" content=\"Reinigung von Stoffen | Ozzi Design \u2013 Hersteller von ma\u00dfgefertigten Polsterm\u00f6beln\" \/>\n<meta property=\"og:description\" content=\"Wie reinigt man Velours? Informieren Sie sich \u00fcber sichere Methoden zur Pflege und Fleckenentfernung von Velours und Polsterstoffen, ohne diese zu besch\u00e4digen.\" \/>\n<meta property=\"og:url\" content=\"https:\/\/ozzidesign.eu\/de\/reinigung-von-stoffen\/\" \/>\n<meta property=\"og:site_name\" content=\"Ozzi Design\" \/>\n<meta property=\"article:publisher\" content=\"https:\/\/www.facebook.com\/OzziDesignn\/\" \/>\n<meta property=\"article:modified_time\" content=\"2026-02-14T11:18:56+00:00\" \/>\n<meta property=\"og:image\" content=\"https:\/\/ozzidesign.eu\/wp-content\/uploads\/2026\/01\/Jak-czyscic-tkaniny.webp\" \/>\n\t<meta property=\"og:image:width\" content=\"2000\" \/>\n\t<meta property=\"og:image:height\" content=\"923\" \/>\n\t<meta property=\"og:image:type\" content=\"image\/webp\" \/>\n<meta name=\"twitter:card\" content=\"summary_large_image\" \/>\n<meta name=\"twitter:label1\" content=\"Gesch\u00e4tzte Lesezeit\" \/>\n\t<meta name=\"twitter:data1\" content=\"1\u00a0Minute\" \/>\n<script type=\"application\/ld+json\" class=\"yoast-schema-graph\">{\"@context\":\"https:\\\/\\\/schema.org\",\"@graph\":[{\"@type\":\"WebPage\",\"@id\":\"https:\\\/\\\/ozzidesign.eu\\\/de\\\/reinigung-von-stoffen\\\/\",\"url\":\"https:\\\/\\\/ozzidesign.eu\\\/de\\\/reinigung-von-stoffen\\\/\",\"name\":\"Reinigung von Stoffen | Ozzi Design \u2013 Hersteller von ma\u00dfgefertigten Polsterm\u00f6beln\",\"isPartOf\":{\"@id\":\"https:\\\/\\\/ozzidesign.eu\\\/de\\\/#website\"},\"primaryImageOfPage\":{\"@id\":\"https:\\\/\\\/ozzidesign.eu\\\/de\\\/reinigung-von-stoffen\\\/#primaryimage\"},\"image\":{\"@id\":\"https:\\\/\\\/ozzidesign.eu\\\/de\\\/reinigung-von-stoffen\\\/#primaryimage\"},\"thumbnailUrl\":\"https:\\\/\\\/ozzidesign.eu\\\/wp-content\\\/uploads\\\/2026\\\/01\\\/Jak-czyscic-tkaniny.webp\",\"datePublished\":\"2026-01-05T12:39:35+00:00\",\"dateModified\":\"2026-02-14T11:18:56+00:00\",\"description\":\"Wie reinigt man Velours? Informieren Sie sich \u00fcber sichere Methoden zur Pflege und Fleckenentfernung von Velours und Polsterstoffen, ohne diese zu besch\u00e4digen.\",\"breadcrumb\":{\"@id\":\"https:\\\/\\\/ozzidesign.eu\\\/de\\\/reinigung-von-stoffen\\\/#breadcrumb\"},\"inLanguage\":\"de\",\"potentialAction\":[{\"@type\":\"ReadAction\",\"target\":[\"https:\\\/\\\/ozzidesign.eu\\\/de\\\/reinigung-von-stoffen\\\/\"]}]},{\"@type\":\"ImageObject\",\"inLanguage\":\"de\",\"@id\":\"https:\\\/\\\/ozzidesign.eu\\\/de\\\/reinigung-von-stoffen\\\/#primaryimage\",\"url\":\"https:\\\/\\\/ozzidesign.eu\\\/wp-content\\\/uploads\\\/2026\\\/01\\\/Jak-czyscic-tkaniny.webp\",\"contentUrl\":\"https:\\\/\\\/ozzidesign.eu\\\/wp-content\\\/uploads\\\/2026\\\/01\\\/Jak-czyscic-tkaniny.webp\"},{\"@type\":\"BreadcrumbList\",\"@id\":\"https:\\\/\\\/ozzidesign.eu\\\/de\\\/reinigung-von-stoffen\\\/#breadcrumb\",\"itemListElement\":[{\"@type\":\"ListItem\",\"position\":1,\"name\":\"Strona g\u0142\u00f3wna\",\"item\":\"https:\\\/\\\/ozzidesign.eu\\\/de\\\/startseite\\\/\"},{\"@type\":\"ListItem\",\"position\":2,\"name\":\"Reinigung von Stoffen\"}]},{\"@type\":\"WebSite\",\"@id\":\"https:\\\/\\\/ozzidesign.eu\\\/de\\\/#website\",\"url\":\"https:\\\/\\\/ozzidesign.eu\\\/de\\\/\",\"name\":\"Ozzi Design\",\"description\":\"Hersteller von Polsterm\u00f6beln\",\"publisher\":{\"@id\":\"https:\\\/\\\/ozzidesign.eu\\\/de\\\/#organization\"},\"alternateName\":\"Ozzi Design\",\"potentialAction\":[{\"@type\":\"SearchAction\",\"target\":{\"@type\":\"EntryPoint\",\"urlTemplate\":\"https:\\\/\\\/ozzidesign.eu\\\/de\\\/?s={search_term_string}\"},\"query-input\":{\"@type\":\"PropertyValueSpecification\",\"valueRequired\":true,\"valueName\":\"search_term_string\"}}],\"inLanguage\":\"de\"},{\"@type\":\"Organization\",\"@id\":\"https:\\\/\\\/ozzidesign.eu\\\/de\\\/#organization\",\"name\":\"Ozzi Design\",\"alternateName\":\"Ozzi Design\",\"url\":\"https:\\\/\\\/ozzidesign.eu\\\/de\\\/\",\"logo\":{\"@type\":\"ImageObject\",\"inLanguage\":\"de\",\"@id\":\"https:\\\/\\\/ozzidesign.eu\\\/de\\\/#\\\/schema\\\/logo\\\/image\\\/\",\"url\":\"https:\\\/\\\/ozzidesign.eu\\\/wp-content\\\/uploads\\\/2025\\\/12\\\/logo-favicon.jpg\",\"contentUrl\":\"https:\\\/\\\/ozzidesign.eu\\\/wp-content\\\/uploads\\\/2025\\\/12\\\/logo-favicon.jpg\",\"width\":500,\"height\":500,\"caption\":\"Ozzi Design\"},\"image\":{\"@id\":\"https:\\\/\\\/ozzidesign.eu\\\/de\\\/#\\\/schema\\\/logo\\\/image\\\/\"},\"sameAs\":[\"https:\\\/\\\/www.facebook.com\\\/OzziDesignn\\\/\",\"https:\\\/\\\/www.instagram.com\\\/ozzidesign_furniture\\\/\",\"https:\\\/\\\/www.youtube.com\\\/@Ozzidesign\\\/videos\",\"https:\\\/\\\/www.etsy.com\\\/pl\\\/shop\\\/OzziDesign\",\"https:\\\/\\\/pl.pinterest.com\\\/OzziDesigne\"]}]}<\/script>\n<!-- \/ Yoast SEO plugin. -->","yoast_head_json":{"title":"Reinigung von Stoffen | Ozzi Design \u2013 Hersteller von ma\u00dfgefertigten Polsterm\u00f6beln","description":"Wie reinigt man Velours? Informieren Sie sich \u00fcber sichere Methoden zur Pflege und Fleckenentfernung von Velours und Polsterstoffen, ohne diese zu besch\u00e4digen.","robots":{"index":"index","follow":"follow","max-snippet":"max-snippet:-1","max-image-preview":"max-image-preview:large","max-video-preview":"max-video-preview:-1"},"canonical":"https:\/\/ozzidesign.eu\/de\/reinigung-von-stoffen\/","og_locale":"de_DE","og_type":"article","og_title":"Reinigung von Stoffen | Ozzi Design \u2013 Hersteller von ma\u00dfgefertigten Polsterm\u00f6beln","og_description":"Wie reinigt man Velours? Informieren Sie sich \u00fcber sichere Methoden zur Pflege und Fleckenentfernung von Velours und Polsterstoffen, ohne diese zu besch\u00e4digen.","og_url":"https:\/\/ozzidesign.eu\/de\/reinigung-von-stoffen\/","og_site_name":"Ozzi Design","article_publisher":"https:\/\/www.facebook.com\/OzziDesignn\/","article_modified_time":"2026-02-14T11:18:56+00:00","og_image":[{"width":2000,"height":923,"url":"https:\/\/ozzidesign.eu\/wp-content\/uploads\/2026\/01\/Jak-czyscic-tkaniny.webp","type":"image\/webp"}],"twitter_card":"summary_large_image","twitter_misc":{"Gesch\u00e4tzte Lesezeit":"1\u00a0Minute"},"schema":{"@context":"https:\/\/schema.org","@graph":[{"@type":"WebPage","@id":"https:\/\/ozzidesign.eu\/de\/reinigung-von-stoffen\/","url":"https:\/\/ozzidesign.eu\/de\/reinigung-von-stoffen\/","name":"Reinigung von Stoffen | Ozzi Design \u2013 Hersteller von ma\u00dfgefertigten Polsterm\u00f6beln","isPartOf":{"@id":"https:\/\/ozzidesign.eu\/de\/#website"},"primaryImageOfPage":{"@id":"https:\/\/ozzidesign.eu\/de\/reinigung-von-stoffen\/#primaryimage"},"image":{"@id":"https:\/\/ozzidesign.eu\/de\/reinigung-von-stoffen\/#primaryimage"},"thumbnailUrl":"https:\/\/ozzidesign.eu\/wp-content\/uploads\/2026\/01\/Jak-czyscic-tkaniny.webp","datePublished":"2026-01-05T12:39:35+00:00","dateModified":"2026-02-14T11:18:56+00:00","description":"Wie reinigt man Velours? Informieren Sie sich \u00fcber sichere Methoden zur Pflege und Fleckenentfernung von Velours und Polsterstoffen, ohne diese zu besch\u00e4digen.","breadcrumb":{"@id":"https:\/\/ozzidesign.eu\/de\/reinigung-von-stoffen\/#breadcrumb"},"inLanguage":"de","potentialAction":[{"@type":"ReadAction","target":["https:\/\/ozzidesign.eu\/de\/reinigung-von-stoffen\/"]}]},{"@type":"ImageObject","inLanguage":"de","@id":"https:\/\/ozzidesign.eu\/de\/reinigung-von-stoffen\/#primaryimage","url":"https:\/\/ozzidesign.eu\/wp-content\/uploads\/2026\/01\/Jak-czyscic-tkaniny.webp","contentUrl":"https:\/\/ozzidesign.eu\/wp-content\/uploads\/2026\/01\/Jak-czyscic-tkaniny.webp"},{"@type":"BreadcrumbList","@id":"https:\/\/ozzidesign.eu\/de\/reinigung-von-stoffen\/#breadcrumb","itemListElement":[{"@type":"ListItem","position":1,"name":"Strona g\u0142\u00f3wna","item":"https:\/\/ozzidesign.eu\/de\/startseite\/"},{"@type":"ListItem","position":2,"name":"Reinigung von Stoffen"}]},{"@type":"WebSite","@id":"https:\/\/ozzidesign.eu\/de\/#website","url":"https:\/\/ozzidesign.eu\/de\/","name":"Ozzi Design","description":"Hersteller von Polsterm\u00f6beln","publisher":{"@id":"https:\/\/ozzidesign.eu\/de\/#organization"},"alternateName":"Ozzi Design","potentialAction":[{"@type":"SearchAction","target":{"@type":"EntryPoint","urlTemplate":"https:\/\/ozzidesign.eu\/de\/?s={search_term_string}"},"query-input":{"@type":"PropertyValueSpecification","valueRequired":true,"valueName":"search_term_string"}}],"inLanguage":"de"},{"@type":"Organization","@id":"https:\/\/ozzidesign.eu\/de\/#organization","name":"Ozzi Design","alternateName":"Ozzi Design","url":"https:\/\/ozzidesign.eu\/de\/","logo":{"@type":"ImageObject","inLanguage":"de","@id":"https:\/\/ozzidesign.eu\/de\/#\/schema\/logo\/image\/","url":"https:\/\/ozzidesign.eu\/wp-content\/uploads\/2025\/12\/logo-favicon.jpg","contentUrl":"https:\/\/ozzidesign.eu\/wp-content\/uploads\/2025\/12\/logo-favicon.jpg","width":500,"height":500,"caption":"Ozzi Design"},"image":{"@id":"https:\/\/ozzidesign.eu\/de\/#\/schema\/logo\/image\/"},"sameAs":["https:\/\/www.facebook.com\/OzziDesignn\/","https:\/\/www.instagram.com\/ozzidesign_furniture\/","https:\/\/www.youtube.com\/@Ozzidesign\/videos","https:\/\/www.etsy.com\/pl\/shop\/OzziDesign","https:\/\/pl.pinterest.com\/OzziDesigne"]}]}},"_links":{"self":[{"href":"https:\/\/ozzidesign.eu\/de\/wp-json\/wp\/v2\/pages\/631","targetHints":{"allow":["GET"]}}],"collection":[{"href":"https:\/\/ozzidesign.eu\/de\/wp-json\/wp\/v2\/pages"}],"about":[{"href":"https:\/\/ozzidesign.eu\/de\/wp-json\/wp\/v2\/types\/page"}],"author":[{"embeddable":true,"href":"https:\/\/ozzidesign.eu\/de\/wp-json\/wp\/v2\/users\/1"}],"replies":[{"embeddable":true,"href":"https:\/\/ozzidesign.eu\/de\/wp-json\/wp\/v2\/comments?post=631"}],"version-history":[{"count":6,"href":"https:\/\/ozzidesign.eu\/de\/wp-json\/wp\/v2\/pages\/631\/revisions"}],"predecessor-version":[{"id":5286,"href":"https:\/\/ozzidesign.eu\/de\/wp-json\/wp\/v2\/pages\/631\/revisions\/5286"}],"wp:attachment":[{"href":"https:\/\/ozzidesign.eu\/de\/wp-json\/wp\/v2\/media?parent=631"}],"curies":[{"name":"wp","href":"https:\/\/api.w.org\/{rel}","templated":true}]}}