{"id":3541,"date":"2026-02-04T09:43:21","date_gmt":"2026-02-04T08:43:21","guid":{"rendered":"https:\/\/ozzidesign.eu\/produkt\/stoffmuster\/"},"modified":"2026-02-27T08:39:26","modified_gmt":"2026-02-27T07:39:26","slug":"stoffmuster","status":"publish","type":"product","link":"https:\/\/ozzidesign.eu\/de\/produkt\/stoffmuster\/","title":{"rendered":"Stoffmuster"},"content":{"rendered":"<h3 data-start=\"221\" data-end=\"278\">Stoffmuster \u2013 Velours und andere Kollektionen<\/h3>\n<p data-start=\"280\" data-end=\"479\">Die Auswahl des richtigen Stoffes ist ein entscheidender Schritt bei der Gestaltung von M\u00f6beln. Deshalb bieten wir Ihnen Muster von M\u00f6belstoffen an, damit Sie vor der Bestellung die Farbe, Struktur und Qualit\u00e4t des Materials beurteilen k\u00f6nnen. Im Rahmen Ihrer Bestellung k\u00f6nnen Sie bis zu <strong>10 Stoffmuster v\u00f6llig kostenlos<\/strong> ausw\u00e4hlen \u2013 Sie zahlen lediglich die Versandkosten. So k\u00f6nnen Sie ohne Risiko pr\u00fcfen, wie Velours und andere Stoffe in nat\u00fcrlichem Licht wirken, welche Struktur sie haben und ob sie zum Charakter Ihres Interieurs passen. Das Set enth\u00e4lt Muster der Polsterstoffe, die Ozzi Design bei der Herstellung von ma\u00dfgefertigten M\u00f6beln verwendet. Dies ist eine praktische L\u00f6sung sowohl f\u00fcr Privatkunden als auch f\u00fcr Designer, Architekten und Investoren, die Wohn- und Gewerbeprojekte realisieren.     <\/p>\n<h3 data-start=\"210\" data-end=\"276\">Zertifizierte Stoffe f\u00fcr den privaten und gewerblichen Gebrauch<\/h3>\n<p data-start=\"278\" data-end=\"690\">Viele der verf\u00fcgbaren M\u00f6belstoffe verf\u00fcgen \u00fcber <a href=\"https:\/\/ozzidesign.eu\/de\/zertifikate\/\">Zertifikate<\/a>, die ihre Qualit\u00e4t, Langlebigkeit und Sicherheit best\u00e4tigen. Dadurch eignen sie sich nicht nur hervorragend f\u00fcr den privaten Gebrauch, sondern auch f\u00fcr Hotels, Restaurants und gewerbliche Einrichtungen. Sie sind die ideale L\u00f6sung f\u00fcr Projekte, bei denen \u00c4sthetik, Widerstandsf\u00e4higkeit gegen intensive Nutzung und die Einhaltung von Branchenanforderungen eine Rolle spielen. Um Ihnen die Auswahl des richtigen Materials zu erleichtern, laden wir Sie ein, unsere Unterseite <a href=\"https:\/\/ozzidesign.eu\/de\/stoffkatalog\/\">Stoffkatalog<\/a> zu besuchen. Dort finden Sie detaillierte Beschreibungen der Kollektionen, Informationen zu den Eigenschaften der Materialien und technische Datenbl\u00e4tter, sodass Sie den Stoff bewusst auf ein bestimmtes Projekt und dessen Verwendungszweck abstimmen k\u00f6nnen.    <\/p>\n","protected":false},"excerpt":{"rendered":"<p>Stoffmuster \u2013 Velours und andere Kollektionen Die Auswahl des richtigen Stoffes ist ein entscheidender Schritt bei der Gestaltung von M\u00f6beln. Deshalb bieten wir Ihnen Muster von M\u00f6belstoffen an, damit Sie vor der Bestellung die Farbe, Struktur und Qualit\u00e4t des Materials beurteilen k\u00f6nnen. Im Rahmen Ihrer Bestellung k\u00f6nnen Sie bis zu 10 Stoffmuster v\u00f6llig kostenlos ausw\u00e4hlen [&hellip;]<\/p>\n","protected":false},"featured_media":6415,"template":"","meta":{"_acf_changed":false},"product_brand":[],"product_cat":[394],"product_tag":[],"class_list":{"0":"post-3541","1":"product","2":"type-product","3":"status-publish","4":"has-post-thumbnail","6":"product_cat-stoffe","7":"product_shipping_class-stoffe","8":"tm-has-options","10":"first","11":"instock","12":"sold-individually","13":"shipping-taxable","14":"purchasable","15":"product-type-simple"},"acf":[],"yoast_head":"<!-- This site is optimized with the Yoast SEO plugin v27.5 - https:\/\/yoast.com\/product\/yoast-seo-wordpress\/ -->\n<title>Muster von Polsterstoffen | Ozzi Design \u2013 Hersteller von Polsterm\u00f6beln<\/title>\n<meta name=\"description\" content=\"Stoffmuster f\u00fcr Polsterm\u00f6bel bestellen und Farbe sowie Struktur vor dem M\u00f6belkauf pr\u00fcfen. Samt, Boucl\u00e9, Leder und viele weitere Bezugsstoffe.\" \/>\n<meta name=\"robots\" content=\"index, follow, max-snippet:-1, max-image-preview:large, max-video-preview:-1\" \/>\n<link rel=\"canonical\" href=\"https:\/\/ozzidesign.eu\/de\/produkt\/stoffmuster\/\" \/>\n<meta property=\"og:locale\" content=\"de_DE\" \/>\n<meta property=\"og:type\" content=\"article\" \/>\n<meta property=\"og:title\" content=\"Muster von Polsterstoffen | Ozzi Design \u2013 Hersteller von Polsterm\u00f6beln\" \/>\n<meta property=\"og:description\" content=\"Stoffmuster f\u00fcr Polsterm\u00f6bel bestellen und Farbe sowie Struktur vor dem M\u00f6belkauf pr\u00fcfen. Samt, Boucl\u00e9, Leder und viele weitere Bezugsstoffe.\" \/>\n<meta property=\"og:url\" content=\"https:\/\/ozzidesign.eu\/de\/produkt\/stoffmuster\/\" \/>\n<meta property=\"og:site_name\" content=\"Ozzi Design\" \/>\n<meta property=\"article:publisher\" content=\"https:\/\/www.facebook.com\/OzziDesignn\/\" \/>\n<meta property=\"article:modified_time\" content=\"2026-02-27T07:39:26+00:00\" \/>\n<meta property=\"og:image\" content=\"https:\/\/ozzidesign.eu\/wp-content\/uploads\/2026\/02\/probki-tkanin-obiciowych-do-mebli-tapicerowanych.webp\" \/>\n\t<meta property=\"og:image:width\" content=\"1024\" \/>\n\t<meta property=\"og:image:height\" content=\"1024\" \/>\n\t<meta property=\"og:image:type\" content=\"image\/webp\" \/>\n<meta name=\"twitter:card\" content=\"summary_large_image\" \/>\n<meta name=\"twitter:label1\" content=\"Gesch\u00e4tzte Lesezeit\" \/>\n\t<meta name=\"twitter:data1\" content=\"1\u00a0Minute\" \/>\n<script type=\"application\/ld+json\" class=\"yoast-schema-graph\">{\"@context\":\"https:\\\/\\\/schema.org\",\"@graph\":[{\"@type\":\"WebPage\",\"@id\":\"https:\\\/\\\/ozzidesign.eu\\\/de\\\/produkt\\\/stoffmuster\\\/\",\"url\":\"https:\\\/\\\/ozzidesign.eu\\\/de\\\/produkt\\\/stoffmuster\\\/\",\"name\":\"Muster von Polsterstoffen | Ozzi Design \u2013 Hersteller von Polsterm\u00f6beln\",\"isPartOf\":{\"@id\":\"https:\\\/\\\/ozzidesign.eu\\\/de\\\/#website\"},\"primaryImageOfPage\":{\"@id\":\"https:\\\/\\\/ozzidesign.eu\\\/de\\\/produkt\\\/stoffmuster\\\/#primaryimage\"},\"image\":{\"@id\":\"https:\\\/\\\/ozzidesign.eu\\\/de\\\/produkt\\\/stoffmuster\\\/#primaryimage\"},\"thumbnailUrl\":\"https:\\\/\\\/ozzidesign.eu\\\/wp-content\\\/uploads\\\/2026\\\/02\\\/probki-tkanin-obiciowych-do-mebli-tapicerowanych-1.webp\",\"datePublished\":\"2026-02-04T08:43:21+00:00\",\"dateModified\":\"2026-02-27T07:39:26+00:00\",\"description\":\"Stoffmuster f\u00fcr Polsterm\u00f6bel bestellen und Farbe sowie Struktur vor dem M\u00f6belkauf pr\u00fcfen. Samt, Boucl\u00e9, Leder und viele weitere Bezugsstoffe.\",\"breadcrumb\":{\"@id\":\"https:\\\/\\\/ozzidesign.eu\\\/de\\\/produkt\\\/stoffmuster\\\/#breadcrumb\"},\"inLanguage\":\"de\",\"potentialAction\":[{\"@type\":\"ReadAction\",\"target\":[\"https:\\\/\\\/ozzidesign.eu\\\/de\\\/produkt\\\/stoffmuster\\\/\"]}]},{\"@type\":\"ImageObject\",\"inLanguage\":\"de\",\"@id\":\"https:\\\/\\\/ozzidesign.eu\\\/de\\\/produkt\\\/stoffmuster\\\/#primaryimage\",\"url\":\"https:\\\/\\\/ozzidesign.eu\\\/wp-content\\\/uploads\\\/2026\\\/02\\\/probki-tkanin-obiciowych-do-mebli-tapicerowanych-1.webp\",\"contentUrl\":\"https:\\\/\\\/ozzidesign.eu\\\/wp-content\\\/uploads\\\/2026\\\/02\\\/probki-tkanin-obiciowych-do-mebli-tapicerowanych-1.webp\",\"width\":1025,\"height\":1025,\"caption\":\"Pr\u00f3bki tkanin obiciowych do mebli, z kt\u00f3rych korzysta firma Ozzi Desing Producent mebli tapicerowanych ma wymiar\"},{\"@type\":\"BreadcrumbList\",\"@id\":\"https:\\\/\\\/ozzidesign.eu\\\/de\\\/produkt\\\/stoffmuster\\\/#breadcrumb\",\"itemListElement\":[{\"@type\":\"ListItem\",\"position\":1,\"name\":\"Strona g\u0142\u00f3wna\",\"item\":\"https:\\\/\\\/ozzidesign.eu\\\/de\\\/startseite\\\/\"},{\"@type\":\"ListItem\",\"position\":2,\"name\":\"Gesch\u00e4ft\",\"item\":\"https:\\\/\\\/ozzidesign.eu\\\/de\\\/shop\\\/\"},{\"@type\":\"ListItem\",\"position\":3,\"name\":\"Stoffmuster\"}]},{\"@type\":\"WebSite\",\"@id\":\"https:\\\/\\\/ozzidesign.eu\\\/de\\\/#website\",\"url\":\"https:\\\/\\\/ozzidesign.eu\\\/de\\\/\",\"name\":\"Ozzi Design\",\"description\":\"Hersteller von Polsterm\u00f6beln\",\"publisher\":{\"@id\":\"https:\\\/\\\/ozzidesign.eu\\\/de\\\/#organization\"},\"alternateName\":\"Ozzi Design\",\"potentialAction\":[{\"@type\":\"SearchAction\",\"target\":{\"@type\":\"EntryPoint\",\"urlTemplate\":\"https:\\\/\\\/ozzidesign.eu\\\/de\\\/?s={search_term_string}\"},\"query-input\":{\"@type\":\"PropertyValueSpecification\",\"valueRequired\":true,\"valueName\":\"search_term_string\"}}],\"inLanguage\":\"de\"},{\"@type\":\"Organization\",\"@id\":\"https:\\\/\\\/ozzidesign.eu\\\/de\\\/#organization\",\"name\":\"Ozzi Design\",\"alternateName\":\"Ozzi Design\",\"url\":\"https:\\\/\\\/ozzidesign.eu\\\/de\\\/\",\"logo\":{\"@type\":\"ImageObject\",\"inLanguage\":\"de\",\"@id\":\"https:\\\/\\\/ozzidesign.eu\\\/de\\\/#\\\/schema\\\/logo\\\/image\\\/\",\"url\":\"https:\\\/\\\/ozzidesign.eu\\\/wp-content\\\/uploads\\\/2025\\\/12\\\/logo-favicon.jpg\",\"contentUrl\":\"https:\\\/\\\/ozzidesign.eu\\\/wp-content\\\/uploads\\\/2025\\\/12\\\/logo-favicon.jpg\",\"width\":500,\"height\":500,\"caption\":\"Ozzi Design\"},\"image\":{\"@id\":\"https:\\\/\\\/ozzidesign.eu\\\/de\\\/#\\\/schema\\\/logo\\\/image\\\/\"},\"sameAs\":[\"https:\\\/\\\/www.facebook.com\\\/OzziDesignn\\\/\",\"https:\\\/\\\/www.instagram.com\\\/ozzidesign_furniture\\\/\",\"https:\\\/\\\/www.youtube.com\\\/@Ozzidesign\\\/videos\",\"https:\\\/\\\/www.etsy.com\\\/pl\\\/shop\\\/OzziDesign\",\"https:\\\/\\\/pl.pinterest.com\\\/OzziDesigne\"]}]}<\/script>\n<!-- \/ Yoast SEO plugin. -->","yoast_head_json":{"title":"Muster von Polsterstoffen | Ozzi Design \u2013 Hersteller von Polsterm\u00f6beln","description":"Stoffmuster f\u00fcr Polsterm\u00f6bel bestellen und Farbe sowie Struktur vor dem M\u00f6belkauf pr\u00fcfen. Samt, Boucl\u00e9, Leder und viele weitere Bezugsstoffe.","robots":{"index":"index","follow":"follow","max-snippet":"max-snippet:-1","max-image-preview":"max-image-preview:large","max-video-preview":"max-video-preview:-1"},"canonical":"https:\/\/ozzidesign.eu\/de\/produkt\/stoffmuster\/","og_locale":"de_DE","og_type":"article","og_title":"Muster von Polsterstoffen | Ozzi Design \u2013 Hersteller von Polsterm\u00f6beln","og_description":"Stoffmuster f\u00fcr Polsterm\u00f6bel bestellen und Farbe sowie Struktur vor dem M\u00f6belkauf pr\u00fcfen. Samt, Boucl\u00e9, Leder und viele weitere Bezugsstoffe.","og_url":"https:\/\/ozzidesign.eu\/de\/produkt\/stoffmuster\/","og_site_name":"Ozzi Design","article_publisher":"https:\/\/www.facebook.com\/OzziDesignn\/","article_modified_time":"2026-02-27T07:39:26+00:00","og_image":[{"width":1024,"height":1024,"url":"https:\/\/ozzidesign.eu\/wp-content\/uploads\/2026\/02\/probki-tkanin-obiciowych-do-mebli-tapicerowanych.webp","type":"image\/webp"}],"twitter_card":"summary_large_image","twitter_misc":{"Gesch\u00e4tzte Lesezeit":"1\u00a0Minute"},"schema":{"@context":"https:\/\/schema.org","@graph":[{"@type":"WebPage","@id":"https:\/\/ozzidesign.eu\/de\/produkt\/stoffmuster\/","url":"https:\/\/ozzidesign.eu\/de\/produkt\/stoffmuster\/","name":"Muster von Polsterstoffen | Ozzi Design \u2013 Hersteller von Polsterm\u00f6beln","isPartOf":{"@id":"https:\/\/ozzidesign.eu\/de\/#website"},"primaryImageOfPage":{"@id":"https:\/\/ozzidesign.eu\/de\/produkt\/stoffmuster\/#primaryimage"},"image":{"@id":"https:\/\/ozzidesign.eu\/de\/produkt\/stoffmuster\/#primaryimage"},"thumbnailUrl":"https:\/\/ozzidesign.eu\/wp-content\/uploads\/2026\/02\/probki-tkanin-obiciowych-do-mebli-tapicerowanych-1.webp","datePublished":"2026-02-04T08:43:21+00:00","dateModified":"2026-02-27T07:39:26+00:00","description":"Stoffmuster f\u00fcr Polsterm\u00f6bel bestellen und Farbe sowie Struktur vor dem M\u00f6belkauf pr\u00fcfen. Samt, Boucl\u00e9, Leder und viele weitere Bezugsstoffe.","breadcrumb":{"@id":"https:\/\/ozzidesign.eu\/de\/produkt\/stoffmuster\/#breadcrumb"},"inLanguage":"de","potentialAction":[{"@type":"ReadAction","target":["https:\/\/ozzidesign.eu\/de\/produkt\/stoffmuster\/"]}]},{"@type":"ImageObject","inLanguage":"de","@id":"https:\/\/ozzidesign.eu\/de\/produkt\/stoffmuster\/#primaryimage","url":"https:\/\/ozzidesign.eu\/wp-content\/uploads\/2026\/02\/probki-tkanin-obiciowych-do-mebli-tapicerowanych-1.webp","contentUrl":"https:\/\/ozzidesign.eu\/wp-content\/uploads\/2026\/02\/probki-tkanin-obiciowych-do-mebli-tapicerowanych-1.webp","width":1025,"height":1025,"caption":"Pr\u00f3bki tkanin obiciowych do mebli, z kt\u00f3rych korzysta firma Ozzi Desing Producent mebli tapicerowanych ma wymiar"},{"@type":"BreadcrumbList","@id":"https:\/\/ozzidesign.eu\/de\/produkt\/stoffmuster\/#breadcrumb","itemListElement":[{"@type":"ListItem","position":1,"name":"Strona g\u0142\u00f3wna","item":"https:\/\/ozzidesign.eu\/de\/startseite\/"},{"@type":"ListItem","position":2,"name":"Gesch\u00e4ft","item":"https:\/\/ozzidesign.eu\/de\/shop\/"},{"@type":"ListItem","position":3,"name":"Stoffmuster"}]},{"@type":"WebSite","@id":"https:\/\/ozzidesign.eu\/de\/#website","url":"https:\/\/ozzidesign.eu\/de\/","name":"Ozzi Design","description":"Hersteller von Polsterm\u00f6beln","publisher":{"@id":"https:\/\/ozzidesign.eu\/de\/#organization"},"alternateName":"Ozzi Design","potentialAction":[{"@type":"SearchAction","target":{"@type":"EntryPoint","urlTemplate":"https:\/\/ozzidesign.eu\/de\/?s={search_term_string}"},"query-input":{"@type":"PropertyValueSpecification","valueRequired":true,"valueName":"search_term_string"}}],"inLanguage":"de"},{"@type":"Organization","@id":"https:\/\/ozzidesign.eu\/de\/#organization","name":"Ozzi Design","alternateName":"Ozzi Design","url":"https:\/\/ozzidesign.eu\/de\/","logo":{"@type":"ImageObject","inLanguage":"de","@id":"https:\/\/ozzidesign.eu\/de\/#\/schema\/logo\/image\/","url":"https:\/\/ozzidesign.eu\/wp-content\/uploads\/2025\/12\/logo-favicon.jpg","contentUrl":"https:\/\/ozzidesign.eu\/wp-content\/uploads\/2025\/12\/logo-favicon.jpg","width":500,"height":500,"caption":"Ozzi Design"},"image":{"@id":"https:\/\/ozzidesign.eu\/de\/#\/schema\/logo\/image\/"},"sameAs":["https:\/\/www.facebook.com\/OzziDesignn\/","https:\/\/www.instagram.com\/ozzidesign_furniture\/","https:\/\/www.youtube.com\/@Ozzidesign\/videos","https:\/\/www.etsy.com\/pl\/shop\/OzziDesign","https:\/\/pl.pinterest.com\/OzziDesigne"]}]}},"_links":{"self":[{"href":"https:\/\/ozzidesign.eu\/de\/wp-json\/wp\/v2\/product\/3541","targetHints":{"allow":["GET"]}}],"collection":[{"href":"https:\/\/ozzidesign.eu\/de\/wp-json\/wp\/v2\/product"}],"about":[{"href":"https:\/\/ozzidesign.eu\/de\/wp-json\/wp\/v2\/types\/product"}],"version-history":[{"count":5,"href":"https:\/\/ozzidesign.eu\/de\/wp-json\/wp\/v2\/product\/3541\/revisions"}],"predecessor-version":[{"id":5614,"href":"https:\/\/ozzidesign.eu\/de\/wp-json\/wp\/v2\/product\/3541\/revisions\/5614"}],"wp:featuredmedia":[{"embeddable":true,"href":"https:\/\/ozzidesign.eu\/de\/wp-json\/wp\/v2\/media\/6415"}],"wp:attachment":[{"href":"https:\/\/ozzidesign.eu\/de\/wp-json\/wp\/v2\/media?parent=3541"}],"wp:term":[{"taxonomy":"product_brand","embeddable":true,"href":"https:\/\/ozzidesign.eu\/de\/wp-json\/wp\/v2\/product_brand?post=3541"},{"taxonomy":"product_cat","embeddable":true,"href":"https:\/\/ozzidesign.eu\/de\/wp-json\/wp\/v2\/product_cat?post=3541"},{"taxonomy":"product_tag","embeddable":true,"href":"https:\/\/ozzidesign.eu\/de\/wp-json\/wp\/v2\/product_tag?post=3541"}],"curies":[{"name":"wp","href":"https:\/\/api.w.org\/{rel}","templated":true}]}}