{"id":7706,"date":"2026-04-07T18:36:45","date_gmt":"2026-04-07T16:36:45","guid":{"rendered":"https:\/\/ozzidesign.eu\/produkt\/klassischer-ohrensessel\/"},"modified":"2026-04-07T18:36:45","modified_gmt":"2026-04-07T16:36:45","slug":"klassischer-ohrensessel","status":"publish","type":"product","link":"https:\/\/ozzidesign.eu\/de\/produkt\/klassischer-ohrensessel\/","title":{"rendered":"Klassischer Ohrensessel"},"content":{"rendered":"<h2>Klassischer Ohrensessel \u2013 bequemer Sessel f\u00fcr Wohnzimmer, Lesen und Stillen<\/h2>\n<p>Der klassische Ohrensessel ist ein komfortabler Polstersessel, der sich ideal als Sessel f\u00fcr das Wohnzimmer, Lesesessel, Relaxsessel sowie als Still\u00adsessel eignet. Die hohe R\u00fcckenlehne mit charakteristischen \u201eOhren\u201c bietet eine bequeme Unterst\u00fctzung f\u00fcr R\u00fccken und Kopf, w\u00e4hrend die weiche Sitzfl\u00e4che den Sitzkomfort erh\u00f6ht. Die schlichte Form ohne Steppung macht ihn zu einem modernen Ohrensessel, der sowohl in klassische als auch in moderne Innenr\u00e4ume passt.  <\/p>\n<p>Dieser bequeme Sessel f\u00fcr das Wohnzimmer kann neben einem Sofa, Couchtisch, in einer Leseecke, am Kamin oder im Schlafzimmer platziert werden. Er eignet sich auch hervorragend als Sessel f\u00fcr das Kinderzimmer oder als Still\u00adsessel. Ein optionaler Fu\u00dfhocker erm\u00f6glicht es, ein komfortables Lounge-Set zu schaffen und den Entspannungsfaktor zu erh\u00f6hen. Er ist die ideale Wahl zum Entspannen, Fernsehen und f\u00fcr den t\u00e4glichen Gebrauch.   <\/p>\n<p>Der Ohrensessel ist auf Bestellung erh\u00e4ltlich, sodass Ma\u00dfe, Farbe und Ausf\u00fchrung individuell angepasst werden k\u00f6nnen. Eine gro\u00dfe Auswahl an Materialien umfasst Velours, Samt, Strukturstoffe, gewebte Stoffe sowie Kunstleder. Dadurch f\u00fcgt sich der Polstersessel perfekt in verschiedene Einrichtungsstile ein \u2013 skandinavisch, Loft, modern, klassisch und Glamour.  <\/p>\n","protected":false},"excerpt":{"rendered":"<p>Bequemer Sessel f\u00fcr Wohnzimmer, Entspannung und Stillen<\/p>\n","protected":false},"featured_media":7700,"template":"","meta":{"_acf_changed":false},"product_brand":[],"product_cat":[384],"product_tag":[],"class_list":{"0":"post-7706","1":"product","2":"type-product","3":"status-publish","4":"has-post-thumbnail","6":"product_cat-sessel","7":"tm-has-options","9":"first","10":"instock","11":"shipping-taxable","12":"purchasable","13":"product-type-simple"},"acf":[],"yoast_head":"<!-- This site is optimized with the Yoast SEO plugin v27.3 - https:\/\/yoast.com\/product\/yoast-seo-wordpress\/ -->\n<title>Klassischer Ohrensessel | Ozzi Design<\/title>\n<meta name=\"description\" content=\"Ohrensessel nach Ma\u00df \u2013 bequemer Sessel f\u00fcr Wohnzimmer, Lesen und Stillen. W\u00e4hlen Sie Farbe, Stoff und Ma\u00dfe und passen Sie den Sessel perfekt an Ihr Interieur an.\" \/>\n<meta name=\"robots\" content=\"index, follow, max-snippet:-1, max-image-preview:large, max-video-preview:-1\" \/>\n<link rel=\"canonical\" href=\"https:\/\/ozzidesign.eu\/de\/produkt\/klassischer-ohrensessel\/\" \/>\n<meta property=\"og:locale\" content=\"de_DE\" \/>\n<meta property=\"og:type\" content=\"article\" \/>\n<meta property=\"og:title\" content=\"Klassischer Ohrensessel | Ozzi Design\" \/>\n<meta property=\"og:description\" content=\"Ohrensessel nach Ma\u00df \u2013 bequemer Sessel f\u00fcr Wohnzimmer, Lesen und Stillen. W\u00e4hlen Sie Farbe, Stoff und Ma\u00dfe und passen Sie den Sessel perfekt an Ihr Interieur an.\" \/>\n<meta property=\"og:url\" content=\"https:\/\/ozzidesign.eu\/de\/produkt\/klassischer-ohrensessel\/\" \/>\n<meta property=\"og:site_name\" content=\"Ozzi Design\" \/>\n<meta property=\"article:publisher\" content=\"https:\/\/www.facebook.com\/OzziDesignn\/\" \/>\n<meta property=\"og:image\" content=\"https:\/\/ozzidesign.eu\/wp-content\/uploads\/2026\/04\/kremowy-fotel-uszak-boucle-salon-nowoczesny.webp\" \/>\n\t<meta property=\"og:image:width\" content=\"1024\" \/>\n\t<meta property=\"og:image:height\" content=\"1024\" \/>\n\t<meta property=\"og:image:type\" content=\"image\/webp\" \/>\n<meta name=\"twitter:card\" content=\"summary_large_image\" \/>\n<meta name=\"twitter:label1\" content=\"Gesch\u00e4tzte Lesezeit\" \/>\n\t<meta name=\"twitter:data1\" content=\"1\u00a0Minute\" \/>\n<script type=\"application\/ld+json\" class=\"yoast-schema-graph\">{\"@context\":\"https:\\\/\\\/schema.org\",\"@graph\":[{\"@type\":\"WebPage\",\"@id\":\"https:\\\/\\\/ozzidesign.eu\\\/de\\\/produkt\\\/klassischer-ohrensessel\\\/\",\"url\":\"https:\\\/\\\/ozzidesign.eu\\\/de\\\/produkt\\\/klassischer-ohrensessel\\\/\",\"name\":\"Klassischer Ohrensessel | Ozzi Design\",\"isPartOf\":{\"@id\":\"https:\\\/\\\/ozzidesign.eu\\\/de\\\/#website\"},\"primaryImageOfPage\":{\"@id\":\"https:\\\/\\\/ozzidesign.eu\\\/de\\\/produkt\\\/klassischer-ohrensessel\\\/#primaryimage\"},\"image\":{\"@id\":\"https:\\\/\\\/ozzidesign.eu\\\/de\\\/produkt\\\/klassischer-ohrensessel\\\/#primaryimage\"},\"thumbnailUrl\":\"https:\\\/\\\/ozzidesign.eu\\\/wp-content\\\/uploads\\\/2026\\\/04\\\/kremowy-fotel-uszak-boucle-salon-nowoczesny.webp\",\"datePublished\":\"2026-04-07T16:36:45+00:00\",\"description\":\"Ohrensessel nach Ma\u00df \u2013 bequemer Sessel f\u00fcr Wohnzimmer, Lesen und Stillen. W\u00e4hlen Sie Farbe, Stoff und Ma\u00dfe und passen Sie den Sessel perfekt an Ihr Interieur an.\",\"breadcrumb\":{\"@id\":\"https:\\\/\\\/ozzidesign.eu\\\/de\\\/produkt\\\/klassischer-ohrensessel\\\/#breadcrumb\"},\"inLanguage\":\"de\",\"potentialAction\":[{\"@type\":\"ReadAction\",\"target\":[\"https:\\\/\\\/ozzidesign.eu\\\/de\\\/produkt\\\/klassischer-ohrensessel\\\/\"]}]},{\"@type\":\"ImageObject\",\"inLanguage\":\"de\",\"@id\":\"https:\\\/\\\/ozzidesign.eu\\\/de\\\/produkt\\\/klassischer-ohrensessel\\\/#primaryimage\",\"url\":\"https:\\\/\\\/ozzidesign.eu\\\/wp-content\\\/uploads\\\/2026\\\/04\\\/kremowy-fotel-uszak-boucle-salon-nowoczesny.webp\",\"contentUrl\":\"https:\\\/\\\/ozzidesign.eu\\\/wp-content\\\/uploads\\\/2026\\\/04\\\/kremowy-fotel-uszak-boucle-salon-nowoczesny.webp\",\"width\":1024,\"height\":1024,\"caption\":\"Cremefarbener Boucl\u00e9 Ohrensessel im modernen Wohnzimmer mit Holzm\u00f6beln\"},{\"@type\":\"BreadcrumbList\",\"@id\":\"https:\\\/\\\/ozzidesign.eu\\\/de\\\/produkt\\\/klassischer-ohrensessel\\\/#breadcrumb\",\"itemListElement\":[{\"@type\":\"ListItem\",\"position\":1,\"name\":\"Strona g\u0142\u00f3wna\",\"item\":\"https:\\\/\\\/ozzidesign.eu\\\/de\\\/startseite\\\/\"},{\"@type\":\"ListItem\",\"position\":2,\"name\":\"Gesch\u00e4ft\",\"item\":\"https:\\\/\\\/ozzidesign.eu\\\/de\\\/shop\\\/\"},{\"@type\":\"ListItem\",\"position\":3,\"name\":\"Klassischer Ohrensessel\"}]},{\"@type\":\"WebSite\",\"@id\":\"https:\\\/\\\/ozzidesign.eu\\\/de\\\/#website\",\"url\":\"https:\\\/\\\/ozzidesign.eu\\\/de\\\/\",\"name\":\"Ozzi Design\",\"description\":\"Hersteller von Polsterm\u00f6beln\",\"publisher\":{\"@id\":\"https:\\\/\\\/ozzidesign.eu\\\/de\\\/#organization\"},\"alternateName\":\"Ozzi Design\",\"potentialAction\":[{\"@type\":\"SearchAction\",\"target\":{\"@type\":\"EntryPoint\",\"urlTemplate\":\"https:\\\/\\\/ozzidesign.eu\\\/de\\\/?s={search_term_string}\"},\"query-input\":{\"@type\":\"PropertyValueSpecification\",\"valueRequired\":true,\"valueName\":\"search_term_string\"}}],\"inLanguage\":\"de\"},{\"@type\":\"Organization\",\"@id\":\"https:\\\/\\\/ozzidesign.eu\\\/de\\\/#organization\",\"name\":\"Ozzi Design\",\"alternateName\":\"Ozzi Design\",\"url\":\"https:\\\/\\\/ozzidesign.eu\\\/de\\\/\",\"logo\":{\"@type\":\"ImageObject\",\"inLanguage\":\"de\",\"@id\":\"https:\\\/\\\/ozzidesign.eu\\\/de\\\/#\\\/schema\\\/logo\\\/image\\\/\",\"url\":\"https:\\\/\\\/ozzidesign.eu\\\/wp-content\\\/uploads\\\/2025\\\/12\\\/logo-favicon.jpg\",\"contentUrl\":\"https:\\\/\\\/ozzidesign.eu\\\/wp-content\\\/uploads\\\/2025\\\/12\\\/logo-favicon.jpg\",\"width\":500,\"height\":500,\"caption\":\"Ozzi Design\"},\"image\":{\"@id\":\"https:\\\/\\\/ozzidesign.eu\\\/de\\\/#\\\/schema\\\/logo\\\/image\\\/\"},\"sameAs\":[\"https:\\\/\\\/www.facebook.com\\\/OzziDesignn\\\/\",\"https:\\\/\\\/www.instagram.com\\\/ozzidesign_furniture\\\/\",\"https:\\\/\\\/www.youtube.com\\\/@Ozzidesign\\\/videos\",\"https:\\\/\\\/www.etsy.com\\\/pl\\\/shop\\\/OzziDesign\",\"https:\\\/\\\/pl.pinterest.com\\\/OzziDesigne\"]}]}<\/script>\n<!-- \/ Yoast SEO plugin. -->","yoast_head_json":{"title":"Klassischer Ohrensessel | Ozzi Design","description":"Ohrensessel nach Ma\u00df \u2013 bequemer Sessel f\u00fcr Wohnzimmer, Lesen und Stillen. W\u00e4hlen Sie Farbe, Stoff und Ma\u00dfe und passen Sie den Sessel perfekt an Ihr Interieur an.","robots":{"index":"index","follow":"follow","max-snippet":"max-snippet:-1","max-image-preview":"max-image-preview:large","max-video-preview":"max-video-preview:-1"},"canonical":"https:\/\/ozzidesign.eu\/de\/produkt\/klassischer-ohrensessel\/","og_locale":"de_DE","og_type":"article","og_title":"Klassischer Ohrensessel | Ozzi Design","og_description":"Ohrensessel nach Ma\u00df \u2013 bequemer Sessel f\u00fcr Wohnzimmer, Lesen und Stillen. W\u00e4hlen Sie Farbe, Stoff und Ma\u00dfe und passen Sie den Sessel perfekt an Ihr Interieur an.","og_url":"https:\/\/ozzidesign.eu\/de\/produkt\/klassischer-ohrensessel\/","og_site_name":"Ozzi Design","article_publisher":"https:\/\/www.facebook.com\/OzziDesignn\/","og_image":[{"width":1024,"height":1024,"url":"https:\/\/ozzidesign.eu\/wp-content\/uploads\/2026\/04\/kremowy-fotel-uszak-boucle-salon-nowoczesny.webp","type":"image\/webp"}],"twitter_card":"summary_large_image","twitter_misc":{"Gesch\u00e4tzte Lesezeit":"1\u00a0Minute"},"schema":{"@context":"https:\/\/schema.org","@graph":[{"@type":"WebPage","@id":"https:\/\/ozzidesign.eu\/de\/produkt\/klassischer-ohrensessel\/","url":"https:\/\/ozzidesign.eu\/de\/produkt\/klassischer-ohrensessel\/","name":"Klassischer Ohrensessel | Ozzi Design","isPartOf":{"@id":"https:\/\/ozzidesign.eu\/de\/#website"},"primaryImageOfPage":{"@id":"https:\/\/ozzidesign.eu\/de\/produkt\/klassischer-ohrensessel\/#primaryimage"},"image":{"@id":"https:\/\/ozzidesign.eu\/de\/produkt\/klassischer-ohrensessel\/#primaryimage"},"thumbnailUrl":"https:\/\/ozzidesign.eu\/wp-content\/uploads\/2026\/04\/kremowy-fotel-uszak-boucle-salon-nowoczesny.webp","datePublished":"2026-04-07T16:36:45+00:00","description":"Ohrensessel nach Ma\u00df \u2013 bequemer Sessel f\u00fcr Wohnzimmer, Lesen und Stillen. W\u00e4hlen Sie Farbe, Stoff und Ma\u00dfe und passen Sie den Sessel perfekt an Ihr Interieur an.","breadcrumb":{"@id":"https:\/\/ozzidesign.eu\/de\/produkt\/klassischer-ohrensessel\/#breadcrumb"},"inLanguage":"de","potentialAction":[{"@type":"ReadAction","target":["https:\/\/ozzidesign.eu\/de\/produkt\/klassischer-ohrensessel\/"]}]},{"@type":"ImageObject","inLanguage":"de","@id":"https:\/\/ozzidesign.eu\/de\/produkt\/klassischer-ohrensessel\/#primaryimage","url":"https:\/\/ozzidesign.eu\/wp-content\/uploads\/2026\/04\/kremowy-fotel-uszak-boucle-salon-nowoczesny.webp","contentUrl":"https:\/\/ozzidesign.eu\/wp-content\/uploads\/2026\/04\/kremowy-fotel-uszak-boucle-salon-nowoczesny.webp","width":1024,"height":1024,"caption":"Cremefarbener Boucl\u00e9 Ohrensessel im modernen Wohnzimmer mit Holzm\u00f6beln"},{"@type":"BreadcrumbList","@id":"https:\/\/ozzidesign.eu\/de\/produkt\/klassischer-ohrensessel\/#breadcrumb","itemListElement":[{"@type":"ListItem","position":1,"name":"Strona g\u0142\u00f3wna","item":"https:\/\/ozzidesign.eu\/de\/startseite\/"},{"@type":"ListItem","position":2,"name":"Gesch\u00e4ft","item":"https:\/\/ozzidesign.eu\/de\/shop\/"},{"@type":"ListItem","position":3,"name":"Klassischer Ohrensessel"}]},{"@type":"WebSite","@id":"https:\/\/ozzidesign.eu\/de\/#website","url":"https:\/\/ozzidesign.eu\/de\/","name":"Ozzi Design","description":"Hersteller von Polsterm\u00f6beln","publisher":{"@id":"https:\/\/ozzidesign.eu\/de\/#organization"},"alternateName":"Ozzi Design","potentialAction":[{"@type":"SearchAction","target":{"@type":"EntryPoint","urlTemplate":"https:\/\/ozzidesign.eu\/de\/?s={search_term_string}"},"query-input":{"@type":"PropertyValueSpecification","valueRequired":true,"valueName":"search_term_string"}}],"inLanguage":"de"},{"@type":"Organization","@id":"https:\/\/ozzidesign.eu\/de\/#organization","name":"Ozzi Design","alternateName":"Ozzi Design","url":"https:\/\/ozzidesign.eu\/de\/","logo":{"@type":"ImageObject","inLanguage":"de","@id":"https:\/\/ozzidesign.eu\/de\/#\/schema\/logo\/image\/","url":"https:\/\/ozzidesign.eu\/wp-content\/uploads\/2025\/12\/logo-favicon.jpg","contentUrl":"https:\/\/ozzidesign.eu\/wp-content\/uploads\/2025\/12\/logo-favicon.jpg","width":500,"height":500,"caption":"Ozzi Design"},"image":{"@id":"https:\/\/ozzidesign.eu\/de\/#\/schema\/logo\/image\/"},"sameAs":["https:\/\/www.facebook.com\/OzziDesignn\/","https:\/\/www.instagram.com\/ozzidesign_furniture\/","https:\/\/www.youtube.com\/@Ozzidesign\/videos","https:\/\/www.etsy.com\/pl\/shop\/OzziDesign","https:\/\/pl.pinterest.com\/OzziDesigne"]}]}},"_links":{"self":[{"href":"https:\/\/ozzidesign.eu\/de\/wp-json\/wp\/v2\/product\/7706","targetHints":{"allow":["GET"]}}],"collection":[{"href":"https:\/\/ozzidesign.eu\/de\/wp-json\/wp\/v2\/product"}],"about":[{"href":"https:\/\/ozzidesign.eu\/de\/wp-json\/wp\/v2\/types\/product"}],"version-history":[{"count":0,"href":"https:\/\/ozzidesign.eu\/de\/wp-json\/wp\/v2\/product\/7706\/revisions"}],"wp:featuredmedia":[{"embeddable":true,"href":"https:\/\/ozzidesign.eu\/de\/wp-json\/wp\/v2\/media\/7700"}],"wp:attachment":[{"href":"https:\/\/ozzidesign.eu\/de\/wp-json\/wp\/v2\/media?parent=7706"}],"wp:term":[{"taxonomy":"product_brand","embeddable":true,"href":"https:\/\/ozzidesign.eu\/de\/wp-json\/wp\/v2\/product_brand?post=7706"},{"taxonomy":"product_cat","embeddable":true,"href":"https:\/\/ozzidesign.eu\/de\/wp-json\/wp\/v2\/product_cat?post=7706"},{"taxonomy":"product_tag","embeddable":true,"href":"https:\/\/ozzidesign.eu\/de\/wp-json\/wp\/v2\/product_tag?post=7706"}],"curies":[{"name":"wp","href":"https:\/\/api.w.org\/{rel}","templated":true}]}}