{"id":7960,"date":"2026-04-17T15:40:30","date_gmt":"2026-04-17T13:40:30","guid":{"rendered":"https:\/\/ozzidesign.eu\/?post_type=product&#038;p=7960"},"modified":"2026-04-17T15:40:30","modified_gmt":"2026-04-17T13:40:30","slug":"farbenfroher-skandinavischer-schaukelstuhl","status":"publish","type":"product","link":"https:\/\/ozzidesign.eu\/de\/produkt\/farbenfroher-skandinavischer-schaukelstuhl\/","title":{"rendered":"Farbenfroher skandinavischer Schaukelstuhl"},"content":{"rendered":"<h2>Farbenfroher skandinavischer Schaukelstuhl \u2013 eleganter Samtstuhl f\u00fcr moderne Innenr\u00e4ume<\/h2>\n<p data-start=\"218\" data-end=\"606\">Der farbenfrohe skandinavische Schaukelstuhl ist ein stilvolles und bequemes M\u00f6belst\u00fcck, das sich ideal f\u00fcr das Wohnzimmer, das Schlafzimmer oder eine gem\u00fctliche Entspannungsecke eignet. Eine hohe, geschwungene R\u00fcckenlehne, eine weich gepolsterte Sitzfl\u00e4che und sanft geschwungene Armlehnen bieten hervorragenden Halt im t\u00e4glichen Gebrauch. Der Samtbezug an der Vorderseite in Kombination mit der R\u00fcckenlehne mit dekorativem Muster macht ihn zu einem einzigartigen und auff\u00e4lligen Blickfang.  <\/p>\n<p data-start=\"608\" data-end=\"910\">Dieses Modell eignet sich hervorragend als Lesesessel, Entspannungssessel oder als stilvolles Highlight in modernen Innenr\u00e4umen. Die Holzschaukelmechanik sorgt f\u00fcr eine sanfte und beruhigende Bewegung. Die leichte, skandinavisch inspirierte Form verleiht dem Sessel einen raffinierten und zeitgem\u00e4\u00dfen Look. Er f\u00fcgt sich m\u00fchelos in Boho-, Eklektik-, Mid-Century- und moderne Einrichtungsstile ein.   <\/p>\n<p data-start=\"912\" data-end=\"1252\">Jeder Sessel wird auf Bestellung aus hochwertigen Materialien handgefertigt. Es steht eine gro\u00dfe Auswahl an Stoffen und Farben zur Verf\u00fcgung, darunter Samt, strukturierte Bez\u00fcge und dekorative Muster. So k\u00f6nnen Sie ein individuelles M\u00f6belst\u00fcck gestalten, das perfekt zu Ihrer Einrichtung passt. Zur Vervollst\u00e4ndigung des Sets und f\u00fcr noch mehr Komfort kann zudem ein passender Fu\u00dfhocker hinzugef\u00fcgt werden.   <\/p>\n","protected":false},"excerpt":{"rendered":"<p>Farbenfroher Sessel mit gemusterter R\u00fcckenlehne<\/p>\n","protected":false},"featured_media":7933,"template":"","meta":{"_acf_changed":false},"product_brand":[],"product_cat":[384],"product_tag":[],"class_list":{"0":"post-7960","1":"product","2":"type-product","3":"status-publish","4":"has-post-thumbnail","6":"product_cat-sessel","7":"tm-has-options","9":"first","10":"instock","11":"shipping-taxable","12":"purchasable","13":"product-type-simple"},"acf":[],"yoast_head":"<!-- This site is optimized with the Yoast SEO plugin v27.5 - https:\/\/yoast.com\/product\/yoast-seo-wordpress\/ -->\n<title>Farbenfroher skandinavischer Schaukelstuhl | Ozzi Design<\/title>\n<meta name=\"description\" content=\"Farbenfroher skandinavischer Schaukelstuhl aus Samt mit gemusterter R\u00fcckenlehne. Stilvoll, bequem und ideal f\u00fcr das Wohnzimmer, das Schlafzimmer oder eine gem\u00fctliche Ecke.\" \/>\n<meta name=\"robots\" content=\"index, follow, max-snippet:-1, max-image-preview:large, max-video-preview:-1\" \/>\n<link rel=\"canonical\" href=\"https:\/\/ozzidesign.eu\/de\/produkt\/farbenfroher-skandinavischer-schaukelstuhl\/\" \/>\n<meta property=\"og:locale\" content=\"de_DE\" \/>\n<meta property=\"og:type\" content=\"article\" \/>\n<meta property=\"og:title\" content=\"Farbenfroher skandinavischer Schaukelstuhl | Ozzi Design\" \/>\n<meta property=\"og:description\" content=\"Farbenfroher skandinavischer Schaukelstuhl aus Samt mit gemusterter R\u00fcckenlehne. Stilvoll, bequem und ideal f\u00fcr das Wohnzimmer, das Schlafzimmer oder eine gem\u00fctliche Ecke.\" \/>\n<meta property=\"og:url\" content=\"https:\/\/ozzidesign.eu\/de\/produkt\/farbenfroher-skandinavischer-schaukelstuhl\/\" \/>\n<meta property=\"og:site_name\" content=\"Ozzi Design\" \/>\n<meta property=\"article:publisher\" content=\"https:\/\/www.facebook.com\/OzziDesignn\/\" \/>\n<meta property=\"og:image\" content=\"https:\/\/ozzidesign.eu\/wp-content\/uploads\/2026\/01\/O-nas.jpeg\" \/>\n\t<meta property=\"og:image:width\" content=\"1536\" \/>\n\t<meta property=\"og:image:height\" content=\"1024\" \/>\n\t<meta property=\"og:image:type\" content=\"image\/jpeg\" \/>\n<meta name=\"twitter:card\" content=\"summary_large_image\" \/>\n<meta name=\"twitter:label1\" content=\"Gesch\u00e4tzte Lesezeit\" \/>\n\t<meta name=\"twitter:data1\" content=\"1\u00a0Minute\" \/>\n<script type=\"application\/ld+json\" class=\"yoast-schema-graph\">{\"@context\":\"https:\\\/\\\/schema.org\",\"@graph\":[{\"@type\":\"WebPage\",\"@id\":\"https:\\\/\\\/ozzidesign.eu\\\/de\\\/produkt\\\/farbenfroher-skandinavischer-schaukelstuhl\\\/\",\"url\":\"https:\\\/\\\/ozzidesign.eu\\\/de\\\/produkt\\\/farbenfroher-skandinavischer-schaukelstuhl\\\/\",\"name\":\"Farbenfroher skandinavischer Schaukelstuhl | Ozzi Design\",\"isPartOf\":{\"@id\":\"https:\\\/\\\/ozzidesign.eu\\\/de\\\/#website\"},\"primaryImageOfPage\":{\"@id\":\"https:\\\/\\\/ozzidesign.eu\\\/de\\\/produkt\\\/farbenfroher-skandinavischer-schaukelstuhl\\\/#primaryimage\"},\"image\":{\"@id\":\"https:\\\/\\\/ozzidesign.eu\\\/de\\\/produkt\\\/farbenfroher-skandinavischer-schaukelstuhl\\\/#primaryimage\"},\"thumbnailUrl\":\"https:\\\/\\\/ozzidesign.eu\\\/wp-content\\\/uploads\\\/2026\\\/04\\\/img_1.webp\",\"datePublished\":\"2026-04-17T13:40:30+00:00\",\"description\":\"Farbenfroher skandinavischer Schaukelstuhl aus Samt mit gemusterter R\u00fcckenlehne. Stilvoll, bequem und ideal f\u00fcr das Wohnzimmer, das Schlafzimmer oder eine gem\u00fctliche Ecke.\",\"breadcrumb\":{\"@id\":\"https:\\\/\\\/ozzidesign.eu\\\/de\\\/produkt\\\/farbenfroher-skandinavischer-schaukelstuhl\\\/#breadcrumb\"},\"inLanguage\":\"de\",\"potentialAction\":[{\"@type\":\"ReadAction\",\"target\":[\"https:\\\/\\\/ozzidesign.eu\\\/de\\\/produkt\\\/farbenfroher-skandinavischer-schaukelstuhl\\\/\"]}]},{\"@type\":\"ImageObject\",\"inLanguage\":\"de\",\"@id\":\"https:\\\/\\\/ozzidesign.eu\\\/de\\\/produkt\\\/farbenfroher-skandinavischer-schaukelstuhl\\\/#primaryimage\",\"url\":\"https:\\\/\\\/ozzidesign.eu\\\/wp-content\\\/uploads\\\/2026\\\/04\\\/img_1.webp\",\"contentUrl\":\"https:\\\/\\\/ozzidesign.eu\\\/wp-content\\\/uploads\\\/2026\\\/04\\\/img_1.webp\",\"width\":1024,\"height\":1024,\"caption\":\"Rosa Samt-Schaukelstuhl mit Blumenmuster auf der R\u00fcckenlehne im Wohnzimmer\"},{\"@type\":\"BreadcrumbList\",\"@id\":\"https:\\\/\\\/ozzidesign.eu\\\/de\\\/produkt\\\/farbenfroher-skandinavischer-schaukelstuhl\\\/#breadcrumb\",\"itemListElement\":[{\"@type\":\"ListItem\",\"position\":1,\"name\":\"Strona g\u0142\u00f3wna\",\"item\":\"https:\\\/\\\/ozzidesign.eu\\\/de\\\/startseite\\\/\"},{\"@type\":\"ListItem\",\"position\":2,\"name\":\"Gesch\u00e4ft\",\"item\":\"https:\\\/\\\/ozzidesign.eu\\\/de\\\/shop\\\/\"},{\"@type\":\"ListItem\",\"position\":3,\"name\":\"Farbenfroher skandinavischer Schaukelstuhl\"}]},{\"@type\":\"WebSite\",\"@id\":\"https:\\\/\\\/ozzidesign.eu\\\/de\\\/#website\",\"url\":\"https:\\\/\\\/ozzidesign.eu\\\/de\\\/\",\"name\":\"Ozzi Design\",\"description\":\"Hersteller von Polsterm\u00f6beln\",\"publisher\":{\"@id\":\"https:\\\/\\\/ozzidesign.eu\\\/de\\\/#organization\"},\"alternateName\":\"Ozzi Design\",\"potentialAction\":[{\"@type\":\"SearchAction\",\"target\":{\"@type\":\"EntryPoint\",\"urlTemplate\":\"https:\\\/\\\/ozzidesign.eu\\\/de\\\/?s={search_term_string}\"},\"query-input\":{\"@type\":\"PropertyValueSpecification\",\"valueRequired\":true,\"valueName\":\"search_term_string\"}}],\"inLanguage\":\"de\"},{\"@type\":\"Organization\",\"@id\":\"https:\\\/\\\/ozzidesign.eu\\\/de\\\/#organization\",\"name\":\"Ozzi Design\",\"alternateName\":\"Ozzi Design\",\"url\":\"https:\\\/\\\/ozzidesign.eu\\\/de\\\/\",\"logo\":{\"@type\":\"ImageObject\",\"inLanguage\":\"de\",\"@id\":\"https:\\\/\\\/ozzidesign.eu\\\/de\\\/#\\\/schema\\\/logo\\\/image\\\/\",\"url\":\"https:\\\/\\\/ozzidesign.eu\\\/wp-content\\\/uploads\\\/2025\\\/12\\\/logo-favicon.jpg\",\"contentUrl\":\"https:\\\/\\\/ozzidesign.eu\\\/wp-content\\\/uploads\\\/2025\\\/12\\\/logo-favicon.jpg\",\"width\":500,\"height\":500,\"caption\":\"Ozzi Design\"},\"image\":{\"@id\":\"https:\\\/\\\/ozzidesign.eu\\\/de\\\/#\\\/schema\\\/logo\\\/image\\\/\"},\"sameAs\":[\"https:\\\/\\\/www.facebook.com\\\/OzziDesignn\\\/\",\"https:\\\/\\\/www.instagram.com\\\/ozzidesign_furniture\\\/\",\"https:\\\/\\\/www.youtube.com\\\/@Ozzidesign\\\/videos\",\"https:\\\/\\\/www.etsy.com\\\/pl\\\/shop\\\/OzziDesign\",\"https:\\\/\\\/pl.pinterest.com\\\/OzziDesigne\"]}]}<\/script>\n<!-- \/ Yoast SEO plugin. -->","yoast_head_json":{"title":"Farbenfroher skandinavischer Schaukelstuhl | Ozzi Design","description":"Farbenfroher skandinavischer Schaukelstuhl aus Samt mit gemusterter R\u00fcckenlehne. Stilvoll, bequem und ideal f\u00fcr das Wohnzimmer, das Schlafzimmer oder eine gem\u00fctliche Ecke.","robots":{"index":"index","follow":"follow","max-snippet":"max-snippet:-1","max-image-preview":"max-image-preview:large","max-video-preview":"max-video-preview:-1"},"canonical":"https:\/\/ozzidesign.eu\/de\/produkt\/farbenfroher-skandinavischer-schaukelstuhl\/","og_locale":"de_DE","og_type":"article","og_title":"Farbenfroher skandinavischer Schaukelstuhl | Ozzi Design","og_description":"Farbenfroher skandinavischer Schaukelstuhl aus Samt mit gemusterter R\u00fcckenlehne. Stilvoll, bequem und ideal f\u00fcr das Wohnzimmer, das Schlafzimmer oder eine gem\u00fctliche Ecke.","og_url":"https:\/\/ozzidesign.eu\/de\/produkt\/farbenfroher-skandinavischer-schaukelstuhl\/","og_site_name":"Ozzi Design","article_publisher":"https:\/\/www.facebook.com\/OzziDesignn\/","og_image":[{"width":1536,"height":1024,"url":"https:\/\/ozzidesign.eu\/wp-content\/uploads\/2026\/01\/O-nas.jpeg","type":"image\/jpeg"}],"twitter_card":"summary_large_image","twitter_misc":{"Gesch\u00e4tzte Lesezeit":"1\u00a0Minute"},"schema":{"@context":"https:\/\/schema.org","@graph":[{"@type":"WebPage","@id":"https:\/\/ozzidesign.eu\/de\/produkt\/farbenfroher-skandinavischer-schaukelstuhl\/","url":"https:\/\/ozzidesign.eu\/de\/produkt\/farbenfroher-skandinavischer-schaukelstuhl\/","name":"Farbenfroher skandinavischer Schaukelstuhl | Ozzi Design","isPartOf":{"@id":"https:\/\/ozzidesign.eu\/de\/#website"},"primaryImageOfPage":{"@id":"https:\/\/ozzidesign.eu\/de\/produkt\/farbenfroher-skandinavischer-schaukelstuhl\/#primaryimage"},"image":{"@id":"https:\/\/ozzidesign.eu\/de\/produkt\/farbenfroher-skandinavischer-schaukelstuhl\/#primaryimage"},"thumbnailUrl":"https:\/\/ozzidesign.eu\/wp-content\/uploads\/2026\/04\/img_1.webp","datePublished":"2026-04-17T13:40:30+00:00","description":"Farbenfroher skandinavischer Schaukelstuhl aus Samt mit gemusterter R\u00fcckenlehne. Stilvoll, bequem und ideal f\u00fcr das Wohnzimmer, das Schlafzimmer oder eine gem\u00fctliche Ecke.","breadcrumb":{"@id":"https:\/\/ozzidesign.eu\/de\/produkt\/farbenfroher-skandinavischer-schaukelstuhl\/#breadcrumb"},"inLanguage":"de","potentialAction":[{"@type":"ReadAction","target":["https:\/\/ozzidesign.eu\/de\/produkt\/farbenfroher-skandinavischer-schaukelstuhl\/"]}]},{"@type":"ImageObject","inLanguage":"de","@id":"https:\/\/ozzidesign.eu\/de\/produkt\/farbenfroher-skandinavischer-schaukelstuhl\/#primaryimage","url":"https:\/\/ozzidesign.eu\/wp-content\/uploads\/2026\/04\/img_1.webp","contentUrl":"https:\/\/ozzidesign.eu\/wp-content\/uploads\/2026\/04\/img_1.webp","width":1024,"height":1024,"caption":"Rosa Samt-Schaukelstuhl mit Blumenmuster auf der R\u00fcckenlehne im Wohnzimmer"},{"@type":"BreadcrumbList","@id":"https:\/\/ozzidesign.eu\/de\/produkt\/farbenfroher-skandinavischer-schaukelstuhl\/#breadcrumb","itemListElement":[{"@type":"ListItem","position":1,"name":"Strona g\u0142\u00f3wna","item":"https:\/\/ozzidesign.eu\/de\/startseite\/"},{"@type":"ListItem","position":2,"name":"Gesch\u00e4ft","item":"https:\/\/ozzidesign.eu\/de\/shop\/"},{"@type":"ListItem","position":3,"name":"Farbenfroher skandinavischer Schaukelstuhl"}]},{"@type":"WebSite","@id":"https:\/\/ozzidesign.eu\/de\/#website","url":"https:\/\/ozzidesign.eu\/de\/","name":"Ozzi Design","description":"Hersteller von Polsterm\u00f6beln","publisher":{"@id":"https:\/\/ozzidesign.eu\/de\/#organization"},"alternateName":"Ozzi Design","potentialAction":[{"@type":"SearchAction","target":{"@type":"EntryPoint","urlTemplate":"https:\/\/ozzidesign.eu\/de\/?s={search_term_string}"},"query-input":{"@type":"PropertyValueSpecification","valueRequired":true,"valueName":"search_term_string"}}],"inLanguage":"de"},{"@type":"Organization","@id":"https:\/\/ozzidesign.eu\/de\/#organization","name":"Ozzi Design","alternateName":"Ozzi Design","url":"https:\/\/ozzidesign.eu\/de\/","logo":{"@type":"ImageObject","inLanguage":"de","@id":"https:\/\/ozzidesign.eu\/de\/#\/schema\/logo\/image\/","url":"https:\/\/ozzidesign.eu\/wp-content\/uploads\/2025\/12\/logo-favicon.jpg","contentUrl":"https:\/\/ozzidesign.eu\/wp-content\/uploads\/2025\/12\/logo-favicon.jpg","width":500,"height":500,"caption":"Ozzi Design"},"image":{"@id":"https:\/\/ozzidesign.eu\/de\/#\/schema\/logo\/image\/"},"sameAs":["https:\/\/www.facebook.com\/OzziDesignn\/","https:\/\/www.instagram.com\/ozzidesign_furniture\/","https:\/\/www.youtube.com\/@Ozzidesign\/videos","https:\/\/www.etsy.com\/pl\/shop\/OzziDesign","https:\/\/pl.pinterest.com\/OzziDesigne"]}]}},"_links":{"self":[{"href":"https:\/\/ozzidesign.eu\/de\/wp-json\/wp\/v2\/product\/7960","targetHints":{"allow":["GET"]}}],"collection":[{"href":"https:\/\/ozzidesign.eu\/de\/wp-json\/wp\/v2\/product"}],"about":[{"href":"https:\/\/ozzidesign.eu\/de\/wp-json\/wp\/v2\/types\/product"}],"version-history":[{"count":1,"href":"https:\/\/ozzidesign.eu\/de\/wp-json\/wp\/v2\/product\/7960\/revisions"}],"predecessor-version":[{"id":7961,"href":"https:\/\/ozzidesign.eu\/de\/wp-json\/wp\/v2\/product\/7960\/revisions\/7961"}],"wp:featuredmedia":[{"embeddable":true,"href":"https:\/\/ozzidesign.eu\/de\/wp-json\/wp\/v2\/media\/7933"}],"wp:attachment":[{"href":"https:\/\/ozzidesign.eu\/de\/wp-json\/wp\/v2\/media?parent=7960"}],"wp:term":[{"taxonomy":"product_brand","embeddable":true,"href":"https:\/\/ozzidesign.eu\/de\/wp-json\/wp\/v2\/product_brand?post=7960"},{"taxonomy":"product_cat","embeddable":true,"href":"https:\/\/ozzidesign.eu\/de\/wp-json\/wp\/v2\/product_cat?post=7960"},{"taxonomy":"product_tag","embeddable":true,"href":"https:\/\/ozzidesign.eu\/de\/wp-json\/wp\/v2\/product_tag?post=7960"}],"curies":[{"name":"wp","href":"https:\/\/api.w.org\/{rel}","templated":true}]}}