{"id":8004,"date":"2026-04-30T19:32:38","date_gmt":"2026-04-30T17:32:38","guid":{"rendered":"https:\/\/ozzidesign.eu\/produkt\/glamour-sofa-royal-classic\/"},"modified":"2026-05-05T16:28:20","modified_gmt":"2026-05-05T14:28:20","slug":"glamour-sofa-royal-classic","status":"publish","type":"product","link":"https:\/\/ozzidesign.eu\/de\/produkt\/glamour-sofa-royal-classic\/","title":{"rendered":"Glamour-Sofa Royal Classic"},"content":{"rendered":"<h2 data-section-id=\"1cvk0kp\" data-start=\"122\" data-end=\"148\">Glamour-Sofa Royal Classic\u2013 elegantes Sitzm\u00f6bel mit dekorativer Form<\/h2>\n<p data-start=\"146\" data-end=\"479\">Glamour-Sofa \u201eRoyal Classic\u201c ist ein Sofa mit einer leichten, dekorativen Form. Es eignet sich hervorragend als stilvolles M\u00f6belst\u00fcck f\u00fcr das Wohnzimmer. Die profilierte R\u00fcckenlehne und die dezenten Armlehnen verleihen ihm ein modernes Erscheinungsbild. Der Verzicht auf Steppung unterstreicht die Leichtigkeit und den zeitlosen Charakter. Das Modell passt sowohl in klassische als auch in moderne Einrichtungen.    <\/p>\n<p data-start=\"481\" data-end=\"785\">Das Sofa eignet sich ideal als kleines Sofa f\u00fcr das Wohnzimmer oder als komfortables 2-Sitzer-Sofa. Es wirkt leicht und \u00fcberl\u00e4dt den Raum nicht, setzt jedoch einen klaren Akzent in der Einrichtung. Je nach Ausf\u00fchrung kann es als elegantes Samtsofa oder in einer klassischeren Variante erscheinen. Dadurch l\u00e4sst es sich m\u00fchelos an den Charakter des Interieurs anpassen.   <\/p>\n<p data-start=\"787\" data-end=\"1055\" data-is-last-node=\"\" data-is-only-node=\"\">Jedes Exemplar wird auf individuelle Bestellung von Hand gefertigt. Es steht eine gro\u00dfe Auswahl an Farben und Stoffen zur Verf\u00fcgung, darunter Velours und Leder. Auch die Ma\u00dfe k\u00f6nnen individuell angepasst werden. Die solide Konstruktion und die sorgf\u00e4ltige Verarbeitung gew\u00e4hrleisten Langlebigkeit und hohen Komfort.   <\/p>\n","protected":false},"excerpt":{"rendered":"<p>Ein exklusives Sofa mit dekorativer Form im Glamour-Stil<\/p>\n","protected":false},"featured_media":7971,"template":"","meta":{"_acf_changed":false},"product_brand":[],"product_cat":[390],"product_tag":[],"class_list":{"0":"post-8004","1":"product","2":"type-product","3":"status-publish","4":"has-post-thumbnail","6":"product_cat-sofas","7":"tm-has-options","9":"first","10":"instock","11":"shipping-taxable","12":"purchasable","13":"product-type-simple"},"acf":[],"yoast_head":"<!-- This site is optimized with the Yoast SEO plugin v27.5 - https:\/\/yoast.com\/product\/yoast-seo-wordpress\/ -->\n<title>Glamour-Sofa Royal Classic | Ozzi Design<\/title>\n<meta name=\"description\" content=\"Elegantes Glamour-Sofa f\u00fcr das Wohnzimmer \u2013 mit dekorativer Form und hohem Sitzkomfort. W\u00e4hlen Sie Farbe, Bezug und Ma\u00dfe ganz nach Ihren individuellen W\u00fcnschen.\" \/>\n<meta name=\"robots\" content=\"index, follow, max-snippet:-1, max-image-preview:large, max-video-preview:-1\" \/>\n<link rel=\"canonical\" href=\"https:\/\/ozzidesign.eu\/de\/produkt\/glamour-sofa-royal-classic\/\" \/>\n<meta property=\"og:locale\" content=\"de_DE\" \/>\n<meta property=\"og:type\" content=\"article\" \/>\n<meta property=\"og:title\" content=\"Glamour-Sofa Royal Classic | Ozzi Design\" \/>\n<meta property=\"og:description\" content=\"Elegantes Glamour-Sofa f\u00fcr das Wohnzimmer \u2013 mit dekorativer Form und hohem Sitzkomfort. W\u00e4hlen Sie Farbe, Bezug und Ma\u00dfe ganz nach Ihren individuellen W\u00fcnschen.\" \/>\n<meta property=\"og:url\" content=\"https:\/\/ozzidesign.eu\/de\/produkt\/glamour-sofa-royal-classic\/\" \/>\n<meta property=\"og:site_name\" content=\"Ozzi Design\" \/>\n<meta property=\"article:publisher\" content=\"https:\/\/www.facebook.com\/OzziDesignn\/\" \/>\n<meta property=\"article:modified_time\" content=\"2026-05-05T14:28:20+00:00\" \/>\n<meta property=\"og:image\" content=\"https:\/\/ozzidesign.eu\/wp-content\/uploads\/2026\/04\/sofa-rozowa-gwozdzie-tapicerskie.webp\" \/>\n\t<meta property=\"og:image:width\" content=\"2048\" \/>\n\t<meta property=\"og:image:height\" content=\"2048\" \/>\n\t<meta property=\"og:image:type\" content=\"image\/webp\" \/>\n<meta name=\"twitter:card\" content=\"summary_large_image\" \/>\n<meta name=\"twitter:label1\" content=\"Gesch\u00e4tzte Lesezeit\" \/>\n\t<meta name=\"twitter:data1\" content=\"1\u00a0Minute\" \/>\n<script type=\"application\/ld+json\" class=\"yoast-schema-graph\">{\"@context\":\"https:\\\/\\\/schema.org\",\"@graph\":[{\"@type\":\"WebPage\",\"@id\":\"https:\\\/\\\/ozzidesign.eu\\\/de\\\/produkt\\\/glamour-sofa-royal-classic\\\/\",\"url\":\"https:\\\/\\\/ozzidesign.eu\\\/de\\\/produkt\\\/glamour-sofa-royal-classic\\\/\",\"name\":\"Glamour-Sofa Royal Classic | Ozzi Design\",\"isPartOf\":{\"@id\":\"https:\\\/\\\/ozzidesign.eu\\\/de\\\/#website\"},\"primaryImageOfPage\":{\"@id\":\"https:\\\/\\\/ozzidesign.eu\\\/de\\\/produkt\\\/glamour-sofa-royal-classic\\\/#primaryimage\"},\"image\":{\"@id\":\"https:\\\/\\\/ozzidesign.eu\\\/de\\\/produkt\\\/glamour-sofa-royal-classic\\\/#primaryimage\"},\"thumbnailUrl\":\"https:\\\/\\\/ozzidesign.eu\\\/wp-content\\\/uploads\\\/2026\\\/04\\\/sofa-rozowa-gwozdzie-tapicerskie.webp\",\"datePublished\":\"2026-04-30T17:32:38+00:00\",\"dateModified\":\"2026-05-05T14:28:20+00:00\",\"description\":\"Elegantes Glamour-Sofa f\u00fcr das Wohnzimmer \u2013 mit dekorativer Form und hohem Sitzkomfort. W\u00e4hlen Sie Farbe, Bezug und Ma\u00dfe ganz nach Ihren individuellen W\u00fcnschen.\",\"breadcrumb\":{\"@id\":\"https:\\\/\\\/ozzidesign.eu\\\/de\\\/produkt\\\/glamour-sofa-royal-classic\\\/#breadcrumb\"},\"inLanguage\":\"de\",\"potentialAction\":[{\"@type\":\"ReadAction\",\"target\":[\"https:\\\/\\\/ozzidesign.eu\\\/de\\\/produkt\\\/glamour-sofa-royal-classic\\\/\"]}]},{\"@type\":\"ImageObject\",\"inLanguage\":\"de\",\"@id\":\"https:\\\/\\\/ozzidesign.eu\\\/de\\\/produkt\\\/glamour-sofa-royal-classic\\\/#primaryimage\",\"url\":\"https:\\\/\\\/ozzidesign.eu\\\/wp-content\\\/uploads\\\/2026\\\/04\\\/sofa-rozowa-gwozdzie-tapicerskie.webp\",\"contentUrl\":\"https:\\\/\\\/ozzidesign.eu\\\/wp-content\\\/uploads\\\/2026\\\/04\\\/sofa-rozowa-gwozdzie-tapicerskie.webp\",\"width\":2048,\"height\":2048,\"caption\":\"R\u00f3\u017cowa sofa glamour z ozdobnymi gwo\u017adziami tapicerskimi i eleganckim wyko\u0144czeniem\"},{\"@type\":\"BreadcrumbList\",\"@id\":\"https:\\\/\\\/ozzidesign.eu\\\/de\\\/produkt\\\/glamour-sofa-royal-classic\\\/#breadcrumb\",\"itemListElement\":[{\"@type\":\"ListItem\",\"position\":1,\"name\":\"Strona g\u0142\u00f3wna\",\"item\":\"https:\\\/\\\/ozzidesign.eu\\\/de\\\/startseite\\\/\"},{\"@type\":\"ListItem\",\"position\":2,\"name\":\"Gesch\u00e4ft\",\"item\":\"https:\\\/\\\/ozzidesign.eu\\\/de\\\/shop\\\/\"},{\"@type\":\"ListItem\",\"position\":3,\"name\":\"Glamour-Sofa Royal Classic\"}]},{\"@type\":\"WebSite\",\"@id\":\"https:\\\/\\\/ozzidesign.eu\\\/de\\\/#website\",\"url\":\"https:\\\/\\\/ozzidesign.eu\\\/de\\\/\",\"name\":\"Ozzi Design\",\"description\":\"Hersteller von Polsterm\u00f6beln\",\"publisher\":{\"@id\":\"https:\\\/\\\/ozzidesign.eu\\\/de\\\/#organization\"},\"alternateName\":\"Ozzi Design\",\"potentialAction\":[{\"@type\":\"SearchAction\",\"target\":{\"@type\":\"EntryPoint\",\"urlTemplate\":\"https:\\\/\\\/ozzidesign.eu\\\/de\\\/?s={search_term_string}\"},\"query-input\":{\"@type\":\"PropertyValueSpecification\",\"valueRequired\":true,\"valueName\":\"search_term_string\"}}],\"inLanguage\":\"de\"},{\"@type\":\"Organization\",\"@id\":\"https:\\\/\\\/ozzidesign.eu\\\/de\\\/#organization\",\"name\":\"Ozzi Design\",\"alternateName\":\"Ozzi Design\",\"url\":\"https:\\\/\\\/ozzidesign.eu\\\/de\\\/\",\"logo\":{\"@type\":\"ImageObject\",\"inLanguage\":\"de\",\"@id\":\"https:\\\/\\\/ozzidesign.eu\\\/de\\\/#\\\/schema\\\/logo\\\/image\\\/\",\"url\":\"https:\\\/\\\/ozzidesign.eu\\\/wp-content\\\/uploads\\\/2025\\\/12\\\/logo-favicon.jpg\",\"contentUrl\":\"https:\\\/\\\/ozzidesign.eu\\\/wp-content\\\/uploads\\\/2025\\\/12\\\/logo-favicon.jpg\",\"width\":500,\"height\":500,\"caption\":\"Ozzi Design\"},\"image\":{\"@id\":\"https:\\\/\\\/ozzidesign.eu\\\/de\\\/#\\\/schema\\\/logo\\\/image\\\/\"},\"sameAs\":[\"https:\\\/\\\/www.facebook.com\\\/OzziDesignn\\\/\",\"https:\\\/\\\/www.instagram.com\\\/ozzidesign_furniture\\\/\",\"https:\\\/\\\/www.youtube.com\\\/@Ozzidesign\\\/videos\",\"https:\\\/\\\/www.etsy.com\\\/pl\\\/shop\\\/OzziDesign\",\"https:\\\/\\\/pl.pinterest.com\\\/OzziDesigne\"]}]}<\/script>\n<!-- \/ Yoast SEO plugin. -->","yoast_head_json":{"title":"Glamour-Sofa Royal Classic | Ozzi Design","description":"Elegantes Glamour-Sofa f\u00fcr das Wohnzimmer \u2013 mit dekorativer Form und hohem Sitzkomfort. W\u00e4hlen Sie Farbe, Bezug und Ma\u00dfe ganz nach Ihren individuellen W\u00fcnschen.","robots":{"index":"index","follow":"follow","max-snippet":"max-snippet:-1","max-image-preview":"max-image-preview:large","max-video-preview":"max-video-preview:-1"},"canonical":"https:\/\/ozzidesign.eu\/de\/produkt\/glamour-sofa-royal-classic\/","og_locale":"de_DE","og_type":"article","og_title":"Glamour-Sofa Royal Classic | Ozzi Design","og_description":"Elegantes Glamour-Sofa f\u00fcr das Wohnzimmer \u2013 mit dekorativer Form und hohem Sitzkomfort. W\u00e4hlen Sie Farbe, Bezug und Ma\u00dfe ganz nach Ihren individuellen W\u00fcnschen.","og_url":"https:\/\/ozzidesign.eu\/de\/produkt\/glamour-sofa-royal-classic\/","og_site_name":"Ozzi Design","article_publisher":"https:\/\/www.facebook.com\/OzziDesignn\/","article_modified_time":"2026-05-05T14:28:20+00:00","og_image":[{"width":2048,"height":2048,"url":"https:\/\/ozzidesign.eu\/wp-content\/uploads\/2026\/04\/sofa-rozowa-gwozdzie-tapicerskie.webp","type":"image\/webp"}],"twitter_card":"summary_large_image","twitter_misc":{"Gesch\u00e4tzte Lesezeit":"1\u00a0Minute"},"schema":{"@context":"https:\/\/schema.org","@graph":[{"@type":"WebPage","@id":"https:\/\/ozzidesign.eu\/de\/produkt\/glamour-sofa-royal-classic\/","url":"https:\/\/ozzidesign.eu\/de\/produkt\/glamour-sofa-royal-classic\/","name":"Glamour-Sofa Royal Classic | Ozzi Design","isPartOf":{"@id":"https:\/\/ozzidesign.eu\/de\/#website"},"primaryImageOfPage":{"@id":"https:\/\/ozzidesign.eu\/de\/produkt\/glamour-sofa-royal-classic\/#primaryimage"},"image":{"@id":"https:\/\/ozzidesign.eu\/de\/produkt\/glamour-sofa-royal-classic\/#primaryimage"},"thumbnailUrl":"https:\/\/ozzidesign.eu\/wp-content\/uploads\/2026\/04\/sofa-rozowa-gwozdzie-tapicerskie.webp","datePublished":"2026-04-30T17:32:38+00:00","dateModified":"2026-05-05T14:28:20+00:00","description":"Elegantes Glamour-Sofa f\u00fcr das Wohnzimmer \u2013 mit dekorativer Form und hohem Sitzkomfort. W\u00e4hlen Sie Farbe, Bezug und Ma\u00dfe ganz nach Ihren individuellen W\u00fcnschen.","breadcrumb":{"@id":"https:\/\/ozzidesign.eu\/de\/produkt\/glamour-sofa-royal-classic\/#breadcrumb"},"inLanguage":"de","potentialAction":[{"@type":"ReadAction","target":["https:\/\/ozzidesign.eu\/de\/produkt\/glamour-sofa-royal-classic\/"]}]},{"@type":"ImageObject","inLanguage":"de","@id":"https:\/\/ozzidesign.eu\/de\/produkt\/glamour-sofa-royal-classic\/#primaryimage","url":"https:\/\/ozzidesign.eu\/wp-content\/uploads\/2026\/04\/sofa-rozowa-gwozdzie-tapicerskie.webp","contentUrl":"https:\/\/ozzidesign.eu\/wp-content\/uploads\/2026\/04\/sofa-rozowa-gwozdzie-tapicerskie.webp","width":2048,"height":2048,"caption":"R\u00f3\u017cowa sofa glamour z ozdobnymi gwo\u017adziami tapicerskimi i eleganckim wyko\u0144czeniem"},{"@type":"BreadcrumbList","@id":"https:\/\/ozzidesign.eu\/de\/produkt\/glamour-sofa-royal-classic\/#breadcrumb","itemListElement":[{"@type":"ListItem","position":1,"name":"Strona g\u0142\u00f3wna","item":"https:\/\/ozzidesign.eu\/de\/startseite\/"},{"@type":"ListItem","position":2,"name":"Gesch\u00e4ft","item":"https:\/\/ozzidesign.eu\/de\/shop\/"},{"@type":"ListItem","position":3,"name":"Glamour-Sofa Royal Classic"}]},{"@type":"WebSite","@id":"https:\/\/ozzidesign.eu\/de\/#website","url":"https:\/\/ozzidesign.eu\/de\/","name":"Ozzi Design","description":"Hersteller von Polsterm\u00f6beln","publisher":{"@id":"https:\/\/ozzidesign.eu\/de\/#organization"},"alternateName":"Ozzi Design","potentialAction":[{"@type":"SearchAction","target":{"@type":"EntryPoint","urlTemplate":"https:\/\/ozzidesign.eu\/de\/?s={search_term_string}"},"query-input":{"@type":"PropertyValueSpecification","valueRequired":true,"valueName":"search_term_string"}}],"inLanguage":"de"},{"@type":"Organization","@id":"https:\/\/ozzidesign.eu\/de\/#organization","name":"Ozzi Design","alternateName":"Ozzi Design","url":"https:\/\/ozzidesign.eu\/de\/","logo":{"@type":"ImageObject","inLanguage":"de","@id":"https:\/\/ozzidesign.eu\/de\/#\/schema\/logo\/image\/","url":"https:\/\/ozzidesign.eu\/wp-content\/uploads\/2025\/12\/logo-favicon.jpg","contentUrl":"https:\/\/ozzidesign.eu\/wp-content\/uploads\/2025\/12\/logo-favicon.jpg","width":500,"height":500,"caption":"Ozzi Design"},"image":{"@id":"https:\/\/ozzidesign.eu\/de\/#\/schema\/logo\/image\/"},"sameAs":["https:\/\/www.facebook.com\/OzziDesignn\/","https:\/\/www.instagram.com\/ozzidesign_furniture\/","https:\/\/www.youtube.com\/@Ozzidesign\/videos","https:\/\/www.etsy.com\/pl\/shop\/OzziDesign","https:\/\/pl.pinterest.com\/OzziDesigne"]}]}},"_links":{"self":[{"href":"https:\/\/ozzidesign.eu\/de\/wp-json\/wp\/v2\/product\/8004","targetHints":{"allow":["GET"]}}],"collection":[{"href":"https:\/\/ozzidesign.eu\/de\/wp-json\/wp\/v2\/product"}],"about":[{"href":"https:\/\/ozzidesign.eu\/de\/wp-json\/wp\/v2\/types\/product"}],"version-history":[{"count":1,"href":"https:\/\/ozzidesign.eu\/de\/wp-json\/wp\/v2\/product\/8004\/revisions"}],"predecessor-version":[{"id":8006,"href":"https:\/\/ozzidesign.eu\/de\/wp-json\/wp\/v2\/product\/8004\/revisions\/8006"}],"wp:featuredmedia":[{"embeddable":true,"href":"https:\/\/ozzidesign.eu\/de\/wp-json\/wp\/v2\/media\/7971"}],"wp:attachment":[{"href":"https:\/\/ozzidesign.eu\/de\/wp-json\/wp\/v2\/media?parent=8004"}],"wp:term":[{"taxonomy":"product_brand","embeddable":true,"href":"https:\/\/ozzidesign.eu\/de\/wp-json\/wp\/v2\/product_brand?post=8004"},{"taxonomy":"product_cat","embeddable":true,"href":"https:\/\/ozzidesign.eu\/de\/wp-json\/wp\/v2\/product_cat?post=8004"},{"taxonomy":"product_tag","embeddable":true,"href":"https:\/\/ozzidesign.eu\/de\/wp-json\/wp\/v2\/product_tag?post=8004"}],"curies":[{"name":"wp","href":"https:\/\/api.w.org\/{rel}","templated":true}]}}