{"id":395,"date":"2026-01-05T09:33:57","date_gmt":"2026-01-05T08:33:57","guid":{"rendered":"https:\/\/ozzidesign.eu\/contact-us\/"},"modified":"2026-03-20T09:44:25","modified_gmt":"2026-03-20T08:44:25","slug":"contact-us","status":"publish","type":"page","link":"https:\/\/ozzidesign.eu\/en\/contact-us\/","title":{"rendered":"Contact Us"},"content":{"rendered":"\t\t<div data-elementor-type=\"wp-page\" data-elementor-id=\"395\" class=\"elementor elementor-395 elementor-393\" data-elementor-post-type=\"page\">\n\t\t\t\t<div class=\"elementor-element elementor-element-0e0895f e-flex e-con-boxed e-con e-parent\" data-id=\"0e0895f\" data-element_type=\"container\">\n\t\t\t\t\t<div class=\"e-con-inner\">\n\t\t\t\t<div class=\"elementor-element elementor-element-e6cd82d elementor-widget elementor-widget-heading\" data-id=\"e6cd82d\" data-element_type=\"widget\" data-settings=\"{&quot;_animation&quot;:&quot;none&quot;}\" data-widget_type=\"heading.default\">\n\t\t\t\t\t<h1 class=\"elementor-heading-title elementor-size-default\">Contact form<\/h1>\t\t\t\t<\/div>\n\t\t\t\t<div class=\"elementor-element elementor-element-658e477 elementor-widget__width-initial formularz-kontaktowy elementor-button-align-stretch elementor-widget elementor-widget-form\" data-id=\"658e477\" data-element_type=\"widget\" data-settings=\"{&quot;step_next_label&quot;:&quot;Next&quot;,&quot;step_previous_label&quot;:&quot;Previous&quot;,&quot;button_width&quot;:&quot;100&quot;,&quot;step_type&quot;:&quot;number_text&quot;,&quot;step_icon_shape&quot;:&quot;circle&quot;}\" data-widget_type=\"form.default\">\n\t\t\t\t\t\t\t<form class=\"elementor-form\" method=\"post\" id=\"contact_form\" name=\"New form\" aria-label=\"New form\" novalidate=\"\">\n\t\t\t<input type=\"hidden\" name=\"post_id\" value=\"395\"\/>\n\t\t\t<input type=\"hidden\" name=\"form_id\" value=\"658e477\"\/>\n\t\t\t<input type=\"hidden\" name=\"referer_title\" value=\"Contact Ozzi Design | Custom Upholstered Furniture Manufacturer\" \/>\n\n\t\t\t\t\t\t\t<input type=\"hidden\" name=\"queried_id\" value=\"395\"\/>\n\t\t\t\n\t\t\t<div class=\"elementor-form-fields-wrapper elementor-labels-above\">\n\t\t\t\t\t\t\t\t<div class=\"elementor-field-type-text elementor-field-group elementor-column elementor-field-group-name elementor-col-100 elementor-field-required\">\n\t\t\t\t\t\t\t\t\t\t\t\t<label for=\"form-field-name\" class=\"elementor-field-label\">\n\t\t\t\t\t\t\t\tName*\t\t\t\t\t\t\t<\/label>\n\t\t\t\t\t\t\t\t\t\t\t\t\t\t<input size=\"1\" type=\"text\" name=\"form_fields[name]\" id=\"form-field-name\" class=\"elementor-field elementor-size-md  elementor-field-textual\" placeholder=\"Name\" required=\"required\">\n\t\t\t\t\t\t\t\t\t\t\t<\/div>\n\t\t\t\t\t\t\t\t<div class=\"elementor-field-type-text elementor-field-group elementor-column elementor-field-group-field_8cf7c66 elementor-col-100 elementor-field-required\">\n\t\t\t\t\t\t\t\t\t\t\t\t<label for=\"form-field-field_8cf7c66\" class=\"elementor-field-label\">\n\t\t\t\t\t\t\t\tLast name*\t\t\t\t\t\t\t<\/label>\n\t\t\t\t\t\t\t\t\t\t\t\t\t\t<input size=\"1\" type=\"text\" name=\"form_fields[field_8cf7c66]\" id=\"form-field-field_8cf7c66\" class=\"elementor-field elementor-size-md  elementor-field-textual\" placeholder=\"Last name\" required=\"required\">\n\t\t\t\t\t\t\t\t\t\t\t<\/div>\n\t\t\t\t\t\t\t\t<div class=\"elementor-field-type-email elementor-field-group elementor-column elementor-field-group-email elementor-col-100 elementor-field-required\">\n\t\t\t\t\t\t\t\t\t\t\t\t<label for=\"form-field-email\" class=\"elementor-field-label\">\n\t\t\t\t\t\t\t\tE-mail*\t\t\t\t\t\t\t<\/label>\n\t\t\t\t\t\t\t\t\t\t\t\t\t\t<input size=\"1\" type=\"email\" name=\"form_fields[email]\" id=\"form-field-email\" class=\"elementor-field elementor-size-md  elementor-field-textual\" placeholder=\"name@example.com\" required=\"required\">\n\t\t\t\t\t\t\t\t\t\t\t<\/div>\n\t\t\t\t\t\t\t\t<div class=\"elementor-field-type-tel elementor-field-group elementor-column elementor-field-group-field_88fa064 elementor-col-100\">\n\t\t\t\t\t\t\t\t\t\t\t\t<label for=\"form-field-field_88fa064\" class=\"elementor-field-label\">\n\t\t\t\t\t\t\t\tPhone\t\t\t\t\t\t\t<\/label>\n\t\t\t\t\t\t\t\t<input size=\"1\" type=\"tel\" name=\"form_fields[field_88fa064]\" id=\"form-field-field_88fa064\" class=\"elementor-field elementor-size-md  elementor-field-textual\" placeholder=\"+48 123 456 789\" pattern=\"[0-9()#&amp;+*-=.]+\" title=\"Only numbers and phone characters (#, -, *, etc) are accepted.\">\n\n\t\t\t\t\t\t<\/div>\n\t\t\t\t\t\t\t\t<div class=\"elementor-field-type-textarea elementor-field-group elementor-column elementor-field-group-message elementor-col-100\">\n\t\t\t\t\t\t\t\t\t\t\t\t<label for=\"form-field-message\" class=\"elementor-field-label\">\n\t\t\t\t\t\t\t\tMessage\t\t\t\t\t\t\t<\/label>\n\t\t\t\t\t\t<textarea class=\"elementor-field-textual elementor-field  elementor-size-md\" name=\"form_fields[message]\" id=\"form-field-message\" rows=\"4\" placeholder=\"Message\"><\/textarea>\t\t\t\t<\/div>\n\t\t\t\t\t\t\t\t<div class=\"elementor-field-type-acceptance elementor-field-group elementor-column elementor-field-group-field_070b8b5 elementor-col-100 elementor-field-required\">\n\t\t\t\t\t\t\t<div class=\"elementor-field-subgroup\">\n\t\t\t<span class=\"elementor-field-option\">\n\t\t\t\t<input type=\"checkbox\" name=\"form_fields[field_070b8b5]\" id=\"form-field-field_070b8b5\" class=\"elementor-field elementor-size-md  elementor-acceptance-field\" required=\"required\">\n\t\t\t\t<label for=\"form-field-field_070b8b5\">The administrator of the data entered in the above field is OzziDesign with its registered office in Rzesz\u00f3w (Administrator). By completing the above field, you consent to receiving telephone or e-mail contact from the Administrator. <\/label>\t\t\t<\/span>\n\t\t<\/div>\n\t\t\t\t\t\t<\/div>\n\t\t\t\t\t\t\t\t<div class=\"elementor-field-type-text\">\n\t\t\t\t\t<input size=\"1\" type=\"text\" name=\"form_fields[field_51b90e6]\" id=\"form-field-field_51b90e6\" class=\"elementor-field elementor-size-md \" style=\"display:none !important;\">\t\t\t\t<\/div>\n\t\t\t\t\t\t\t\t<div class=\"elementor-field-type-text\">\n\t\t\t\t\t<input size=\"1\" type=\"text\" name=\"form_fields[field_d9808b4]\" id=\"form-field-field_d9808b4\" class=\"elementor-field elementor-size-md \" style=\"display:none !important;\">\t\t\t\t<\/div>\n\t\t\t\t\t\t\t\t<div class=\"elementor-field-type-recaptcha_v3 elementor-field-group elementor-column elementor-field-group-field_001fd86 elementor-col-100 recaptcha_v3-bottomleft\">\n\t\t\t\t\t<div class=\"elementor-field\" id=\"form-field-field_001fd86\"><div class=\"elementor-g-recaptcha\" data-sitekey=\"6LfED1osAAAAAKsSoxl-xuYM27891pe8ntbWXVI6\" data-type=\"v3\" data-action=\"Form\" data-badge=\"bottomleft\" data-size=\"invisible\"><\/div><\/div>\t\t\t\t<\/div>\n\t\t\t\t\t\t\t\t<div class=\"elementor-field-group elementor-column elementor-field-type-submit elementor-col-100 e-form__buttons\">\n\t\t\t\t\t<button class=\"elementor-button elementor-size-lg\" type=\"submit\">\n\t\t\t\t\t\t<span class=\"elementor-button-content-wrapper\">\n\t\t\t\t\t\t\t\t\t\t\t\t\t\t\t\t\t\t\t\t\t\t<span class=\"elementor-button-text\">Send<\/span>\n\t\t\t\t\t\t\t\t\t\t\t\t\t<\/span>\n\t\t\t\t\t<\/button>\n\t\t\t\t<\/div>\n\t\t\t<\/div>\n\t\t<\/form>\n\t\t\t\t\t\t<\/div>\n\t\t\t\t\t<\/div>\n\t\t\t\t<\/div>\n\t\t<div class=\"elementor-element elementor-element-5da34a3 e-flex e-con-boxed e-con e-parent\" data-id=\"5da34a3\" data-element_type=\"container\">\n\t\t\t\t\t<div class=\"e-con-inner\">\n\t\t<div class=\"elementor-element elementor-element-a2cbb1c e-con-full e-flex e-con e-child\" data-id=\"a2cbb1c\" data-element_type=\"container\">\n\t\t\t\t<div class=\"elementor-element elementor-element-4eaf23e elementor-widget elementor-widget-heading\" data-id=\"4eaf23e\" data-element_type=\"widget\" data-widget_type=\"heading.default\">\n\t\t\t\t\t<h2 class=\"elementor-heading-title elementor-size-default\">Contact Ozzi Design<\/h2>\t\t\t\t<\/div>\n\t\t<div class=\"elementor-element elementor-element-9fd595d e-con-full e-flex e-con e-child\" data-id=\"9fd595d\" data-element_type=\"container\">\n\t\t\t\t<div class=\"elementor-element elementor-element-eca9b89 icon-box elementor-view-default elementor-position-block-start elementor-mobile-position-block-start elementor-widget elementor-widget-icon-box\" data-id=\"eca9b89\" data-element_type=\"widget\" data-widget_type=\"icon-box.default\">\n\t\t\t\t\t\t\t<div class=\"elementor-icon-box-wrapper\">\n\n\t\t\t\t\t\t<div class=\"elementor-icon-box-icon\">\n\t\t\t\t<span  class=\"elementor-icon\">\n\t\t\t\t<svg aria-hidden=\"true\" class=\"e-font-icon-svg e-fas-user-tie\" viewBox=\"0 0 448 512\" xmlns=\"http:\/\/www.w3.org\/2000\/svg\"><path d=\"M224 256c70.7 0 128-57.3 128-128S294.7 0 224 0 96 57.3 96 128s57.3 128 128 128zm95.8 32.6L272 480l-32-136 32-56h-96l32 56-32 136-47.8-191.4C56.9 292 0 350.3 0 422.4V464c0 26.5 21.5 48 48 48h352c26.5 0 48-21.5 48-48v-41.6c0-72.1-56.9-130.4-128.2-133.8z\"><\/path><\/svg>\t\t\t\t<\/span>\n\t\t\t<\/div>\n\t\t\t\n\t\t\t\t\t\t<div class=\"elementor-icon-box-content\">\n\n\t\t\t\t\t\t\t\t\t<h3 class=\"elementor-icon-box-title\">\n\t\t\t\t\t\t<span  >\n\t\t\t\t\t\t\tDominik Ozga\t\t\t\t\t\t<\/span>\n\t\t\t\t\t<\/h3>\n\t\t\t\t\n\t\t\t\t\n\t\t\t<\/div>\n\t\t\t\n\t\t<\/div>\n\t\t\t\t\t\t<\/div>\n\t\t\t\t<div class=\"elementor-element elementor-element-fd40908 icon-box elementor-view-default elementor-position-block-start elementor-mobile-position-block-start elementor-widget elementor-widget-icon-box\" data-id=\"fd40908\" data-element_type=\"widget\" data-widget_type=\"icon-box.default\">\n\t\t\t\t\t\t\t<div class=\"elementor-icon-box-wrapper\">\n\n\t\t\t\t\t\t<div class=\"elementor-icon-box-icon\">\n\t\t\t\t<span  class=\"elementor-icon\">\n\t\t\t\t<svg aria-hidden=\"true\" class=\"e-font-icon-svg e-fas-map-pin\" viewBox=\"0 0 288 512\" xmlns=\"http:\/\/www.w3.org\/2000\/svg\"><path d=\"M112 316.94v156.69l22.02 33.02c4.75 7.12 15.22 7.12 19.97 0L176 473.63V316.94c-10.39 1.92-21.06 3.06-32 3.06s-21.61-1.14-32-3.06zM144 0C64.47 0 0 64.47 0 144s64.47 144 144 144 144-64.47 144-144S223.53 0 144 0zm0 76c-37.5 0-68 30.5-68 68 0 6.62-5.38 12-12 12s-12-5.38-12-12c0-50.73 41.28-92 92-92 6.62 0 12 5.38 12 12s-5.38 12-12 12z\"><\/path><\/svg>\t\t\t\t<\/span>\n\t\t\t<\/div>\n\t\t\t\n\t\t\t\t\t\t<div class=\"elementor-icon-box-content\">\n\n\t\t\t\t\t\t\t\t\t<h3 class=\"elementor-icon-box-title\">\n\t\t\t\t\t\t<span  >\n\t\t\t\t\t\t\t\u015awi\u0119toja\u0144ska 101, 35-304 Rzesz\u00f3w\t\t\t\t\t\t<\/span>\n\t\t\t\t\t<\/h3>\n\t\t\t\t\n\t\t\t\t\n\t\t\t<\/div>\n\t\t\t\n\t\t<\/div>\n\t\t\t\t\t\t<\/div>\n\t\t\t\t<div class=\"elementor-element elementor-element-7e99ef2 icon-box elementor-view-default elementor-position-block-start elementor-mobile-position-block-start elementor-widget elementor-widget-icon-box\" data-id=\"7e99ef2\" data-element_type=\"widget\" data-widget_type=\"icon-box.default\">\n\t\t\t\t\t\t\t<div class=\"elementor-icon-box-wrapper\">\n\n\t\t\t\t\t\t<div class=\"elementor-icon-box-icon\">\n\t\t\t\t<a href=\"tel:+48667634678\" class=\"elementor-icon\" tabindex=\"-1\" aria-label=\"PL: +48 667 634 678\">\n\t\t\t\t<svg aria-hidden=\"true\" class=\"e-font-icon-svg e-fas-phone-alt\" viewBox=\"0 0 512 512\" xmlns=\"http:\/\/www.w3.org\/2000\/svg\"><path d=\"M497.39 361.8l-112-48a24 24 0 0 0-28 6.9l-49.6 60.6A370.66 370.66 0 0 1 130.6 204.11l60.6-49.6a23.94 23.94 0 0 0 6.9-28l-48-112A24.16 24.16 0 0 0 122.6.61l-104 24A24 24 0 0 0 0 48c0 256.5 207.9 464 464 464a24 24 0 0 0 23.4-18.6l24-104a24.29 24.29 0 0 0-14.01-27.6z\"><\/path><\/svg>\t\t\t\t<\/a>\n\t\t\t<\/div>\n\t\t\t\n\t\t\t\t\t\t<div class=\"elementor-icon-box-content\">\n\n\t\t\t\t\t\t\t\t\t<h3 class=\"elementor-icon-box-title\">\n\t\t\t\t\t\t<a href=\"tel:+48667634678\" >\n\t\t\t\t\t\t\tPL: +48 667 634 678\t\t\t\t\t\t<\/a>\n\t\t\t\t\t<\/h3>\n\t\t\t\t\n\t\t\t\t\n\t\t\t<\/div>\n\t\t\t\n\t\t<\/div>\n\t\t\t\t\t\t<\/div>\n\t\t\t\t<div class=\"elementor-element elementor-element-38a97c4 icon-box elementor-view-default elementor-position-block-start elementor-mobile-position-block-start elementor-widget elementor-widget-icon-box\" data-id=\"38a97c4\" data-element_type=\"widget\" data-widget_type=\"icon-box.default\">\n\t\t\t\t\t\t\t<div class=\"elementor-icon-box-wrapper\">\n\n\t\t\t\t\t\t<div class=\"elementor-icon-box-icon\">\n\t\t\t\t<a href=\"tel:+48721506234\" class=\"elementor-icon\" tabindex=\"-1\" aria-label=\"EN: +48 721 506 234\">\n\t\t\t\t<svg aria-hidden=\"true\" class=\"e-font-icon-svg e-fas-phone-alt\" viewBox=\"0 0 512 512\" xmlns=\"http:\/\/www.w3.org\/2000\/svg\"><path d=\"M497.39 361.8l-112-48a24 24 0 0 0-28 6.9l-49.6 60.6A370.66 370.66 0 0 1 130.6 204.11l60.6-49.6a23.94 23.94 0 0 0 6.9-28l-48-112A24.16 24.16 0 0 0 122.6.61l-104 24A24 24 0 0 0 0 48c0 256.5 207.9 464 464 464a24 24 0 0 0 23.4-18.6l24-104a24.29 24.29 0 0 0-14.01-27.6z\"><\/path><\/svg>\t\t\t\t<\/a>\n\t\t\t<\/div>\n\t\t\t\n\t\t\t\t\t\t<div class=\"elementor-icon-box-content\">\n\n\t\t\t\t\t\t\t\t\t<h3 class=\"elementor-icon-box-title\">\n\t\t\t\t\t\t<a href=\"tel:+48721506234\" >\n\t\t\t\t\t\t\tEN: +48 721 506 234\t\t\t\t\t\t<\/a>\n\t\t\t\t\t<\/h3>\n\t\t\t\t\n\t\t\t\t\n\t\t\t<\/div>\n\t\t\t\n\t\t<\/div>\n\t\t\t\t\t\t<\/div>\n\t\t\t\t<div class=\"elementor-element elementor-element-a18dc99 icon-box elementor-view-default elementor-position-block-start elementor-mobile-position-block-start elementor-widget elementor-widget-icon-box\" data-id=\"a18dc99\" data-element_type=\"widget\" data-widget_type=\"icon-box.default\">\n\t\t\t\t\t\t\t<div class=\"elementor-icon-box-wrapper\">\n\n\t\t\t\t\t\t<div class=\"elementor-icon-box-icon\">\n\t\t\t\t<a href=\"mailto:shop@ozzidesign.eu\" class=\"elementor-icon\" tabindex=\"-1\" aria-label=\"shop@ozzidesign.eu\">\n\t\t\t\t<svg aria-hidden=\"true\" class=\"e-font-icon-svg e-fas-envelope\" viewBox=\"0 0 512 512\" xmlns=\"http:\/\/www.w3.org\/2000\/svg\"><path d=\"M502.3 190.8c3.9-3.1 9.7-.2 9.7 4.7V400c0 26.5-21.5 48-48 48H48c-26.5 0-48-21.5-48-48V195.6c0-5 5.7-7.8 9.7-4.7 22.4 17.4 52.1 39.5 154.1 113.6 21.1 15.4 56.7 47.8 92.2 47.6 35.7.3 72-32.8 92.3-47.6 102-74.1 131.6-96.3 154-113.7zM256 320c23.2.4 56.6-29.2 73.4-41.4 132.7-96.3 142.8-104.7 173.4-128.7 5.8-4.5 9.2-11.5 9.2-18.9v-19c0-26.5-21.5-48-48-48H48C21.5 64 0 85.5 0 112v19c0 7.4 3.4 14.3 9.2 18.9 30.6 23.9 40.7 32.4 173.4 128.7 16.8 12.2 50.2 41.8 73.4 41.4z\"><\/path><\/svg>\t\t\t\t<\/a>\n\t\t\t<\/div>\n\t\t\t\n\t\t\t\t\t\t<div class=\"elementor-icon-box-content\">\n\n\t\t\t\t\t\t\t\t\t<h3 class=\"elementor-icon-box-title\">\n\t\t\t\t\t\t<a href=\"mailto:shop@ozzidesign.eu\" >\n\t\t\t\t\t\t\tshop@ozzidesign.eu\t\t\t\t\t\t<\/a>\n\t\t\t\t\t<\/h3>\n\t\t\t\t\n\t\t\t\t\n\t\t\t<\/div>\n\t\t\t\n\t\t<\/div>\n\t\t\t\t\t\t<\/div>\n\t\t\t\t<\/div>\n\t\t\t\t<\/div>\n\t\t<div class=\"elementor-element elementor-element-79da270 e-con-full e-flex e-con e-child\" data-id=\"79da270\" data-element_type=\"container\">\n\t\t<div class=\"elementor-element elementor-element-490c6c3 e-con-full e-flex e-con e-child\" data-id=\"490c6c3\" data-element_type=\"container\">\n\t\t<div class=\"elementor-element elementor-element-d4d1d18 e-con-full e-flex e-con e-child\" data-id=\"d4d1d18\" data-element_type=\"container\" data-settings=\"{&quot;background_background&quot;:&quot;classic&quot;}\">\n\t\t\t\t<\/div>\n\t\t<div class=\"elementor-element elementor-element-c3dc4f1 e-con-full e-flex e-con e-child\" data-id=\"c3dc4f1\" data-element_type=\"container\">\n\t\t\t\t<div class=\"elementor-element elementor-element-f6e11c3 elementor-widget elementor-widget-heading\" data-id=\"f6e11c3\" data-element_type=\"widget\" data-widget_type=\"heading.default\">\n\t\t\t\t\t<h3 class=\"elementor-heading-title elementor-size-default\">Manufacturer of custom-made upholstered furniture<\/h3>\t\t\t\t<\/div>\n\t\t\t\t<div class=\"elementor-element elementor-element-ded20a6 elementor-widget elementor-widget-text-editor\" data-id=\"ded20a6\" data-element_type=\"widget\" data-widget_type=\"text-editor.default\">\n\t\t\t\t\t\t\t\t\t<p data-start=\"326\" data-end=\"601\">Are you looking for a manufacturer of custom-made upholstered furniture who will carry out a project tailored to your needs? Contact OZZI Design. We design and manufacture designer furniture to order for individual and business customers. See our <span style=\"text-decoration: underline;\"><a href=\"https:\/\/ozzidesign.eu\/en\/our-projects\/\">projects<\/a><\/span>. We specialise in custom-made upholstered furniture, such as sofas, corner sofas, beds, pouffes and upholstered wall units. Each project is created individually \u2013 from the concept, through the selection of <span style=\"text-decoration: underline;\"><a href=\"https:\/\/ozzidesign.eu\/en\/fabric-catalogue\/\">materials<\/a><\/span>, to the assembly.     <\/p><p data-start=\"1377\" data-end=\"1583\">We will be happy to answer your questions, prepare an individual quote and advise you on the best design solutions. We welcome <span style=\"text-decoration: underline;\"><a href=\"https:\/\/ozzidesign.eu\/en\/for-architects-and-interior-designers\/\">cooperation<\/a><\/span> with anyone who is looking for a proven manufacturer of custom-made upholstered furniture and values quality, design and timeliness. <\/p>\t\t\t\t\t\t\t\t<\/div>\n\t\t\t\t<\/div>\n\t\t\t\t<\/div>\n\t\t\t\t<\/div>\n\t\t\t\t\t<\/div>\n\t\t\t\t<\/div>\n\t\t\t\t<\/div>\n\t\t","protected":false},"excerpt":{"rendered":"<p>Contact form Contact Ozzi Design Dominik Ozga \u015awi\u0119toja\u0144ska 101, 35-304 Rzesz\u00f3w PL: +48 667 634 678 EN: +48 721 506 234 shop@ozzidesign.eu Manufacturer of custom-made upholstered furniture Are you looking for a manufacturer of custom-made upholstered furniture who will carry out a project tailored to your needs? Contact OZZI Design. We design and manufacture designer [&hellip;]<\/p>\n","protected":false},"author":1,"featured_media":0,"parent":0,"menu_order":0,"comment_status":"closed","ping_status":"closed","template":"","meta":{"_acf_changed":false,"footnotes":""},"class_list":["post-395","page","type-page","status-publish","hentry"],"acf":[],"yoast_head":"<!-- This site is optimized with the Yoast SEO plugin v27.5 - https:\/\/yoast.com\/product\/yoast-seo-wordpress\/ -->\n<title>Contact Ozzi Design | Custom Upholstered Furniture Manufacturer<\/title>\n<meta name=\"description\" content=\"We manufacture upholstered furniture. Contact: Rzesz\u00f3w, ul. \u015awi\u0119toja\u0144ska 101, 35-304. PL +48 667 634 678, EN +48 721 506 234. shop@ozzidesign.eu\" \/>\n<meta name=\"robots\" content=\"index, follow, max-snippet:-1, max-image-preview:large, max-video-preview:-1\" \/>\n<link rel=\"canonical\" href=\"https:\/\/ozzidesign.eu\/en\/contact-us\/\" \/>\n<meta property=\"og:locale\" content=\"en_US\" \/>\n<meta property=\"og:type\" content=\"article\" \/>\n<meta property=\"og:title\" content=\"Contact Ozzi Design | Custom Upholstered Furniture Manufacturer\" \/>\n<meta property=\"og:description\" content=\"We manufacture upholstered furniture. Contact: Rzesz\u00f3w, ul. \u015awi\u0119toja\u0144ska 101, 35-304. PL +48 667 634 678, EN +48 721 506 234. shop@ozzidesign.eu\" \/>\n<meta property=\"og:url\" content=\"https:\/\/ozzidesign.eu\/en\/contact-us\/\" \/>\n<meta property=\"og:site_name\" content=\"Ozzi Design\" \/>\n<meta property=\"article:publisher\" content=\"https:\/\/www.facebook.com\/OzziDesignn\/\" \/>\n<meta property=\"article:modified_time\" content=\"2026-03-20T08:44:25+00:00\" \/>\n<meta property=\"og:image\" content=\"https:\/\/ozzidesign.eu\/wp-content\/uploads\/2026\/01\/O-nas.jpeg\" \/>\n\t<meta property=\"og:image:width\" content=\"1536\" \/>\n\t<meta property=\"og:image:height\" content=\"1024\" \/>\n\t<meta property=\"og:image:type\" content=\"image\/jpeg\" \/>\n<meta name=\"twitter:card\" content=\"summary_large_image\" \/>\n<meta name=\"twitter:label1\" content=\"Est. reading time\" \/>\n\t<meta name=\"twitter:data1\" content=\"1 minute\" \/>\n<script type=\"application\/ld+json\" class=\"yoast-schema-graph\">{\"@context\":\"https:\\\/\\\/schema.org\",\"@graph\":[{\"@type\":\"WebPage\",\"@id\":\"https:\\\/\\\/ozzidesign.eu\\\/en\\\/contact-us\\\/\",\"url\":\"https:\\\/\\\/ozzidesign.eu\\\/en\\\/contact-us\\\/\",\"name\":\"Contact Ozzi Design | Custom Upholstered Furniture Manufacturer\",\"isPartOf\":{\"@id\":\"https:\\\/\\\/ozzidesign.eu\\\/en\\\/#website\"},\"datePublished\":\"2026-01-05T08:33:57+00:00\",\"dateModified\":\"2026-03-20T08:44:25+00:00\",\"description\":\"We manufacture upholstered furniture. Contact: Rzesz\u00f3w, ul. \u015awi\u0119toja\u0144ska 101, 35-304. PL +48 667 634 678, EN +48 721 506 234. shop@ozzidesign.eu\",\"breadcrumb\":{\"@id\":\"https:\\\/\\\/ozzidesign.eu\\\/en\\\/contact-us\\\/#breadcrumb\"},\"inLanguage\":\"en-US\",\"potentialAction\":[{\"@type\":\"ReadAction\",\"target\":[\"https:\\\/\\\/ozzidesign.eu\\\/en\\\/contact-us\\\/\"]}]},{\"@type\":\"BreadcrumbList\",\"@id\":\"https:\\\/\\\/ozzidesign.eu\\\/en\\\/contact-us\\\/#breadcrumb\",\"itemListElement\":[{\"@type\":\"ListItem\",\"position\":1,\"name\":\"Strona g\u0142\u00f3wna\",\"item\":\"https:\\\/\\\/ozzidesign.eu\\\/en\\\/home\\\/\"},{\"@type\":\"ListItem\",\"position\":2,\"name\":\"Contact Us\"}]},{\"@type\":\"WebSite\",\"@id\":\"https:\\\/\\\/ozzidesign.eu\\\/en\\\/#website\",\"url\":\"https:\\\/\\\/ozzidesign.eu\\\/en\\\/\",\"name\":\"Ozzi Design\",\"description\":\"Upholstered furniture manufacturer\",\"publisher\":{\"@id\":\"https:\\\/\\\/ozzidesign.eu\\\/en\\\/#organization\"},\"alternateName\":\"Ozzi Design\",\"potentialAction\":[{\"@type\":\"SearchAction\",\"target\":{\"@type\":\"EntryPoint\",\"urlTemplate\":\"https:\\\/\\\/ozzidesign.eu\\\/en\\\/?s={search_term_string}\"},\"query-input\":{\"@type\":\"PropertyValueSpecification\",\"valueRequired\":true,\"valueName\":\"search_term_string\"}}],\"inLanguage\":\"en-US\"},{\"@type\":\"Organization\",\"@id\":\"https:\\\/\\\/ozzidesign.eu\\\/en\\\/#organization\",\"name\":\"Ozzi Design\",\"alternateName\":\"Ozzi Design\",\"url\":\"https:\\\/\\\/ozzidesign.eu\\\/en\\\/\",\"logo\":{\"@type\":\"ImageObject\",\"inLanguage\":\"en-US\",\"@id\":\"https:\\\/\\\/ozzidesign.eu\\\/en\\\/#\\\/schema\\\/logo\\\/image\\\/\",\"url\":\"https:\\\/\\\/ozzidesign.eu\\\/wp-content\\\/uploads\\\/2025\\\/12\\\/logo-favicon.jpg\",\"contentUrl\":\"https:\\\/\\\/ozzidesign.eu\\\/wp-content\\\/uploads\\\/2025\\\/12\\\/logo-favicon.jpg\",\"width\":500,\"height\":500,\"caption\":\"Ozzi Design\"},\"image\":{\"@id\":\"https:\\\/\\\/ozzidesign.eu\\\/en\\\/#\\\/schema\\\/logo\\\/image\\\/\"},\"sameAs\":[\"https:\\\/\\\/www.facebook.com\\\/OzziDesignn\\\/\",\"https:\\\/\\\/www.instagram.com\\\/ozzidesign_furniture\\\/\",\"https:\\\/\\\/www.youtube.com\\\/@Ozzidesign\\\/videos\",\"https:\\\/\\\/www.etsy.com\\\/pl\\\/shop\\\/OzziDesign\",\"https:\\\/\\\/pl.pinterest.com\\\/OzziDesigne\"]}]}<\/script>\n<!-- \/ Yoast SEO plugin. -->","yoast_head_json":{"title":"Contact Ozzi Design | Custom Upholstered Furniture Manufacturer","description":"We manufacture upholstered furniture. Contact: Rzesz\u00f3w, ul. \u015awi\u0119toja\u0144ska 101, 35-304. PL +48 667 634 678, EN +48 721 506 234. shop@ozzidesign.eu","robots":{"index":"index","follow":"follow","max-snippet":"max-snippet:-1","max-image-preview":"max-image-preview:large","max-video-preview":"max-video-preview:-1"},"canonical":"https:\/\/ozzidesign.eu\/en\/contact-us\/","og_locale":"en_US","og_type":"article","og_title":"Contact Ozzi Design | Custom Upholstered Furniture Manufacturer","og_description":"We manufacture upholstered furniture. Contact: Rzesz\u00f3w, ul. \u015awi\u0119toja\u0144ska 101, 35-304. PL +48 667 634 678, EN +48 721 506 234. shop@ozzidesign.eu","og_url":"https:\/\/ozzidesign.eu\/en\/contact-us\/","og_site_name":"Ozzi Design","article_publisher":"https:\/\/www.facebook.com\/OzziDesignn\/","article_modified_time":"2026-03-20T08:44:25+00:00","og_image":[{"width":1536,"height":1024,"url":"https:\/\/ozzidesign.eu\/wp-content\/uploads\/2026\/01\/O-nas.jpeg","type":"image\/jpeg"}],"twitter_card":"summary_large_image","twitter_misc":{"Est. reading time":"1 minute"},"schema":{"@context":"https:\/\/schema.org","@graph":[{"@type":"WebPage","@id":"https:\/\/ozzidesign.eu\/en\/contact-us\/","url":"https:\/\/ozzidesign.eu\/en\/contact-us\/","name":"Contact Ozzi Design | Custom Upholstered Furniture Manufacturer","isPartOf":{"@id":"https:\/\/ozzidesign.eu\/en\/#website"},"datePublished":"2026-01-05T08:33:57+00:00","dateModified":"2026-03-20T08:44:25+00:00","description":"We manufacture upholstered furniture. Contact: Rzesz\u00f3w, ul. \u015awi\u0119toja\u0144ska 101, 35-304. PL +48 667 634 678, EN +48 721 506 234. shop@ozzidesign.eu","breadcrumb":{"@id":"https:\/\/ozzidesign.eu\/en\/contact-us\/#breadcrumb"},"inLanguage":"en-US","potentialAction":[{"@type":"ReadAction","target":["https:\/\/ozzidesign.eu\/en\/contact-us\/"]}]},{"@type":"BreadcrumbList","@id":"https:\/\/ozzidesign.eu\/en\/contact-us\/#breadcrumb","itemListElement":[{"@type":"ListItem","position":1,"name":"Strona g\u0142\u00f3wna","item":"https:\/\/ozzidesign.eu\/en\/home\/"},{"@type":"ListItem","position":2,"name":"Contact Us"}]},{"@type":"WebSite","@id":"https:\/\/ozzidesign.eu\/en\/#website","url":"https:\/\/ozzidesign.eu\/en\/","name":"Ozzi Design","description":"Upholstered furniture manufacturer","publisher":{"@id":"https:\/\/ozzidesign.eu\/en\/#organization"},"alternateName":"Ozzi Design","potentialAction":[{"@type":"SearchAction","target":{"@type":"EntryPoint","urlTemplate":"https:\/\/ozzidesign.eu\/en\/?s={search_term_string}"},"query-input":{"@type":"PropertyValueSpecification","valueRequired":true,"valueName":"search_term_string"}}],"inLanguage":"en-US"},{"@type":"Organization","@id":"https:\/\/ozzidesign.eu\/en\/#organization","name":"Ozzi Design","alternateName":"Ozzi Design","url":"https:\/\/ozzidesign.eu\/en\/","logo":{"@type":"ImageObject","inLanguage":"en-US","@id":"https:\/\/ozzidesign.eu\/en\/#\/schema\/logo\/image\/","url":"https:\/\/ozzidesign.eu\/wp-content\/uploads\/2025\/12\/logo-favicon.jpg","contentUrl":"https:\/\/ozzidesign.eu\/wp-content\/uploads\/2025\/12\/logo-favicon.jpg","width":500,"height":500,"caption":"Ozzi Design"},"image":{"@id":"https:\/\/ozzidesign.eu\/en\/#\/schema\/logo\/image\/"},"sameAs":["https:\/\/www.facebook.com\/OzziDesignn\/","https:\/\/www.instagram.com\/ozzidesign_furniture\/","https:\/\/www.youtube.com\/@Ozzidesign\/videos","https:\/\/www.etsy.com\/pl\/shop\/OzziDesign","https:\/\/pl.pinterest.com\/OzziDesigne"]}]}},"_links":{"self":[{"href":"https:\/\/ozzidesign.eu\/en\/wp-json\/wp\/v2\/pages\/395","targetHints":{"allow":["GET"]}}],"collection":[{"href":"https:\/\/ozzidesign.eu\/en\/wp-json\/wp\/v2\/pages"}],"about":[{"href":"https:\/\/ozzidesign.eu\/en\/wp-json\/wp\/v2\/types\/page"}],"author":[{"embeddable":true,"href":"https:\/\/ozzidesign.eu\/en\/wp-json\/wp\/v2\/users\/1"}],"replies":[{"embeddable":true,"href":"https:\/\/ozzidesign.eu\/en\/wp-json\/wp\/v2\/comments?post=395"}],"version-history":[{"count":23,"href":"https:\/\/ozzidesign.eu\/en\/wp-json\/wp\/v2\/pages\/395\/revisions"}],"predecessor-version":[{"id":7560,"href":"https:\/\/ozzidesign.eu\/en\/wp-json\/wp\/v2\/pages\/395\/revisions\/7560"}],"wp:attachment":[{"href":"https:\/\/ozzidesign.eu\/en\/wp-json\/wp\/v2\/media?parent=395"}],"curies":[{"name":"wp","href":"https:\/\/api.w.org\/{rel}","templated":true}]}}